{"id":45107,"date":"2021-11-30T22:42:00","date_gmt":"2021-11-30T20:42:00","guid":{"rendered":"http:\/\/new.ceasuri.md\/shop\/uncategorized\/orient-sports-m-force-ra-ac0l04l00b\/"},"modified":"2026-05-01T17:02:08","modified_gmt":"2026-05-01T14:02:08","slug":"orient-sports-m-force-ra-ac0l04l00b","status":"publish","type":"product","link":"https:\/\/ceasuri.md\/ru\/shop\/branduri\/orient\/orient-sports-m-force-ra-ac0l04l00b\/","title":{"rendered":"\u0427\u0430\u0441\u044b ORIENT SPORTS M-FORCE RA-AC0L04L00B"},"content":{"rendered":"<p>Dup\u0103 o scurt\u0103 pauz\u0103, seria M-Force, cu performan\u021bele sale ultratehnologice \u0219i superioare, este din nou preg\u0103tit\u0103 pentru c\u0103l\u0103toria viitoare.<\/p>\n<p>Ceas b\u0103rb\u0103tesc rezistent la ap\u0103.<\/p>\n<p>Mi\u0219carea are 22 de bijuterii \u0219i bate la 21600 de vibra\u021bii pe or\u0103. Rezerv\u0103 de putere de 40 de ore. \u00cenf\u0103\u0219urare manual\u0103. Func\u021bie stop-secund\u0103.<\/p>\n<p>Marcaje sub form\u0103 de liniu\u021be \u0219i puncte. Markere \u0219i m\u00e2ini cu strat luminos care str\u0103lucesc \u00een \u00eentuneric dup\u0103 o scurt\u0103 \u00eenc\u0103rcare \u00een lumin\u0103. Fereastra datei este la ora 3.<\/p>\n<p>Luneta se rote\u0219te \u00eentr-o singur\u0103 direc\u021bie. Coroan\u0103 canelat\u0103 cu protec\u021bie. Rezistent la ap\u0103 WR 200. Curea cu cataram\u0103 clasic\u0103.<\/p>","protected":false},"excerpt":{"rendered":"<p>Dup\u0103 o scurt\u0103 pauz\u0103, seria M-Force, cu performan\u021bele sale ultratehnologice \u0219i superioare, este din nou preg\u0103tit\u0103 pentru c\u0103l\u0103toria viitoare. Ceas b\u0103rb\u0103tesc rezistent la ap\u0103. Mi\u0219carea are 22 de bijuterii \u0219i bate la 21600 de vibra\u021bii pe or\u0103. Rezerv\u0103 de putere de 40 de ore. \u00cenf\u0103\u0219urare manual\u0103. Func\u021bie stop-secund\u0103. Marcaje sub form\u0103 de liniu\u021be \u0219i puncte. [&hellip;]<\/p>\n","protected":false},"featured_media":45108,"comment_status":"closed","ping_status":"open","template":"","meta":{"_acf_changed":false},"product_brand":[],"product_cat":[20,596],"product_tag":[],"class_list":{"0":"post-45107","1":"product","2":"type-product","3":"status-publish","4":"has-post-thumbnail","6":"product_cat-ceasuri-barbati","7":"product_cat-orient","8":"pa_brand-orient","9":"pa_braslet-cauciuc","10":"pa_corpus-47-mm","11":"pa_forma-rotund","12":"pa_funcii-data","13":"pa_garatia-24-luni","14":"pa_korpus-argintiu","15":"pa_material-otel-inoxidabil","16":"pa_mehanizm-mecanic","17":"pa_mehanizm-mecanism-automatic","18":"pa_remeshok-negru","19":"pa_steklo-cristal-safir","20":"pa_strana-japonia","21":"pa_voda-20-atm","23":"first","24":"instock","25":"purchasable","26":"product-type-simple"},"acf":[],"_links":{"self":[{"href":"https:\/\/ceasuri.md\/ru\/wp-json\/wp\/v2\/product\/45107","targetHints":{"allow":["GET"]}}],"collection":[{"href":"https:\/\/ceasuri.md\/ru\/wp-json\/wp\/v2\/product"}],"about":[{"href":"https:\/\/ceasuri.md\/ru\/wp-json\/wp\/v2\/types\/product"}],"replies":[{"embeddable":true,"href":"https:\/\/ceasuri.md\/ru\/wp-json\/wp\/v2\/comments?post=45107"}],"wp:featuredmedia":[{"embeddable":true,"href":"https:\/\/ceasuri.md\/ru\/wp-json\/wp\/v2\/media\/45108"}],"wp:attachment":[{"href":"https:\/\/ceasuri.md\/ru\/wp-json\/wp\/v2\/media?parent=45107"}],"wp:term":[{"taxonomy":"product_brand","embeddable":true,"href":"https:\/\/ceasuri.md\/ru\/wp-json\/wp\/v2\/product_brand?post=45107"},{"taxonomy":"product_cat","embeddable":true,"href":"https:\/\/ceasuri.md\/ru\/wp-json\/wp\/v2\/product_cat?post=45107"},{"taxonomy":"product_tag","embeddable":true,"href":"https:\/\/ceasuri.md\/ru\/wp-json\/wp\/v2\/product_tag?post=45107"}],"curies":[{"name":"wp","href":"https:\/\/api.w.org\/{rel}","templated":true}]}}