{"id":45097,"date":"2021-11-30T22:42:00","date_gmt":"2021-11-30T20:42:00","guid":{"rendered":"http:\/\/new.ceasuri.md\/shop\/uncategorized\/orient-sports-m-force-ra-ac0n03e10b\/"},"modified":"2026-05-01T17:02:04","modified_gmt":"2026-05-01T14:02:04","slug":"orient-sports-m-force-ra-ac0n03e10b","status":"publish","type":"product","link":"https:\/\/ceasuri.md\/ru\/shop\/branduri\/orient\/orient-sports-m-force-ra-ac0n03e10b\/","title":{"rendered":"\u0427\u0430\u0441\u044b ORIENT SPORTS M-FORCE RA-AC0N03E10B"},"content":{"rendered":"<p>Mi\u0219care mecanic\u0103 cu \u00eenf\u0103\u0219urare automat\u0103. Mi\u0219carea are 22 de bijuterii. Rezerva de putere de 40 de ore.<\/p>\n<p>Rezistent la ap\u0103 WR 200.<\/p>\n<p>Func\u021bia de oprire a secundelor. Afi\u0219aj al datei \u00een pozi\u021bia de la ora trei. M\u00e2ini \u0219i markeri cu acoperire luminescent\u0103. Cadran verde cu markeri de ore cu accident vascular cerebral aplicat. Carcas\u0103 din o\u021bel inoxidabil. Diametrul carcasei este de 45 mm. Luneta rotativ\u0103 are func\u021bie de busol\u0103.<\/p>\n<p>Cristal de safir rezistent la deteriorare, cu strat anti-reflexie.<\/p>\n<p>Coroan\u0103 protejat\u0103. Curea textil\u0103 neagr\u0103.<\/p>","protected":false},"excerpt":{"rendered":"<p>Mi\u0219care mecanic\u0103 cu \u00eenf\u0103\u0219urare automat\u0103. Mi\u0219carea are 22 de bijuterii. Rezerva de putere de 40 de ore. Rezistent la ap\u0103 WR 200. Func\u021bia de oprire a secundelor. Afi\u0219aj al datei \u00een pozi\u021bia de la ora trei. M\u00e2ini \u0219i markeri cu acoperire luminescent\u0103. Cadran verde cu markeri de ore cu accident vascular cerebral aplicat. Carcas\u0103 din [&hellip;]<\/p>\n","protected":false},"featured_media":45098,"comment_status":"closed","ping_status":"open","template":"","meta":{"_acf_changed":false},"product_brand":[],"product_cat":[20,596],"product_tag":[],"class_list":{"0":"post-45097","1":"product","2":"type-product","3":"status-publish","4":"has-post-thumbnail","6":"product_cat-ceasuri-barbati","7":"product_cat-orient","8":"pa_brand-orient","9":"pa_braslet-textile","10":"pa_corpus-45-mm","11":"pa_forma-rotund","12":"pa_funcii-data","13":"pa_garatia-24-luni","14":"pa_korpus-argintiu","15":"pa_korpus-negru","16":"pa_material-otel-inoxidabil","17":"pa_mehanizm-mecanic","18":"pa_mehanizm-mecanism-automatic","19":"pa_remeshok-negru","20":"pa_steklo-cristal-safir","21":"pa_strana-japonia","22":"pa_voda-20-atm","24":"first","25":"instock","26":"purchasable","27":"product-type-simple"},"acf":[],"_links":{"self":[{"href":"https:\/\/ceasuri.md\/ru\/wp-json\/wp\/v2\/product\/45097","targetHints":{"allow":["GET"]}}],"collection":[{"href":"https:\/\/ceasuri.md\/ru\/wp-json\/wp\/v2\/product"}],"about":[{"href":"https:\/\/ceasuri.md\/ru\/wp-json\/wp\/v2\/types\/product"}],"replies":[{"embeddable":true,"href":"https:\/\/ceasuri.md\/ru\/wp-json\/wp\/v2\/comments?post=45097"}],"wp:featuredmedia":[{"embeddable":true,"href":"https:\/\/ceasuri.md\/ru\/wp-json\/wp\/v2\/media\/45098"}],"wp:attachment":[{"href":"https:\/\/ceasuri.md\/ru\/wp-json\/wp\/v2\/media?parent=45097"}],"wp:term":[{"taxonomy":"product_brand","embeddable":true,"href":"https:\/\/ceasuri.md\/ru\/wp-json\/wp\/v2\/product_brand?post=45097"},{"taxonomy":"product_cat","embeddable":true,"href":"https:\/\/ceasuri.md\/ru\/wp-json\/wp\/v2\/product_cat?post=45097"},{"taxonomy":"product_tag","embeddable":true,"href":"https:\/\/ceasuri.md\/ru\/wp-json\/wp\/v2\/product_tag?post=45097"}],"curies":[{"name":"wp","href":"https:\/\/api.w.org\/{rel}","templated":true}]}}