{"id":45093,"date":"2026-04-02T22:31:04","date_gmt":"2026-04-02T19:31:04","guid":{"rendered":"http:\/\/new.ceasuri.md\/shop\/uncategorized\/orient-automatic-ra-ak0401l30b\/"},"modified":"2026-04-07T04:12:57","modified_gmt":"2026-04-07T01:12:57","slug":"orient-automatic-ra-ak0401l30b","status":"publish","type":"product","link":"https:\/\/ceasuri.md\/ru\/shop\/branduri\/orient\/orient-automatic-ra-ak0401l30b\/","title":{"rendered":"Ceas ORIENT AUTOMATIC RA-AK0401L30B"},"content":{"rendered":"<p>ORIENT este un ceas clasic pentru b\u0103rba\u021bii moderni \u0219i elegan\u021bi.<\/p>\n<p>Modelul este finisat \u00eentr-o culoare argintie elegant\u0103. Elementele sunt confec\u021bionate din o\u021bel periat rezistent \u00een aceea\u0219i culoare.<\/p>\n<p>Cadranul albastru are indici argintii lumino\u0219i, cifre arabe mici, mini-indicatoare ale zilei, format de 24 de ore, fereastr\u0103 pentru dat\u0103 \u0219i m\u00e2ini.<\/p>\n<p>Sticla este una mineral\u0103 \u00eent\u0103rit\u0103.<\/p>\n<p>Mi\u0219carea de tip mecanic cu \u00eenf\u0103\u0219urare automat\u0103 asigur\u0103 o func\u021bionare super-precis\u0103 ceas.  Precizie de putere de +\/- 15 secunde pe zi.<\/p>\n<p>Rezisten\u021b\u0103 la ap\u0103 100m.<\/p>","protected":false},"excerpt":{"rendered":"<p>ORIENT este un ceas clasic pentru b\u0103rba\u021bii moderni \u0219i elegan\u021bi. Modelul este finisat \u00eentr-o culoare argintie elegant\u0103. Elementele sunt confec\u021bionate din o\u021bel periat rezistent \u00een aceea\u0219i culoare. Cadranul albastru are indici argintii lumino\u0219i, cifre arabe mici, mini-indicatoare ale zilei, format de 24 de ore, fereastr\u0103 pentru dat\u0103 \u0219i m\u00e2ini. Sticla este una mineral\u0103 \u00eent\u0103rit\u0103. Mi\u0219carea [&hellip;]<\/p>\n","protected":false},"featured_media":45094,"comment_status":"closed","ping_status":"open","template":"","meta":{"_acf_changed":false},"product_brand":[],"product_cat":[20,596],"product_tag":[],"class_list":{"0":"post-45093","1":"product","2":"type-product","3":"status-publish","4":"has-post-thumbnail","6":"product_cat-ceasuri-barbati","7":"product_cat-orient","8":"pa_brand-orient","9":"pa_braslet-otel-inoxidabil","10":"pa_corpus-43-mm","11":"pa_forma-rotund","12":"pa_funcii-data","13":"pa_garatia-24-luni","14":"pa_korpus-argintiu","15":"pa_material-otel-inoxidabil","16":"pa_mehanizm-mecanic","17":"pa_mehanizm-mecanism-automatic","18":"pa_remeshok-argintiu","19":"pa_steklo-cristal-mineral","20":"pa_strana-japonia","21":"pa_voda-10-atm","23":"first","24":"instock","25":"purchasable","26":"product-type-simple"},"acf":[],"_links":{"self":[{"href":"https:\/\/ceasuri.md\/ru\/wp-json\/wp\/v2\/product\/45093","targetHints":{"allow":["GET"]}}],"collection":[{"href":"https:\/\/ceasuri.md\/ru\/wp-json\/wp\/v2\/product"}],"about":[{"href":"https:\/\/ceasuri.md\/ru\/wp-json\/wp\/v2\/types\/product"}],"replies":[{"embeddable":true,"href":"https:\/\/ceasuri.md\/ru\/wp-json\/wp\/v2\/comments?post=45093"}],"wp:featuredmedia":[{"embeddable":true,"href":"https:\/\/ceasuri.md\/ru\/wp-json\/wp\/v2\/media\/45094"}],"wp:attachment":[{"href":"https:\/\/ceasuri.md\/ru\/wp-json\/wp\/v2\/media?parent=45093"}],"wp:term":[{"taxonomy":"product_brand","embeddable":true,"href":"https:\/\/ceasuri.md\/ru\/wp-json\/wp\/v2\/product_brand?post=45093"},{"taxonomy":"product_cat","embeddable":true,"href":"https:\/\/ceasuri.md\/ru\/wp-json\/wp\/v2\/product_cat?post=45093"},{"taxonomy":"product_tag","embeddable":true,"href":"https:\/\/ceasuri.md\/ru\/wp-json\/wp\/v2\/product_tag?post=45093"}],"curies":[{"name":"wp","href":"https:\/\/api.w.org\/{rel}","templated":true}]}}