{"id":45088,"date":"2026-04-02T22:31:04","date_gmt":"2026-04-02T19:31:04","guid":{"rendered":"http:\/\/new.ceasuri.md\/shop\/uncategorized\/orient-sports-ra-ar0201b10b\/"},"modified":"2026-04-20T00:35:40","modified_gmt":"2026-04-19T21:35:40","slug":"orient-sports-ra-ar0201b10b","status":"publish","type":"product","link":"https:\/\/ceasuri.md\/ru\/shop\/branduri\/orient\/orient-sports-ra-ar0201b10b\/","title":{"rendered":"\u0427\u0430\u0441\u044b ORIENT SPORTS RA-AR0201B10B"},"content":{"rendered":"<p>Un ceas b\u0103rb\u0103tesc cu un design elegant care aminte\u0219te de aparatele foto din anii 1950. Acest model a fost creat cu ocazia celei de-a 70-a anivers\u0103ri a m\u0103rcii. Denumit &#8222;The Retro Future Camera&#8221;, acest model combin\u0103 func\u021bionalitatea unui ceas mecanic cu elemente de design foarte originale.<\/p>\n<p>Noile modele din colec\u021bia Revival Collection aduc o \u00eentors\u0103tur\u0103 modern\u0103 ceasului original, lansat \u00een 2005 \u0219i \u00eenc\u0103 un mare succes printre fanii din \u00eentreaga lume.<\/p>\n<p>Motorizat de calibrul automat F6S22, 22 de bijuterii, 21.600 de vibra\u021bii pe or\u0103, cu op\u021biune de \u00eenf\u0103\u0219urare manual\u0103.<\/p>\n<p>Carcasa din o\u021bel inoxidabil cu diametrul de 41 mm are o grosime de 13 mm, cu un spate transparent \u0219i o fereastr\u0103 de balans deschis\u0103 pe cadran.<\/p>\n<p>Modelul este completat de o br\u0103\u021bar\u0103 realizat\u0103 din verigi mobile din o\u021bel inoxidabil turnat.<\/p>\n<p>Este rezistent la ap\u0103 p\u00e2n\u0103 la 5 atmosfere, nu este permis contactul prelungit cu apa.<\/p>","protected":false},"excerpt":{"rendered":"<p>Un ceas b\u0103rb\u0103tesc cu un design elegant care aminte\u0219te de aparatele foto din anii 1950. Acest model a fost creat cu ocazia celei de-a 70-a anivers\u0103ri a m\u0103rcii. Denumit &#8222;The Retro Future Camera&#8221;, acest model combin\u0103 func\u021bionalitatea unui ceas mecanic cu elemente de design foarte originale. Noile modele din colec\u021bia Revival Collection aduc o \u00eentors\u0103tur\u0103 [&hellip;]<\/p>\n","protected":false},"featured_media":45089,"comment_status":"closed","ping_status":"open","template":"","meta":{"_acf_changed":false},"product_brand":[],"product_cat":[20,596],"product_tag":[],"class_list":{"0":"post-45088","1":"product","2":"type-product","3":"status-publish","4":"has-post-thumbnail","6":"product_cat-ceasuri-barbati","7":"product_cat-orient","8":"pa_brand-orient","9":"pa_braslet-otel-inoxidabil","10":"pa_corpus-41-mm","11":"pa_forma-rotund","12":"pa_funcii-limited-edition","13":"pa_funcii-offset-second-hand","14":"pa_funcii-semischelet","15":"pa_garatia-24-luni","16":"pa_korpus-argintiu","17":"pa_material-otel-inoxidabil","18":"pa_mehanizm-mecanic","19":"pa_mehanizm-mecanism-automatic","20":"pa_remeshok-argintiu","21":"pa_steklo-cristal-mineral","22":"pa_strana-japonia","23":"pa_voda-5-atm","25":"first","26":"instock","27":"purchasable","28":"product-type-simple"},"acf":[],"_links":{"self":[{"href":"https:\/\/ceasuri.md\/ru\/wp-json\/wp\/v2\/product\/45088","targetHints":{"allow":["GET"]}}],"collection":[{"href":"https:\/\/ceasuri.md\/ru\/wp-json\/wp\/v2\/product"}],"about":[{"href":"https:\/\/ceasuri.md\/ru\/wp-json\/wp\/v2\/types\/product"}],"replies":[{"embeddable":true,"href":"https:\/\/ceasuri.md\/ru\/wp-json\/wp\/v2\/comments?post=45088"}],"wp:featuredmedia":[{"embeddable":true,"href":"https:\/\/ceasuri.md\/ru\/wp-json\/wp\/v2\/media\/45089"}],"wp:attachment":[{"href":"https:\/\/ceasuri.md\/ru\/wp-json\/wp\/v2\/media?parent=45088"}],"wp:term":[{"taxonomy":"product_brand","embeddable":true,"href":"https:\/\/ceasuri.md\/ru\/wp-json\/wp\/v2\/product_brand?post=45088"},{"taxonomy":"product_cat","embeddable":true,"href":"https:\/\/ceasuri.md\/ru\/wp-json\/wp\/v2\/product_cat?post=45088"},{"taxonomy":"product_tag","embeddable":true,"href":"https:\/\/ceasuri.md\/ru\/wp-json\/wp\/v2\/product_tag?post=45088"}],"curies":[{"name":"wp","href":"https:\/\/api.w.org\/{rel}","templated":true}]}}