{"id":45082,"date":"2026-04-02T22:31:04","date_gmt":"2026-04-02T19:31:04","guid":{"rendered":"http:\/\/new.ceasuri.md\/shop\/uncategorized\/orient-contemporary-ra-ba0002e30b\/"},"modified":"2026-04-20T00:35:41","modified_gmt":"2026-04-19T21:35:41","slug":"orient-contemporary-ra-ba0002e30b","status":"publish","type":"product","link":"https:\/\/ceasuri.md\/ru\/shop\/branduri\/orient\/orient-contemporary-ra-ba0002e30b\/","title":{"rendered":"\u0427\u0430\u0441\u044b ORIENT CONTEMPORARY RA-BA0002E30B"},"content":{"rendered":"<p>Ceas mecanic automat pentru b\u0103rba\u021bi. Rezerva de putere de 40 de ore.<\/p>\n<p>Multi-calendar: data, ziua s\u0103pt\u0103m\u00e2nii, luna, anul.<\/p>\n<p>Cadran verde.<\/p>\n<p>Carcas\u0103 rotund\u0103 din o\u021bel inoxidabil. Diametrul carcasei este de 43,5 mm.<\/p>\n<p>Br\u0103\u021bar\u0103 din o\u021bel, \u00eenchidere cu sistem de \u00eenchidere.<\/p>\n<p>Sticl\u0103 mineral\u0103 robust\u0103, rezistent\u0103 la deterior\u0103ri mecanice minore.<\/p>\n<p>Rezistent la ap\u0103 WR 50.<\/p>","protected":false},"excerpt":{"rendered":"<p>Ceas mecanic automat pentru b\u0103rba\u021bi. Rezerva de putere de 40 de ore. Multi-calendar: data, ziua s\u0103pt\u0103m\u00e2nii, luna, anul. Cadran verde. Carcas\u0103 rotund\u0103 din o\u021bel inoxidabil. Diametrul carcasei este de 43,5 mm. Br\u0103\u021bar\u0103 din o\u021bel, \u00eenchidere cu sistem de \u00eenchidere. Sticl\u0103 mineral\u0103 robust\u0103, rezistent\u0103 la deterior\u0103ri mecanice minore. Rezistent la ap\u0103 WR 50.<\/p>","protected":false},"featured_media":45083,"comment_status":"closed","ping_status":"open","template":"","meta":{"_acf_changed":false},"product_brand":[],"product_cat":[20,596],"product_tag":[],"class_list":{"0":"post-45082","1":"product","2":"type-product","3":"status-publish","4":"has-post-thumbnail","6":"product_cat-ceasuri-barbati","7":"product_cat-orient","8":"pa_brand-orient","9":"pa_braslet-otel-inoxidabil","10":"pa_corpus-44-mm","11":"pa_forma-rotund","12":"pa_funcii-calendarul-etern","13":"pa_funcii-data","14":"pa_garatia-24-luni","15":"pa_korpus-argintiu","16":"pa_material-otel-inoxidabil","17":"pa_mehanizm-mecanic","18":"pa_mehanizm-mecanism-automatic","19":"pa_remeshok-argintiu","20":"pa_steklo-cristal-mineral","21":"pa_strana-japonia","22":"pa_voda-5-atm","24":"first","25":"instock","26":"purchasable","27":"product-type-simple"},"acf":[],"_links":{"self":[{"href":"https:\/\/ceasuri.md\/ru\/wp-json\/wp\/v2\/product\/45082","targetHints":{"allow":["GET"]}}],"collection":[{"href":"https:\/\/ceasuri.md\/ru\/wp-json\/wp\/v2\/product"}],"about":[{"href":"https:\/\/ceasuri.md\/ru\/wp-json\/wp\/v2\/types\/product"}],"replies":[{"embeddable":true,"href":"https:\/\/ceasuri.md\/ru\/wp-json\/wp\/v2\/comments?post=45082"}],"wp:featuredmedia":[{"embeddable":true,"href":"https:\/\/ceasuri.md\/ru\/wp-json\/wp\/v2\/media\/45083"}],"wp:attachment":[{"href":"https:\/\/ceasuri.md\/ru\/wp-json\/wp\/v2\/media?parent=45082"}],"wp:term":[{"taxonomy":"product_brand","embeddable":true,"href":"https:\/\/ceasuri.md\/ru\/wp-json\/wp\/v2\/product_brand?post=45082"},{"taxonomy":"product_cat","embeddable":true,"href":"https:\/\/ceasuri.md\/ru\/wp-json\/wp\/v2\/product_cat?post=45082"},{"taxonomy":"product_tag","embeddable":true,"href":"https:\/\/ceasuri.md\/ru\/wp-json\/wp\/v2\/product_tag?post=45082"}],"curies":[{"name":"wp","href":"https:\/\/api.w.org\/{rel}","templated":true}]}}