{"id":45077,"date":"2026-04-02T22:31:04","date_gmt":"2026-04-02T19:31:04","guid":{"rendered":"http:\/\/new.ceasuri.md\/shop\/uncategorized\/orient-contemporary-ra-nr2004s10b\/"},"modified":"2026-04-07T04:12:55","modified_gmt":"2026-04-07T01:12:55","slug":"orient-contemporary-ra-nr2004s10b","status":"publish","type":"product","link":"https:\/\/ceasuri.md\/ru\/shop\/branduri\/orient\/orient-contemporary-ra-nr2004s10b\/","title":{"rendered":"Ceas ORIENT CONTEMPORARY RA-NR2004S10B"},"content":{"rendered":"<p>Carcasa este realizat\u0103 din o\u021bel hipoalergenic argintiu \u0219i aur roz pe lunet\u0103 \u0219i coroan\u0103. Carcasa ceasului are o form\u0103 rotund\u0103 tradi\u021bional\u0103, cu un luneta sub\u021bire \u0219i urechi clasice.<\/p>\n<p>Fundul carcasei este transparent.<\/p>\n<p>Cristalul de safir.<\/p>\n<p>Tipul de mi\u0219care automat\u0103 v\u0103 va \u00eenc\u00e2nta cu o func\u021bionare excelent\u0103 \u0219i precis\u0103.<\/p>\n<p>Cadranul alb, cu cifre romane aplicate \u00een roz, indici \u0219i m\u00e2ini fine \u0219i fereastr\u0103 pentru dat\u0103, are un aspect foarte elegant.<\/p>\n<p>Rezistent la ap\u0103 50m.<\/p>\n<p>Curea din piele, gofrat\u0103, de culoare maro. Cataram\u0103 din o\u021bel, de culoare argintie.<\/p>","protected":false},"excerpt":{"rendered":"<p>Carcasa este realizat\u0103 din o\u021bel hipoalergenic argintiu \u0219i aur roz pe lunet\u0103 \u0219i coroan\u0103. Carcasa ceasului are o form\u0103 rotund\u0103 tradi\u021bional\u0103, cu un luneta sub\u021bire \u0219i urechi clasice. Fundul carcasei este transparent. Cristalul de safir. Tipul de mi\u0219care automat\u0103 v\u0103 va \u00eenc\u00e2nta cu o func\u021bionare excelent\u0103 \u0219i precis\u0103. Cadranul alb, cu cifre romane aplicate \u00een [&hellip;]<\/p>\n","protected":false},"featured_media":45078,"comment_status":"closed","ping_status":"open","template":"","meta":{"_acf_changed":false},"product_brand":[],"product_cat":[25,596],"product_tag":[],"class_list":{"0":"post-45077","1":"product","2":"type-product","3":"status-publish","4":"has-post-thumbnail","6":"product_cat-ceasuri-dama","7":"product_cat-orient","8":"pa_brand-orient","9":"pa_braslet-piele","10":"pa_corpus-32-mm","11":"pa_forma-rotund","12":"pa_funcii-data","13":"pa_garatia-24-luni","14":"pa_korpus-bicolor","15":"pa_material-otel-inoxidabil","16":"pa_mehanizm-mecanic","17":"pa_mehanizm-mecanism-automatic","18":"pa_remeshok-maro","19":"pa_steklo-cristal-safir","20":"pa_strana-japonia","21":"pa_voda-5-atm","23":"first","24":"instock","25":"purchasable","26":"product-type-simple"},"acf":[],"_links":{"self":[{"href":"https:\/\/ceasuri.md\/ru\/wp-json\/wp\/v2\/product\/45077","targetHints":{"allow":["GET"]}}],"collection":[{"href":"https:\/\/ceasuri.md\/ru\/wp-json\/wp\/v2\/product"}],"about":[{"href":"https:\/\/ceasuri.md\/ru\/wp-json\/wp\/v2\/types\/product"}],"replies":[{"embeddable":true,"href":"https:\/\/ceasuri.md\/ru\/wp-json\/wp\/v2\/comments?post=45077"}],"wp:featuredmedia":[{"embeddable":true,"href":"https:\/\/ceasuri.md\/ru\/wp-json\/wp\/v2\/media\/45078"}],"wp:attachment":[{"href":"https:\/\/ceasuri.md\/ru\/wp-json\/wp\/v2\/media?parent=45077"}],"wp:term":[{"taxonomy":"product_brand","embeddable":true,"href":"https:\/\/ceasuri.md\/ru\/wp-json\/wp\/v2\/product_brand?post=45077"},{"taxonomy":"product_cat","embeddable":true,"href":"https:\/\/ceasuri.md\/ru\/wp-json\/wp\/v2\/product_cat?post=45077"},{"taxonomy":"product_tag","embeddable":true,"href":"https:\/\/ceasuri.md\/ru\/wp-json\/wp\/v2\/product_tag?post=45077"}],"curies":[{"name":"wp","href":"https:\/\/api.w.org\/{rel}","templated":true}]}}