{"id":45069,"date":"2026-04-02T22:31:04","date_gmt":"2026-04-02T19:31:04","guid":{"rendered":"http:\/\/new.ceasuri.md\/shop\/uncategorized\/casio-g-shock-gw-m5610u-1er\/"},"modified":"2026-04-20T00:08:36","modified_gmt":"2026-04-19T21:08:36","slug":"casio-g-shock-gw-m5610u-1er","status":"publish","type":"product","link":"https:\/\/ceasuri.md\/ru\/shop\/branduri\/casio\/casio-g-shock-gw-m5610u-1er\/","title":{"rendered":"Ceas CASIO G-SHOCK GW-M5610U-1ER"},"content":{"rendered":"<p>Fiecare ceas G-Shock respect\u0103 un standard stabilit de durabilitate, iar acest ceas nu face excep\u021bie.<\/p>\n<p>Alimentat cu energie solar\u0103 Tough Solar &#8211; panouri solare de mare putere, indicator de \u00eenc\u0103rcare a bateriei. Func\u021bia de economisire automat\u0103 a energiei (dezactiveaz\u0103 afi\u0219ajul LCD). Durata de viata a bateriei fara reincarcare &#8211; 10 luni, cu functia de economisire a energiei &#8211; 22 luni.<\/p>\n<p>Carcasa rezistenta la socuri protejeaza mecanismul de socuri si vibratii. O lumin\u0103 de fundal electroluminiscent\u0103 lumineaz\u0103 \u00eentreg cadranul. Iluminarea de fundal se aprinde c\u00e2nd nu exist\u0103 suficient\u0103 lumin\u0103 \u0219i se stinge c\u00e2nd este suficient\u0103 lumin\u0103. Culoare iluminare: alb.<\/p>\n<p>Format de or\u0103 de 12 \u0219i 24 de ore. Cronometru cu o precizie de 1\/100s \u0219i un timp de m\u0103surare de 24 de ore. Cronometru cu num\u0103r\u0103toare invers\u0103 de la 1 minut la 24 de ore.<\/p>\n<p>Tehnologia Multi Band 6 v\u0103 permite s\u0103 primi\u021bi semnale de la \u0219ase turnuri radio situate \u00een diferite p\u0103r\u021bi ale globului, care transmit semnale de timp de la anumite ceasuri atomice. Corectarea orei curente printr-un semnal radio pe teritoriul aproape \u00eentregii Europe, SUA, Japonia \u0219i China.<\/p>\n<p>Ora mondial\u0103 &#8211; 48 de ora\u0219e (29 de fusuri orare), ora universal\u0103 coordonat\u0103 (UTC). Posibilitatea de a selecta p\u00e2n\u0103 la 5 ora\u0219e ca favorite \u00een WorldTime.<\/p>\n<p>Afi\u0219area zilelor s\u0103pt\u0103m\u00e2nii \u00een \u0219ase limbi, inclusiv rus\u0103. Func\u021bie pornire\/oprire sunet.<\/p>\n<p>Rezistenta la apa 200m (conform ISO 2281). Curea cu \u00eenchiz\u0103toare clasic\u0103.<\/p>","protected":false},"excerpt":{"rendered":"<p>Fiecare ceas G-Shock respect\u0103 un standard stabilit de durabilitate, iar acest ceas nu face excep\u021bie. Alimentat cu energie solar\u0103 Tough Solar &#8211; panouri solare de mare putere, indicator de \u00eenc\u0103rcare a bateriei. Func\u021bia de economisire automat\u0103 a energiei (dezactiveaz\u0103 afi\u0219ajul LCD). Durata de viata a bateriei fara reincarcare &#8211; 10 luni, cu functia de economisire [&hellip;]<\/p>\n","protected":false},"featured_media":45070,"comment_status":"closed","ping_status":"open","template":"","meta":{"_acf_changed":false},"product_brand":[],"product_cat":[27,20,419],"product_tag":[],"class_list":{"0":"post-45069","1":"product","2":"type-product","3":"status-publish","4":"has-post-thumbnail","6":"product_cat-casio","7":"product_cat-ceasuri-barbati","8":"product_cat-g-shock","9":"pa_brand-casio","10":"pa_brand-g-shock","11":"pa_braslet-plastic","12":"pa_corpus-43x47mm","13":"pa_forma-octogonala","14":"pa_funcii-alarma","15":"pa_funcii-calendar","16":"pa_funcii-cronometru","17":"pa_funcii-iluminare","18":"pa_funcii-rezerva-de-energie","19":"pa_funcii-timp-mondial","20":"pa_garatia-24-luni","21":"pa_korpus-negru","22":"pa_kvarc-quartz","23":"pa_material-plastic","24":"pa_mehanizm-baterie-solara","25":"pa_remeshok-negru","26":"pa_steklo-cristal-mineral","27":"pa_strana-japonia","28":"pa_voda-20-atm","30":"first","31":"instock","32":"purchasable","33":"product-type-simple"},"acf":[],"_links":{"self":[{"href":"https:\/\/ceasuri.md\/ru\/wp-json\/wp\/v2\/product\/45069","targetHints":{"allow":["GET"]}}],"collection":[{"href":"https:\/\/ceasuri.md\/ru\/wp-json\/wp\/v2\/product"}],"about":[{"href":"https:\/\/ceasuri.md\/ru\/wp-json\/wp\/v2\/types\/product"}],"replies":[{"embeddable":true,"href":"https:\/\/ceasuri.md\/ru\/wp-json\/wp\/v2\/comments?post=45069"}],"wp:featuredmedia":[{"embeddable":true,"href":"https:\/\/ceasuri.md\/ru\/wp-json\/wp\/v2\/media\/45070"}],"wp:attachment":[{"href":"https:\/\/ceasuri.md\/ru\/wp-json\/wp\/v2\/media?parent=45069"}],"wp:term":[{"taxonomy":"product_brand","embeddable":true,"href":"https:\/\/ceasuri.md\/ru\/wp-json\/wp\/v2\/product_brand?post=45069"},{"taxonomy":"product_cat","embeddable":true,"href":"https:\/\/ceasuri.md\/ru\/wp-json\/wp\/v2\/product_cat?post=45069"},{"taxonomy":"product_tag","embeddable":true,"href":"https:\/\/ceasuri.md\/ru\/wp-json\/wp\/v2\/product_tag?post=45069"}],"curies":[{"name":"wp","href":"https:\/\/api.w.org\/{rel}","templated":true}]}}