{"id":45059,"date":"2026-04-02T22:31:04","date_gmt":"2026-04-02T19:31:04","guid":{"rendered":"http:\/\/new.ceasuri.md\/shop\/uncategorized\/casio-g-shock-gw-7900b-1er\/"},"modified":"2026-04-20T00:08:31","modified_gmt":"2026-04-19T21:08:31","slug":"casio-g-shock-gw-7900b-1er","status":"publish","type":"product","link":"https:\/\/ceasuri.md\/ru\/shop\/branduri\/casio\/casio-g-shock-gw-7900b-1er\/","title":{"rendered":"\u0427\u0430\u0441\u044b CASIO G-SHOCK GW-7900B-1ER"},"content":{"rendered":"<p>\u00cen c\u0103utarea continu\u0103 a rezisten\u021bei \u0219i a tehnologiei, G-Shock introduce o ad\u0103ugire Solar Atomic la seria G-Rescue, rezistent\u0103 \u0219i robust\u0103.<\/p>\n<p>Deja emblematic pentru designul s\u0103u cu patru puncte de protec\u021bie, carcasa mare, butoanele supradimensionate, graficele de maree \u0219i lun\u0103, acest nou model p\u0103streaz\u0103 aceea\u0219i filozofie de design care permite o func\u021bionalitate \u0219i operabilitate ridicat\u0103, \u00een cele mai dure condi\u021bii, chiar \u0219i \u00een timp ce se poart\u0103 m\u0103nu\u0219i.<\/p>\n<p>Cu coloritul s\u0103u monoton, gri IP \u0219i designul benzii de deschidere, aceast\u0103 nou\u0103 adi\u021bie la seria G-Rescue nu numai c\u0103 arat\u0103 dur, dar este \u0219i foarte confortabil de purtat.<\/p>","protected":false},"excerpt":{"rendered":"<p>\u00cen c\u0103utarea continu\u0103 a rezisten\u021bei \u0219i a tehnologiei, G-Shock introduce o ad\u0103ugire Solar Atomic la seria G-Rescue, rezistent\u0103 \u0219i robust\u0103. Deja emblematic pentru designul s\u0103u cu patru puncte de protec\u021bie, carcasa mare, butoanele supradimensionate, graficele de maree \u0219i lun\u0103, acest nou model p\u0103streaz\u0103 aceea\u0219i filozofie de design care permite o func\u021bionalitate \u0219i operabilitate ridicat\u0103, \u00een [&hellip;]<\/p>\n","protected":false},"featured_media":45060,"comment_status":"closed","ping_status":"open","template":"","meta":{"_acf_changed":false},"product_brand":[],"product_cat":[27,20,419],"product_tag":[],"class_list":{"0":"post-45059","1":"product","2":"type-product","3":"status-publish","4":"has-post-thumbnail","6":"product_cat-casio","7":"product_cat-ceasuri-barbati","8":"product_cat-g-shock","9":"pa_brand-casio","10":"pa_brand-g-shock","11":"pa_braslet-plastic","12":"pa_corpus-50-mm","13":"pa_forma-rotund","14":"pa_funcii-alarma","15":"pa_funcii-calendar","16":"pa_funcii-cronometru","17":"pa_funcii-fazele-lunii","18":"pa_funcii-iluminare","19":"pa_funcii-rezerva-de-energie","20":"pa_funcii-timp-mondial","21":"pa_funcii-total-black","22":"pa_garatia-24-luni","23":"pa_korpus-negru","24":"pa_kvarc-quartz","25":"pa_material-plastic","26":"pa_mehanizm-baterie-solara","27":"pa_remeshok-negru","28":"pa_steklo-cristal-mineral","29":"pa_strana-japonia","30":"pa_voda-20-atm","32":"first","33":"instock","34":"purchasable","35":"product-type-simple"},"acf":[],"_links":{"self":[{"href":"https:\/\/ceasuri.md\/ru\/wp-json\/wp\/v2\/product\/45059","targetHints":{"allow":["GET"]}}],"collection":[{"href":"https:\/\/ceasuri.md\/ru\/wp-json\/wp\/v2\/product"}],"about":[{"href":"https:\/\/ceasuri.md\/ru\/wp-json\/wp\/v2\/types\/product"}],"replies":[{"embeddable":true,"href":"https:\/\/ceasuri.md\/ru\/wp-json\/wp\/v2\/comments?post=45059"}],"wp:featuredmedia":[{"embeddable":true,"href":"https:\/\/ceasuri.md\/ru\/wp-json\/wp\/v2\/media\/45060"}],"wp:attachment":[{"href":"https:\/\/ceasuri.md\/ru\/wp-json\/wp\/v2\/media?parent=45059"}],"wp:term":[{"taxonomy":"product_brand","embeddable":true,"href":"https:\/\/ceasuri.md\/ru\/wp-json\/wp\/v2\/product_brand?post=45059"},{"taxonomy":"product_cat","embeddable":true,"href":"https:\/\/ceasuri.md\/ru\/wp-json\/wp\/v2\/product_cat?post=45059"},{"taxonomy":"product_tag","embeddable":true,"href":"https:\/\/ceasuri.md\/ru\/wp-json\/wp\/v2\/product_tag?post=45059"}],"curies":[{"name":"wp","href":"https:\/\/api.w.org\/{rel}","templated":true}]}}