{"id":45056,"date":"2026-04-02T22:31:04","date_gmt":"2026-04-02T19:31:04","guid":{"rendered":"http:\/\/new.ceasuri.md\/shop\/uncategorized\/casio-g-shock-gbd-800uc-5er\/"},"modified":"2026-04-20T00:08:07","modified_gmt":"2026-04-19T21:08:07","slug":"casio-g-shock-gbd-800uc-5er","status":"publish","type":"product","link":"https:\/\/ceasuri.md\/ru\/shop\/branduri\/casio\/casio-g-shock-gbd-800uc-5er\/","title":{"rendered":"Ceas CASIO G-SHOCK GBD-800UC-5ER"},"content":{"rendered":"<p>Un ceas multifunc\u021bional cu un design elegant este alegerea celor activi \u0219i cu scop. G-SQUAD. Modelele din aceast\u0103 serie sunt echipate cu afi\u0219aje digitale cu mai multe segmente pentru o lizibilitate \u00eembun\u0103t\u0103\u021bit\u0103.<\/p>\n<p>Afi\u0219ajul digital este \u00eemp\u0103r\u021bit \u00een sec\u021biuni superioare \u0219i inferioare, \u00een col\u021bul din dreapta sus exist\u0103 un cadran digital. Fiecare zon\u0103 de afi\u0219are afi\u0219eaz\u0103 diferite m\u0103sur\u0103tori, timpi \u0219i alte informa\u021bii care ofer\u0103 informa\u021bii utile asupra activit\u0103\u021bilor tale zilnice.<\/p>\n<p>Iluminare automat\u0103 cu LED &#8211; c\u00e2nd \u00eentorci ceasul spre fa\u021b\u0103, afi\u0219ajul este iluminat automat. Culoare iluminare: alb.<\/p>\n<p>Accelerometrul cu 3 axe \u00eencepe automat num\u0103rarea pa\u0219ilor atunci c\u00e2nd \u00eencepe\u021bi s\u0103 alerga\u021bi sau s\u0103 participa\u021bi la alte activit\u0103\u021bi \u00een timp ce purta\u021bi ceasul. Memento sonor de inactivitate \u0219i atingerea obiectivelor.<\/p>\n<p>Tehnologie wireless Bluetooth\u00ae 4.0 cu energie ultra sc\u0103zut\u0103 pentru sincronizarea smartphone-ului. Aplica\u021bia G-SHOCK Connected Phone v\u0103 permite s\u0103 seta\u021bi parametrii pentru jurnalul contor de pa\u0219i cu cinci niveluri de intensitate a exerci\u021biului, s\u0103 calcula\u021bi caloriile arse \u0219i pa\u0219ii.<\/p>\n<p>C\u00e2nd este conectat la un smartphone, ceasul regleaz\u0103 ora curent\u0103 de 4 ori pe zi \u0219i, de asemenea copia\u021bi set\u0103rile de ora mondial\u0103. Ora lumii &#8211; 300 de ora\u0219e. Afi\u0219are simultan\u0103 a orei curente \u00een dou\u0103 fusuri orare diferite.<\/p>\n<p>Format de or\u0103 de 12 \u0219i 24 de ore. Cronometru cu dou\u0103 precizie de citire: 1\/100s (\u00eenainte de 1 or\u0103) \u0219i 1 s (dup\u0103 1 or\u0103) \u0219i un timp de m\u0103surare de 24 ore. Cronometru cu num\u0103r\u0103toare invers\u0103 de la 1 minut la 1 or\u0103 cu repetare automat\u0103.<\/p>\n<p>Func\u021bia de c\u0103utare a telefonului. Func\u021bia de dezactivare\/activare sunet.<\/p>","protected":false},"excerpt":{"rendered":"<p>Un ceas multifunc\u021bional cu un design elegant este alegerea celor activi \u0219i cu scop. G-SQUAD. Modelele din aceast\u0103 serie sunt echipate cu afi\u0219aje digitale cu mai multe segmente pentru o lizibilitate \u00eembun\u0103t\u0103\u021bit\u0103. Afi\u0219ajul digital este \u00eemp\u0103r\u021bit \u00een sec\u021biuni superioare \u0219i inferioare, \u00een col\u021bul din dreapta sus exist\u0103 un cadran digital. Fiecare zon\u0103 de afi\u0219are afi\u0219eaz\u0103 [&hellip;]<\/p>\n","protected":false},"featured_media":45057,"comment_status":"closed","ping_status":"open","template":"","meta":{"_acf_changed":false},"product_brand":[],"product_cat":[27,20,419],"product_tag":[],"class_list":{"0":"post-45056","1":"product","2":"type-product","3":"status-publish","4":"has-post-thumbnail","6":"product_cat-casio","7":"product_cat-ceasuri-barbati","8":"product_cat-g-shock","9":"pa_brand-casio","10":"pa_brand-g-shock","11":"pa_braslet-plastic","12":"pa_corpus-49-mm","13":"pa_forma-rotund","14":"pa_funcii-alarma","15":"pa_funcii-bluetooth-smart","16":"pa_funcii-calendar","17":"pa_funcii-cronometru","18":"pa_funcii-dual-time","19":"pa_funcii-iluminare","20":"pa_funcii-pedometru","21":"pa_garatia-24-luni","22":"pa_korpus-bej","23":"pa_kvarc-quartz","24":"pa_material-plastic","25":"pa_mehanizm-quartz","26":"pa_remeshok-bej","27":"pa_steklo-cristal-mineral","28":"pa_strana-japonia","29":"pa_voda-20-atm","31":"first","32":"instock","33":"purchasable","34":"product-type-simple"},"acf":[],"_links":{"self":[{"href":"https:\/\/ceasuri.md\/ru\/wp-json\/wp\/v2\/product\/45056","targetHints":{"allow":["GET"]}}],"collection":[{"href":"https:\/\/ceasuri.md\/ru\/wp-json\/wp\/v2\/product"}],"about":[{"href":"https:\/\/ceasuri.md\/ru\/wp-json\/wp\/v2\/types\/product"}],"replies":[{"embeddable":true,"href":"https:\/\/ceasuri.md\/ru\/wp-json\/wp\/v2\/comments?post=45056"}],"wp:featuredmedia":[{"embeddable":true,"href":"https:\/\/ceasuri.md\/ru\/wp-json\/wp\/v2\/media\/45057"}],"wp:attachment":[{"href":"https:\/\/ceasuri.md\/ru\/wp-json\/wp\/v2\/media?parent=45056"}],"wp:term":[{"taxonomy":"product_brand","embeddable":true,"href":"https:\/\/ceasuri.md\/ru\/wp-json\/wp\/v2\/product_brand?post=45056"},{"taxonomy":"product_cat","embeddable":true,"href":"https:\/\/ceasuri.md\/ru\/wp-json\/wp\/v2\/product_cat?post=45056"},{"taxonomy":"product_tag","embeddable":true,"href":"https:\/\/ceasuri.md\/ru\/wp-json\/wp\/v2\/product_tag?post=45056"}],"curies":[{"name":"wp","href":"https:\/\/api.w.org\/{rel}","templated":true}]}}