{"id":45048,"date":"2026-04-02T22:31:04","date_gmt":"2026-04-02T19:31:04","guid":{"rendered":"http:\/\/new.ceasuri.md\/shop\/uncategorized\/casio-g-shock-ga-2100-4a\/"},"modified":"2026-04-20T00:07:50","modified_gmt":"2026-04-19T21:07:50","slug":"casio-g-shock-ga-2100-4a","status":"publish","type":"product","link":"https:\/\/ceasuri.md\/ru\/shop\/branduri\/casio\/casio-g-shock-ga-2100-4a\/","title":{"rendered":"\u0427\u0430\u0441\u044b CASIO G-SHOCK GA-2100-4A"},"content":{"rendered":"<p>Un ceas rezistent la \u0219ocuri cu umplutur\u0103 func\u021bional\u0103 este perfect pentru iubitorii unui stil de via\u021b\u0103 activ.<\/p>\n<p>Noua serie de ceasuri cu structura Carbon Core Guard. Corpul din plastic rezistent la impact cu fibre de carbon este mai rezistent si in acelasi timp mai usor. Acela\u0219i material protejeaz\u0103 modulul intern de deteriorare \u0219i deformare la impact.<\/p>\n<p>O lumin\u0103 de fundal electroluminiscent\u0103 lumineaz\u0103 \u00eentreg cadranul. Func\u021bia de hublo dublu ofer\u0103 iluminare nu numai cadran analogic, dar \u0219i un afi\u0219aj digital. \u00cenveli\u0219ul luminos f\u0103r\u0103 b\u0103rbierit ofer\u0103 o str\u0103lucire de lung\u0103 durat\u0103 \u00een \u00eentuneric, chiar \u0219i dup\u0103 o scurt\u0103 expunere la lumin\u0103.<\/p>\n<p>Ora mondial\u0103. Format de or\u0103 de 12 \u0219i 24 de ore. Cronometru cu o precizie de 1\/100s \u0219i un timp de m\u0103surare de 24 de ore. Cronometru cu num\u0103r\u0103toare invers\u0103 de la 1\/1 min la 24 de ore cu repetare automat\u0103.<\/p>\n<p>Func\u021bia de mi\u0219care a s\u0103ge\u021bii. Func\u021bia de dezactivare\/activare sunet. Capac din spate cu 4 \u0219uruburi.<\/p>","protected":false},"excerpt":{"rendered":"<p>Un ceas rezistent la \u0219ocuri cu umplutur\u0103 func\u021bional\u0103 este perfect pentru iubitorii unui stil de via\u021b\u0103 activ. Noua serie de ceasuri cu structura Carbon Core Guard. Corpul din plastic rezistent la impact cu fibre de carbon este mai rezistent si in acelasi timp mai usor. Acela\u0219i material protejeaz\u0103 modulul intern de deteriorare \u0219i deformare la [&hellip;]<\/p>\n","protected":false},"featured_media":45049,"comment_status":"closed","ping_status":"open","template":"","meta":{"_acf_changed":false},"product_brand":[],"product_cat":[27,20,25,419,697],"product_tag":[],"class_list":{"0":"post-45048","1":"product","2":"type-product","3":"status-publish","4":"has-post-thumbnail","6":"product_cat-casio","7":"product_cat-ceasuri-barbati","8":"product_cat-ceasuri-dama","9":"product_cat-g-shock","10":"product_cat-697","11":"pa_brand-casio","12":"pa_brand-g-shock","13":"pa_braslet-plastic","14":"pa_corpus-45x49mm","15":"pa_forma-octogonala","16":"pa_funcii-alarma","17":"pa_funcii-calendar","18":"pa_funcii-cronometru","19":"pa_funcii-iluminare","20":"pa_funcii-timp-mondial","21":"pa_funcii-ziua-saptamanii","22":"pa_garatia-24-luni","23":"pa_korpus-rosu","24":"pa_kvarc-quartz","25":"pa_material-carbon","26":"pa_material-plastic","27":"pa_mehanizm-electronic","28":"pa_mehanizm-quartz","29":"pa_remeshok-rosu","30":"pa_steklo-cristal-mineral","31":"pa_strana-japonia","32":"pa_voda-20-atm","34":"first","35":"instock","36":"purchasable","37":"product-type-simple"},"acf":[],"_links":{"self":[{"href":"https:\/\/ceasuri.md\/ru\/wp-json\/wp\/v2\/product\/45048","targetHints":{"allow":["GET"]}}],"collection":[{"href":"https:\/\/ceasuri.md\/ru\/wp-json\/wp\/v2\/product"}],"about":[{"href":"https:\/\/ceasuri.md\/ru\/wp-json\/wp\/v2\/types\/product"}],"replies":[{"embeddable":true,"href":"https:\/\/ceasuri.md\/ru\/wp-json\/wp\/v2\/comments?post=45048"}],"wp:featuredmedia":[{"embeddable":true,"href":"https:\/\/ceasuri.md\/ru\/wp-json\/wp\/v2\/media\/45049"}],"wp:attachment":[{"href":"https:\/\/ceasuri.md\/ru\/wp-json\/wp\/v2\/media?parent=45048"}],"wp:term":[{"taxonomy":"product_brand","embeddable":true,"href":"https:\/\/ceasuri.md\/ru\/wp-json\/wp\/v2\/product_brand?post=45048"},{"taxonomy":"product_cat","embeddable":true,"href":"https:\/\/ceasuri.md\/ru\/wp-json\/wp\/v2\/product_cat?post=45048"},{"taxonomy":"product_tag","embeddable":true,"href":"https:\/\/ceasuri.md\/ru\/wp-json\/wp\/v2\/product_tag?post=45048"}],"curies":[{"name":"wp","href":"https:\/\/api.w.org\/{rel}","templated":true}]}}