{"id":45037,"date":"2026-04-02T22:31:04","date_gmt":"2026-04-02T19:31:04","guid":{"rendered":"http:\/\/new.ceasuri.md\/shop\/uncategorized\/sk-time-3827\/"},"modified":"2026-04-20T00:38:08","modified_gmt":"2026-04-19T21:38:08","slug":"sk-time-3827","status":"publish","type":"product","link":"https:\/\/ceasuri.md\/ru\/shop\/sale\/sale-ceas-de-dama\/sk-time-3827\/","title":{"rendered":"\u0427\u0430\u0441\u044b SK TIME 3827"},"content":{"rendered":"<p>Designul fermec\u0103tor \u0219i str\u0103lucirea cristalelor v\u0103 vor purta \u00eentr-un v\u00e2rtej de stil \u0219i flawlessness.<\/p>\n<p>Ceas cu cuar\u021b pentru femei, cu cadran din nuc\u0103 de perl\u0103 \u0219i curea clasic\u0103 cu cataram\u0103.<\/p>","protected":false},"excerpt":{"rendered":"<p>Designul fermec\u0103tor \u0219i str\u0103lucirea cristalelor v\u0103 vor purta \u00eentr-un v\u00e2rtej de stil \u0219i flawlessness. Ceas cu cuar\u021b pentru femei, cu cadran din nuc\u0103 de perl\u0103 \u0219i curea clasic\u0103 cu cataram\u0103.<\/p>","protected":false},"featured_media":45038,"comment_status":"closed","ping_status":"open","template":"","meta":{"_acf_changed":false},"product_brand":[],"product_cat":[26,613],"product_tag":[],"class_list":{"0":"post-45037","1":"product","2":"type-product","3":"status-publish","4":"has-post-thumbnail","6":"product_cat-sale-ceas-de-dama","7":"product_cat-sk-time","8":"pa_brand-sk-time","9":"pa_braslet-piele","10":"pa_corpus-30x30-mm","11":"pa_decor-fianit","12":"pa_forma-atipica","13":"pa_garatia-6-luni","14":"pa_korpus-auriu","15":"pa_kvarc-quartz","16":"pa_material-otel-inoxidabil","17":"pa_mehanizm-quartz","18":"pa_remeshok-negru","19":"pa_steklo-cristal-mineral","20":"pa_strana-china","21":"pa_voda-3-atm","23":"first","24":"instock","25":"sale","26":"purchasable","27":"product-type-simple"},"acf":[],"_links":{"self":[{"href":"https:\/\/ceasuri.md\/ru\/wp-json\/wp\/v2\/product\/45037","targetHints":{"allow":["GET"]}}],"collection":[{"href":"https:\/\/ceasuri.md\/ru\/wp-json\/wp\/v2\/product"}],"about":[{"href":"https:\/\/ceasuri.md\/ru\/wp-json\/wp\/v2\/types\/product"}],"replies":[{"embeddable":true,"href":"https:\/\/ceasuri.md\/ru\/wp-json\/wp\/v2\/comments?post=45037"}],"wp:featuredmedia":[{"embeddable":true,"href":"https:\/\/ceasuri.md\/ru\/wp-json\/wp\/v2\/media\/45038"}],"wp:attachment":[{"href":"https:\/\/ceasuri.md\/ru\/wp-json\/wp\/v2\/media?parent=45037"}],"wp:term":[{"taxonomy":"product_brand","embeddable":true,"href":"https:\/\/ceasuri.md\/ru\/wp-json\/wp\/v2\/product_brand?post=45037"},{"taxonomy":"product_cat","embeddable":true,"href":"https:\/\/ceasuri.md\/ru\/wp-json\/wp\/v2\/product_cat?post=45037"},{"taxonomy":"product_tag","embeddable":true,"href":"https:\/\/ceasuri.md\/ru\/wp-json\/wp\/v2\/product_tag?post=45037"}],"curies":[{"name":"wp","href":"https:\/\/api.w.org\/{rel}","templated":true}]}}