{"id":45032,"date":"2026-04-02T22:31:04","date_gmt":"2026-04-02T19:31:04","guid":{"rendered":"http:\/\/new.ceasuri.md\/shop\/uncategorized\/adis-m8391\/"},"modified":"2026-04-16T21:06:14","modified_gmt":"2026-04-16T18:06:14","slug":"adis-m8391","status":"publish","type":"product","link":"https:\/\/ceasuri.md\/ru\/shop\/branduri\/adis\/adis-m8391\/","title":{"rendered":"Ceas QUARZ Adis M8391 (360)"},"content":{"rendered":"<p>Designul modern, revolu\u021bionar, combinat cu elemente ale clasicilor este secretul popularit\u0103\u021bii uria\u0219e a ceasurilor de m\u00e2n\u0103 ale acestui brand.<\/p>\n<p>Ceasurile Adis &#8211; o privire de autor, o mi\u0219care japonez\u0103 \u0219i o asamblare de \u00eenalt\u0103 tehnologie \u00een Hong Kong.<\/p>","protected":false},"excerpt":{"rendered":"<p>Designul modern, revolu\u021bionar, combinat cu elemente ale clasicilor este secretul popularit\u0103\u021bii uria\u0219e a ceasurilor de m\u00e2n\u0103 ale acestui brand. Ceasurile Adis &#8211; o privire de autor, o mi\u0219care japonez\u0103 \u0219i o asamblare de \u00eenalt\u0103 tehnologie \u00een Hong Kong.<\/p>","protected":false},"featured_media":45033,"comment_status":"closed","ping_status":"open","template":"","meta":{"_acf_changed":false},"product_brand":[],"product_cat":[611,26],"product_tag":[],"class_list":{"0":"post-45032","1":"product","2":"type-product","3":"status-publish","4":"has-post-thumbnail","6":"product_cat-adis","7":"product_cat-sale-ceas-de-dama","8":"pa_brand-adis","9":"pa_braslet-piele","10":"pa_corpus-32x45-mm","11":"pa_decor-fianit","12":"pa_forma-oval","13":"pa_garatia-6-luni","14":"pa_korpus-auriu","15":"pa_kvarc-quartz","16":"pa_material-otel-inoxidabil","17":"pa_mehanizm-quartz","18":"pa_remeshok-negru","19":"pa_steklo-cristal-mineral","20":"pa_strana-china","21":"pa_voda-3-atm","23":"first","24":"instock","25":"purchasable","26":"product-type-simple"},"acf":[],"_links":{"self":[{"href":"https:\/\/ceasuri.md\/ru\/wp-json\/wp\/v2\/product\/45032","targetHints":{"allow":["GET"]}}],"collection":[{"href":"https:\/\/ceasuri.md\/ru\/wp-json\/wp\/v2\/product"}],"about":[{"href":"https:\/\/ceasuri.md\/ru\/wp-json\/wp\/v2\/types\/product"}],"replies":[{"embeddable":true,"href":"https:\/\/ceasuri.md\/ru\/wp-json\/wp\/v2\/comments?post=45032"}],"wp:featuredmedia":[{"embeddable":true,"href":"https:\/\/ceasuri.md\/ru\/wp-json\/wp\/v2\/media\/45033"}],"wp:attachment":[{"href":"https:\/\/ceasuri.md\/ru\/wp-json\/wp\/v2\/media?parent=45032"}],"wp:term":[{"taxonomy":"product_brand","embeddable":true,"href":"https:\/\/ceasuri.md\/ru\/wp-json\/wp\/v2\/product_brand?post=45032"},{"taxonomy":"product_cat","embeddable":true,"href":"https:\/\/ceasuri.md\/ru\/wp-json\/wp\/v2\/product_cat?post=45032"},{"taxonomy":"product_tag","embeddable":true,"href":"https:\/\/ceasuri.md\/ru\/wp-json\/wp\/v2\/product_tag?post=45032"}],"curies":[{"name":"wp","href":"https:\/\/api.w.org\/{rel}","templated":true}]}}