{"id":44997,"date":"2026-04-02T22:30:36","date_gmt":"2026-04-02T19:30:36","guid":{"rendered":"http:\/\/new.ceasuri.md\/shop\/uncategorized\/adis-m823g\/"},"modified":"2026-04-07T04:12:39","modified_gmt":"2026-04-07T01:12:39","slug":"adis-m823g","status":"publish","type":"product","link":"https:\/\/ceasuri.md\/ru\/shop\/branduri\/adis\/adis-m823g\/","title":{"rendered":"Ceas ADIS M823G"},"content":{"rendered":"<p>Designul modern, revolu\u021bionar, combinat cu elemente ale clasicilor este secretul popularit\u0103\u021bii uria\u0219e a ceasurilor de m\u00e2n\u0103 ale acestui brand.<\/p>\n<p>Ceasurile Adis &#8211; o privire de autor, o mi\u0219care japonez\u0103 \u0219i o asamblare de \u00eenalt\u0103 tehnologie \u00een Hong Kong.<\/p>","protected":false},"excerpt":{"rendered":"<p>Designul modern, revolu\u021bionar, combinat cu elemente ale clasicilor este secretul popularit\u0103\u021bii uria\u0219e a ceasurilor de m\u00e2n\u0103 ale acestui brand. Ceasurile Adis &#8211; o privire de autor, o mi\u0219care japonez\u0103 \u0219i o asamblare de \u00eenalt\u0103 tehnologie \u00een Hong Kong.<\/p>","protected":false},"featured_media":44998,"comment_status":"closed","ping_status":"open","template":"","meta":{"_acf_changed":false},"product_brand":[],"product_cat":[611,26],"product_tag":[],"class_list":{"0":"post-44997","1":"product","2":"type-product","3":"status-publish","4":"has-post-thumbnail","6":"product_cat-adis","7":"product_cat-sale-ceas-de-dama","8":"pa_brand-adis","9":"pa_braslet-piele","10":"pa_corpus-42-mm","11":"pa_forma-rotund","12":"pa_garatia-6-luni","13":"pa_korpus-bicolor","14":"pa_material-otel-inoxidabil","15":"pa_mehanizm-quartz","16":"pa_remeshok-maro","17":"pa_steklo-cristal-mineral","18":"pa_strana-china","19":"pa_voda-3-atm","21":"first","22":"instock","23":"purchasable","24":"product-type-simple"},"acf":[],"_links":{"self":[{"href":"https:\/\/ceasuri.md\/ru\/wp-json\/wp\/v2\/product\/44997","targetHints":{"allow":["GET"]}}],"collection":[{"href":"https:\/\/ceasuri.md\/ru\/wp-json\/wp\/v2\/product"}],"about":[{"href":"https:\/\/ceasuri.md\/ru\/wp-json\/wp\/v2\/types\/product"}],"replies":[{"embeddable":true,"href":"https:\/\/ceasuri.md\/ru\/wp-json\/wp\/v2\/comments?post=44997"}],"wp:featuredmedia":[{"embeddable":true,"href":"https:\/\/ceasuri.md\/ru\/wp-json\/wp\/v2\/media\/44998"}],"wp:attachment":[{"href":"https:\/\/ceasuri.md\/ru\/wp-json\/wp\/v2\/media?parent=44997"}],"wp:term":[{"taxonomy":"product_brand","embeddable":true,"href":"https:\/\/ceasuri.md\/ru\/wp-json\/wp\/v2\/product_brand?post=44997"},{"taxonomy":"product_cat","embeddable":true,"href":"https:\/\/ceasuri.md\/ru\/wp-json\/wp\/v2\/product_cat?post=44997"},{"taxonomy":"product_tag","embeddable":true,"href":"https:\/\/ceasuri.md\/ru\/wp-json\/wp\/v2\/product_tag?post=44997"}],"curies":[{"name":"wp","href":"https:\/\/api.w.org\/{rel}","templated":true}]}}