{"id":44974,"date":"2026-04-02T22:30:36","date_gmt":"2026-04-02T19:30:36","guid":{"rendered":"http:\/\/new.ceasuri.md\/shop\/uncategorized\/adis-cat-m856g\/"},"modified":"2026-04-07T04:12:32","modified_gmt":"2026-04-07T01:12:32","slug":"adis-cat-m856g","status":"publish","type":"product","link":"https:\/\/ceasuri.md\/ru\/shop\/branduri\/adis\/adis-cat-m856g\/","title":{"rendered":"Ceas ADIS CAT M856G"},"content":{"rendered":"<p>Designul modern, revolu\u021bionar, combinat cu elemente ale clasicilor este secretul popularit\u0103\u021bii uria\u0219e a ceasurilor de m\u00e2n\u0103 ale acestui brand.<\/p>\n<p>Ceasurile Adis &#8211; o privire de autor, o mi\u0219care japonez\u0103 \u0219i o asamblare de \u00eenalt\u0103 tehnologie \u00een Hong Kong.<\/p>","protected":false},"excerpt":{"rendered":"<p>Designul modern, revolu\u021bionar, combinat cu elemente ale clasicilor este secretul popularit\u0103\u021bii uria\u0219e a ceasurilor de m\u00e2n\u0103 ale acestui brand. Ceasurile Adis &#8211; o privire de autor, o mi\u0219care japonez\u0103 \u0219i o asamblare de \u00eenalt\u0103 tehnologie \u00een Hong Kong.<\/p>","protected":false},"featured_media":44975,"comment_status":"closed","ping_status":"open","template":"","meta":{"_acf_changed":false},"product_brand":[],"product_cat":[611,26],"product_tag":[],"class_list":{"0":"post-44974","1":"product","2":"type-product","3":"status-publish","4":"has-post-thumbnail","6":"product_cat-adis","7":"product_cat-sale-ceas-de-dama","8":"pa_brand-adis","9":"pa_braslet-piele","10":"pa_corpus-40-mm","11":"pa_decor-fianit","12":"pa_forma-rotund","13":"pa_garatia-6-luni","14":"pa_korpus-auriu","15":"pa_material-otel-inoxidabil","16":"pa_mehanizm-quartz","17":"pa_remeshok-negru","18":"pa_steklo-cristal-mineral","19":"pa_strana-china","20":"pa_voda-3-atm","22":"first","23":"instock","24":"purchasable","25":"product-type-simple"},"acf":[],"_links":{"self":[{"href":"https:\/\/ceasuri.md\/ru\/wp-json\/wp\/v2\/product\/44974","targetHints":{"allow":["GET"]}}],"collection":[{"href":"https:\/\/ceasuri.md\/ru\/wp-json\/wp\/v2\/product"}],"about":[{"href":"https:\/\/ceasuri.md\/ru\/wp-json\/wp\/v2\/types\/product"}],"replies":[{"embeddable":true,"href":"https:\/\/ceasuri.md\/ru\/wp-json\/wp\/v2\/comments?post=44974"}],"wp:featuredmedia":[{"embeddable":true,"href":"https:\/\/ceasuri.md\/ru\/wp-json\/wp\/v2\/media\/44975"}],"wp:attachment":[{"href":"https:\/\/ceasuri.md\/ru\/wp-json\/wp\/v2\/media?parent=44974"}],"wp:term":[{"taxonomy":"product_brand","embeddable":true,"href":"https:\/\/ceasuri.md\/ru\/wp-json\/wp\/v2\/product_brand?post=44974"},{"taxonomy":"product_cat","embeddable":true,"href":"https:\/\/ceasuri.md\/ru\/wp-json\/wp\/v2\/product_cat?post=44974"},{"taxonomy":"product_tag","embeddable":true,"href":"https:\/\/ceasuri.md\/ru\/wp-json\/wp\/v2\/product_tag?post=44974"}],"curies":[{"name":"wp","href":"https:\/\/api.w.org\/{rel}","templated":true}]}}