{"id":44949,"date":"2026-04-02T22:30:00","date_gmt":"2026-04-02T19:30:00","guid":{"rendered":"http:\/\/new.ceasuri.md\/shop\/uncategorized\/beauty-bg164a\/"},"modified":"2026-04-20T00:38:08","modified_gmt":"2026-04-19T21:38:08","slug":"beauty-bg164a","status":"publish","type":"product","link":"https:\/\/ceasuri.md\/ru\/shop\/branduri\/beauty\/beauty-bg164a\/","title":{"rendered":"Ceas BEAUTY BG164A"},"content":{"rendered":"<p>Designul hipnotizant \u0219i cristalele str\u0103lucitoare v\u0103 vor purta \u00eentr-un v\u00e2rtej de stil \u0219i flawlessness.<\/p>\n<p>Ceas de m\u00e2n\u0103 cu cuar\u021b pentru femei, cu cadran din nuc\u0103 de perl\u0103 \u0219i br\u0103\u021bar\u0103 cu \u00eenchidere clasic\u0103.<\/p>","protected":false},"excerpt":{"rendered":"<p>Designul hipnotizant \u0219i cristalele str\u0103lucitoare v\u0103 vor purta \u00eentr-un v\u00e2rtej de stil \u0219i flawlessness. Ceas de m\u00e2n\u0103 cu cuar\u021b pentru femei, cu cadran din nuc\u0103 de perl\u0103 \u0219i br\u0103\u021bar\u0103 cu \u00eenchidere clasic\u0103.<\/p>","protected":false},"featured_media":44950,"comment_status":"closed","ping_status":"open","template":"","meta":{"_acf_changed":false},"product_brand":[],"product_cat":[610,26],"product_tag":[],"class_list":{"0":"post-44949","1":"product","2":"type-product","3":"status-publish","4":"has-post-thumbnail","6":"product_cat-beauty","7":"product_cat-sale-ceas-de-dama","8":"pa_brand-beauty","9":"pa_braslet-otel-inoxidabil","10":"pa_corpus-25x25-mm","11":"pa_decor-fianit","12":"pa_forma-patrat","13":"pa_garatia-6-luni","14":"pa_korpus-albastru","15":"pa_korpus-argintiu","16":"pa_kvarc-quartz","17":"pa_material-otel-inoxidabil","18":"pa_mehanizm-quartz","19":"pa_remeshok-albastru","20":"pa_remeshok-argintiu","21":"pa_steklo-cristal-mineral","22":"pa_strana-china","23":"pa_voda-3-atm","25":"first","26":"instock","27":"purchasable","28":"product-type-simple"},"acf":[],"_links":{"self":[{"href":"https:\/\/ceasuri.md\/ru\/wp-json\/wp\/v2\/product\/44949","targetHints":{"allow":["GET"]}}],"collection":[{"href":"https:\/\/ceasuri.md\/ru\/wp-json\/wp\/v2\/product"}],"about":[{"href":"https:\/\/ceasuri.md\/ru\/wp-json\/wp\/v2\/types\/product"}],"replies":[{"embeddable":true,"href":"https:\/\/ceasuri.md\/ru\/wp-json\/wp\/v2\/comments?post=44949"}],"wp:featuredmedia":[{"embeddable":true,"href":"https:\/\/ceasuri.md\/ru\/wp-json\/wp\/v2\/media\/44950"}],"wp:attachment":[{"href":"https:\/\/ceasuri.md\/ru\/wp-json\/wp\/v2\/media?parent=44949"}],"wp:term":[{"taxonomy":"product_brand","embeddable":true,"href":"https:\/\/ceasuri.md\/ru\/wp-json\/wp\/v2\/product_brand?post=44949"},{"taxonomy":"product_cat","embeddable":true,"href":"https:\/\/ceasuri.md\/ru\/wp-json\/wp\/v2\/product_cat?post=44949"},{"taxonomy":"product_tag","embeddable":true,"href":"https:\/\/ceasuri.md\/ru\/wp-json\/wp\/v2\/product_tag?post=44949"}],"curies":[{"name":"wp","href":"https:\/\/api.w.org\/{rel}","templated":true}]}}