{"id":44921,"date":"2026-04-02T22:30:00","date_gmt":"2026-04-02T19:30:00","guid":{"rendered":"http:\/\/new.ceasuri.md\/shop\/uncategorized\/mado-%d1%81%d0%b2%d0%be%d0%b1%d0%be%d0%b4%d0%b0-t010\/"},"modified":"2026-04-20T00:30:54","modified_gmt":"2026-04-19T21:30:54","slug":"mado-%d1%81%d0%b2%d0%be%d0%b1%d0%be%d0%b4%d0%b0-t010","status":"publish","type":"product","link":"https:\/\/ceasuri.md\/ru\/shop\/ceas-interior-cu-alarma\/ceas-interior-ceas-interior-cu-alarma\/mado-%d1%81%d0%b2%d0%be%d0%b1%d0%be%d0%b4%d0%b0-t010\/","title":{"rendered":"\u0427\u0430\u0441\u044b MADO \u0421\u0412\u041e\u0411\u041e\u0414\u0410 T010"},"content":{"rendered":"<p>Ceasurile de interior MADO nu sunt doar ceasuri \u00een stil japonez, ci adev\u0103rate opere de art\u0103, care combin\u0103 tradi\u021biile japoneze vechi de secole \u0219i elemente moderne.<\/p>\n<p>Ele personific\u0103 o filozofie profund\u0103 \u0219i multifa\u021betat\u0103, precum via\u021ba \u00eens\u0103\u0219i, lumea frumuse\u021bii, sofistic\u0103rii \u0219i caracterului practic, armonia bun\u0103t\u0103\u021bii \u0219i bucuria de a fi.<\/p>\n<p>Numele ceasului de interior MADO se pronun\u021b\u0103 \u00een rus\u0103 cu accent pe ultima silab\u0103 \u0219i se traduce prin \u201efereastr\u0103\u201d. Alegerea numelui este profund simbolic\u0103.<\/p>\n<p>Prin fereastr\u0103, o persoan\u0103 \u00eenva\u021b\u0103 frumuse\u021bea \u0219i unicitatea lumii din jurul s\u0103u.El poate admira stele \u00eendep\u0103rtate, apusuri \u0219i zori de soare, se poate bucura de suprafa\u021ba apei m\u0103rii&#8230;.Prin ferestre, casa se umple de lumina soarelui \u0219i de sunetele minunate ale naturii.<\/p>\n<p>Ceasurile MADO simbolizeaz\u0103 oportunitatea de a descoperi lumea unei alte \u021b\u0103ri sau cel pu\u021bin de a admira misterele, frumuse\u021bea \u0219i particularit\u0103\u021bile culturii orientale.<\/p>\n<p>Fiecare ceas MADO este \u00eenso\u021bit de un mic poem japonez &#8211; un tanka sau hokku scris de poe\u021bi japonezi celebri. Acest poem v\u0103 va ajuta s\u0103 \u00een\u021belege\u021bi mai bine ideea maestrului care a creat acest ceas.<\/p>\n<p>Inc\u00e2nta\u021bi-v\u0103 pe dvs. \u0219i pe cei dragi cu un cadou minunat &#8211; ceasuri de interior originale MADO, \u0219i ve\u021bi deveni mai aproape de armonie \u0219i lini\u0219te sufleteasc\u0103 \u00een via\u021b\u0103.<\/p>\n<p>Ceasurile MADO vor aduce frumuse\u021be, confort, armonie \u0219i un sentiment de calm \u00een interiorul casei sau biroului dumneavoastr\u0103.<\/p>\n<p>Designul fiec\u0103rui model de ceasuri MADO este unic \u0219i inimitabil. Mae\u0219trii talenta\u021bi ai fabricii MADO \u00ee\u0219i pun sufletul \u00een fiecare ceas MADO. Ei \u00eencearc\u0103 s\u0103 fac\u0103 ceasurile MADO s\u0103 simbolizeze valorile umane eterne: iubire, fericire, bun\u0103tate, \u00eembun\u0103t\u0103\u021bire constant\u0103.<\/p>\n<p>Ceasurile de perete japoneze MADO sunt realizate din diferite tipuri de lemn: pin, tec, fag. In produc\u021bia lor sunt folosite, de asemenea: sticl\u0103 mineral\u0103, nisip cuar\u021bos, metal, ceramic\u0103, mulaje de plante \u0219i insecte. Ceasurile de interior MADO utilizeaz\u0103 mecanisme silen\u021bioase fiabile cu cuar\u021b, care asigur\u0103 buna func\u021bionare a m\u00e2inii secunde.<\/p>","protected":false},"excerpt":{"rendered":"<p>Ceasurile de interior MADO nu sunt doar ceasuri \u00een stil japonez, ci adev\u0103rate opere de art\u0103, care combin\u0103 tradi\u021biile japoneze vechi de secole \u0219i elemente moderne. Ele personific\u0103 o filozofie profund\u0103 \u0219i multifa\u021betat\u0103, precum via\u021ba \u00eens\u0103\u0219i, lumea frumuse\u021bii, sofistic\u0103rii \u0219i caracterului practic, armonia bun\u0103t\u0103\u021bii \u0219i bucuria de a fi. Numele ceasului de interior MADO se [&hellip;]<\/p>\n","protected":false},"featured_media":44922,"comment_status":"closed","ping_status":"open","template":"","meta":{"_acf_changed":false},"product_brand":[],"product_cat":[842,608,609],"product_tag":[],"class_list":{"0":"post-44921","1":"product","2":"type-product","3":"status-publish","4":"has-post-thumbnail","6":"product_cat-ceas-interior-ceas-interior-cu-alarma","7":"product_cat-mado","8":"product_cat-sale-ceas-intrior","9":"pa_brand-mado","10":"pa_corpus-59x59-cm","11":"pa_forma-patrat","12":"pa_garatia-6-luni","13":"pa_korpus-maro","14":"pa_kvarc-quartz","15":"pa_material-lemn-natural","16":"pa_mehanizm-quartz","17":"pa_strana-japonia","18":"pa_voda-3-atm","20":"first","21":"instock","22":"sale","23":"purchasable","24":"product-type-simple"},"acf":[],"_links":{"self":[{"href":"https:\/\/ceasuri.md\/ru\/wp-json\/wp\/v2\/product\/44921","targetHints":{"allow":["GET"]}}],"collection":[{"href":"https:\/\/ceasuri.md\/ru\/wp-json\/wp\/v2\/product"}],"about":[{"href":"https:\/\/ceasuri.md\/ru\/wp-json\/wp\/v2\/types\/product"}],"replies":[{"embeddable":true,"href":"https:\/\/ceasuri.md\/ru\/wp-json\/wp\/v2\/comments?post=44921"}],"wp:featuredmedia":[{"embeddable":true,"href":"https:\/\/ceasuri.md\/ru\/wp-json\/wp\/v2\/media\/44922"}],"wp:attachment":[{"href":"https:\/\/ceasuri.md\/ru\/wp-json\/wp\/v2\/media?parent=44921"}],"wp:term":[{"taxonomy":"product_brand","embeddable":true,"href":"https:\/\/ceasuri.md\/ru\/wp-json\/wp\/v2\/product_brand?post=44921"},{"taxonomy":"product_cat","embeddable":true,"href":"https:\/\/ceasuri.md\/ru\/wp-json\/wp\/v2\/product_cat?post=44921"},{"taxonomy":"product_tag","embeddable":true,"href":"https:\/\/ceasuri.md\/ru\/wp-json\/wp\/v2\/product_tag?post=44921"}],"curies":[{"name":"wp","href":"https:\/\/api.w.org\/{rel}","templated":true}]}}