{"id":44906,"date":"2026-04-02T22:29:06","date_gmt":"2026-04-02T19:29:06","guid":{"rendered":"http:\/\/new.ceasuri.md\/shop\/uncategorized\/fossil-fb-01-fs5914\/"},"modified":"2026-04-07T04:12:17","modified_gmt":"2026-04-07T01:12:17","slug":"fossil-fb-01-fs5914","status":"publish","type":"product","link":"https:\/\/ceasuri.md\/ru\/shop\/branduri\/fossil\/fossil-fb-01-fs5914\/","title":{"rendered":"Ceas FOSSIL FB-01 FS5914"},"content":{"rendered":"<p>Ceasul are o carcas\u0103 elegant\u0103 din o\u021bel inoxidabil cu un finisaj metalic periat albastru \u0219i o curea din piele maro premium.<\/p>\n<p>Cadranul este de aceea\u0219i culoare ca \u0219i luneta, dar \u00een schimb are un finisaj sunray. Indicatorii de culoare crem ai orelor sunt clar lizibili. Ceasul este dotat cu tehnologie cronograf \u0219i are un design cu trei cadrane.<\/p>\n<p>Exist\u0103 o fereastr\u0103 pentru dat\u0103 pentru o func\u021bionalitate suplimentar\u0103.<\/p>","protected":false},"excerpt":{"rendered":"<p>Ceasul are o carcas\u0103 elegant\u0103 din o\u021bel inoxidabil cu un finisaj metalic periat albastru \u0219i o curea din piele maro premium. Cadranul este de aceea\u0219i culoare ca \u0219i luneta, dar \u00een schimb are un finisaj sunray. Indicatorii de culoare crem ai orelor sunt clar lizibili. Ceasul este dotat cu tehnologie cronograf \u0219i are un design [&hellip;]<\/p>\n","protected":false},"featured_media":44907,"comment_status":"closed","ping_status":"open","template":"","meta":{"_acf_changed":false},"product_brand":[],"product_cat":[20,396],"product_tag":[],"class_list":{"0":"post-44906","1":"product","2":"type-product","3":"status-publish","4":"has-post-thumbnail","6":"product_cat-ceasuri-barbati","7":"product_cat-fossil","8":"pa_brand-fossil","9":"pa_braslet-piele","10":"pa_corpus-42-mm","11":"pa_forma-rotund","12":"pa_funcii-cronograf","13":"pa_funcii-data","14":"pa_garatia-24-luni","15":"pa_korpus-albastru-inchis","16":"pa_korpus-argintiu","17":"pa_material-otel-inoxidabil","18":"pa_mehanizm-quartz","19":"pa_remeshok-maro","20":"pa_steklo-cristal-mineral","21":"pa_strana-sua","22":"pa_voda-10-atm","24":"first","25":"instock","26":"purchasable","27":"product-type-simple"},"acf":[],"_links":{"self":[{"href":"https:\/\/ceasuri.md\/ru\/wp-json\/wp\/v2\/product\/44906","targetHints":{"allow":["GET"]}}],"collection":[{"href":"https:\/\/ceasuri.md\/ru\/wp-json\/wp\/v2\/product"}],"about":[{"href":"https:\/\/ceasuri.md\/ru\/wp-json\/wp\/v2\/types\/product"}],"replies":[{"embeddable":true,"href":"https:\/\/ceasuri.md\/ru\/wp-json\/wp\/v2\/comments?post=44906"}],"wp:featuredmedia":[{"embeddable":true,"href":"https:\/\/ceasuri.md\/ru\/wp-json\/wp\/v2\/media\/44907"}],"wp:attachment":[{"href":"https:\/\/ceasuri.md\/ru\/wp-json\/wp\/v2\/media?parent=44906"}],"wp:term":[{"taxonomy":"product_brand","embeddable":true,"href":"https:\/\/ceasuri.md\/ru\/wp-json\/wp\/v2\/product_brand?post=44906"},{"taxonomy":"product_cat","embeddable":true,"href":"https:\/\/ceasuri.md\/ru\/wp-json\/wp\/v2\/product_cat?post=44906"},{"taxonomy":"product_tag","embeddable":true,"href":"https:\/\/ceasuri.md\/ru\/wp-json\/wp\/v2\/product_tag?post=44906"}],"curies":[{"name":"wp","href":"https:\/\/api.w.org\/{rel}","templated":true}]}}