{"id":44890,"date":"2026-04-02T22:29:06","date_gmt":"2026-04-02T19:29:06","guid":{"rendered":"http:\/\/new.ceasuri.md\/shop\/uncategorized\/fossil-stella-es5138\/"},"modified":"2026-04-17T13:25:29","modified_gmt":"2026-04-17T10:25:29","slug":"fossil-stella-es5138","status":"publish","type":"product","link":"https:\/\/ceasuri.md\/ru\/shop\/branduri\/fossil\/fossil-stella-es5138\/","title":{"rendered":"Ceas FOSSIL STELLA ES5138"},"content":{"rendered":"<p>Acest ceas fermec\u0103tor va fi o adev\u0103rat\u0103 descoperire pentru cei care sunt \u00een c\u0103utare de accesorii de mod\u0103.<\/p>\n<p>Ceas pentru femei. Indicatori de curs\u0103, indicator de 12 ore sub form\u0103 de cifru roman. Fereastr\u0103 pentru dat\u0103.<\/p>\n<p>Coroan\u0103 canelat\u0103. Br\u0103\u021bar\u0103 cu \u00eenchiz\u0103toare pliabil\u0103.<\/p>","protected":false},"excerpt":{"rendered":"<p>Acest ceas fermec\u0103tor va fi o adev\u0103rat\u0103 descoperire pentru cei care sunt \u00een c\u0103utare de accesorii de mod\u0103. Ceas pentru femei. Indicatori de curs\u0103, indicator de 12 ore sub form\u0103 de cifru roman. Fereastr\u0103 pentru dat\u0103. Coroan\u0103 canelat\u0103. Br\u0103\u021bar\u0103 cu \u00eenchiz\u0103toare pliabil\u0103.<\/p>","protected":false},"featured_media":44891,"comment_status":"closed","ping_status":"open","template":"","meta":{"_acf_changed":false},"product_brand":[],"product_cat":[25,396],"product_tag":[],"class_list":{"0":"post-44890","1":"product","2":"type-product","3":"status-publish","4":"has-post-thumbnail","6":"product_cat-ceasuri-dama","7":"product_cat-fossil","8":"pa_brand-fossil","9":"pa_braslet-otel-inoxidabil","10":"pa_corpus-30-mm","11":"pa_decor-cristale-swarowski","12":"pa_forma-rotund","13":"pa_funcii-data","14":"pa_garatia-24-luni","15":"pa_korpus-bicolor","16":"pa_kvarc-quartz","17":"pa_material-otel-inoxidabil","18":"pa_mehanizm-quartz","19":"pa_remeshok-bicolor","20":"pa_steklo-cristal-mineral","21":"pa_strana-sua","22":"pa_voda-5-atm","24":"first","25":"instock","26":"purchasable","27":"product-type-simple"},"acf":[],"_links":{"self":[{"href":"https:\/\/ceasuri.md\/ru\/wp-json\/wp\/v2\/product\/44890","targetHints":{"allow":["GET"]}}],"collection":[{"href":"https:\/\/ceasuri.md\/ru\/wp-json\/wp\/v2\/product"}],"about":[{"href":"https:\/\/ceasuri.md\/ru\/wp-json\/wp\/v2\/types\/product"}],"replies":[{"embeddable":true,"href":"https:\/\/ceasuri.md\/ru\/wp-json\/wp\/v2\/comments?post=44890"}],"wp:featuredmedia":[{"embeddable":true,"href":"https:\/\/ceasuri.md\/ru\/wp-json\/wp\/v2\/media\/44891"}],"wp:attachment":[{"href":"https:\/\/ceasuri.md\/ru\/wp-json\/wp\/v2\/media?parent=44890"}],"wp:term":[{"taxonomy":"product_brand","embeddable":true,"href":"https:\/\/ceasuri.md\/ru\/wp-json\/wp\/v2\/product_brand?post=44890"},{"taxonomy":"product_cat","embeddable":true,"href":"https:\/\/ceasuri.md\/ru\/wp-json\/wp\/v2\/product_cat?post=44890"},{"taxonomy":"product_tag","embeddable":true,"href":"https:\/\/ceasuri.md\/ru\/wp-json\/wp\/v2\/product_tag?post=44890"}],"curies":[{"name":"wp","href":"https:\/\/api.w.org\/{rel}","templated":true}]}}