{"id":44874,"date":"2026-04-02T22:29:06","date_gmt":"2026-04-02T19:29:06","guid":{"rendered":"http:\/\/new.ceasuri.md\/shop\/uncategorized\/fossil-stella-sport-es5107\/"},"modified":"2026-04-20T00:23:18","modified_gmt":"2026-04-19T21:23:18","slug":"fossil-stella-sport-es5107","status":"publish","type":"product","link":"https:\/\/ceasuri.md\/ru\/shop\/branduri\/fossil\/fossil-stella-sport-es5107\/","title":{"rendered":"Ceas FOSSIL STELLA SPORT ES5107"},"content":{"rendered":"<p>Simbioza perfect\u0103 \u00eentre elegan\u021b\u0103, feminitate seduc\u0103toare \u0219i func\u021bionalitate &#8211; o op\u021biune interesant\u0103 pentru a v\u0103 completa stilul.<\/p>\n<p>Cadranul este realizat prin tehnologia Sunray. Format de timp de 12 \u0219i 24 de ore. Ora \u00een format de 24 de ore, data \u0219i ziua s\u0103pt\u0103m\u00e2nii pe cadrane separate. Etichete sub form\u0103 de liniu\u021be.<\/p>\n<p>Br\u0103\u021bar\u0103 cu \u00eenchidere pliabil\u0103 \u0219i sistem de schimbare rapid\u0103.<\/p>","protected":false},"excerpt":{"rendered":"<p>Simbioza perfect\u0103 \u00eentre elegan\u021b\u0103, feminitate seduc\u0103toare \u0219i func\u021bionalitate &#8211; o op\u021biune interesant\u0103 pentru a v\u0103 completa stilul. Cadranul este realizat prin tehnologia Sunray. Format de timp de 12 \u0219i 24 de ore. Ora \u00een format de 24 de ore, data \u0219i ziua s\u0103pt\u0103m\u00e2nii pe cadrane separate. Etichete sub form\u0103 de liniu\u021be. Br\u0103\u021bar\u0103 cu \u00eenchidere pliabil\u0103 [&hellip;]<\/p>\n","protected":false},"featured_media":44875,"comment_status":"closed","ping_status":"open","template":"","meta":{"_acf_changed":false},"product_brand":[],"product_cat":[25,396],"product_tag":[],"class_list":{"0":"post-44874","1":"product","2":"type-product","3":"status-publish","4":"has-post-thumbnail","6":"product_cat-ceasuri-dama","7":"product_cat-fossil","8":"pa_brand-fossil","9":"pa_braslet-otel-inoxidabil","10":"pa_corpus-37-mm","11":"pa_decor-cristale-swarowski","12":"pa_forma-rotund","13":"pa_funcii-data","14":"pa_funcii-ziua-saptamanii","15":"pa_garatia-24-luni","16":"pa_korpus-bicolor","17":"pa_kvarc-quartz","18":"pa_material-otel-inoxidabil","19":"pa_mehanizm-quartz","20":"pa_remeshok-bicolor","21":"pa_steklo-cristal-mineral","22":"pa_strana-sua","23":"pa_voda-5-atm","25":"first","26":"instock","27":"purchasable","28":"product-type-simple"},"acf":[],"_links":{"self":[{"href":"https:\/\/ceasuri.md\/ru\/wp-json\/wp\/v2\/product\/44874","targetHints":{"allow":["GET"]}}],"collection":[{"href":"https:\/\/ceasuri.md\/ru\/wp-json\/wp\/v2\/product"}],"about":[{"href":"https:\/\/ceasuri.md\/ru\/wp-json\/wp\/v2\/types\/product"}],"replies":[{"embeddable":true,"href":"https:\/\/ceasuri.md\/ru\/wp-json\/wp\/v2\/comments?post=44874"}],"wp:featuredmedia":[{"embeddable":true,"href":"https:\/\/ceasuri.md\/ru\/wp-json\/wp\/v2\/media\/44875"}],"wp:attachment":[{"href":"https:\/\/ceasuri.md\/ru\/wp-json\/wp\/v2\/media?parent=44874"}],"wp:term":[{"taxonomy":"product_brand","embeddable":true,"href":"https:\/\/ceasuri.md\/ru\/wp-json\/wp\/v2\/product_brand?post=44874"},{"taxonomy":"product_cat","embeddable":true,"href":"https:\/\/ceasuri.md\/ru\/wp-json\/wp\/v2\/product_cat?post=44874"},{"taxonomy":"product_tag","embeddable":true,"href":"https:\/\/ceasuri.md\/ru\/wp-json\/wp\/v2\/product_tag?post=44874"}],"curies":[{"name":"wp","href":"https:\/\/api.w.org\/{rel}","templated":true}]}}