{"id":44865,"date":"2026-04-02T22:29:06","date_gmt":"2026-04-02T19:29:06","guid":{"rendered":"http:\/\/new.ceasuri.md\/shop\/uncategorized\/fossil-jacqueline-solar-powered-es5091\/"},"modified":"2026-04-07T04:12:12","modified_gmt":"2026-04-07T01:12:12","slug":"fossil-jacqueline-solar-powered-es5091","status":"publish","type":"product","link":"https:\/\/ceasuri.md\/ru\/shop\/branduri\/fossil\/fossil-jacqueline-solar-powered-es5091\/","title":{"rendered":"Ceas FOSSIL JACQUELINE SOLAR POWERED ES5091"},"content":{"rendered":"<p>Acest ceas delicat, cu cadran din mam\u0103 de perl\u0103, va ad\u0103uga un farmec aparte look-ului t\u0103u feminin de zi cu zi.<\/p>\n<p>Ceas pentru femei cu carcas\u0103 rotund\u0103. Alimentat cu energie solar\u0103.<\/p>\n<p>Cadran din nuc\u0103 de perl\u0103 cu markeri de curs\u0103. Fereastr\u0103 pentru dat\u0103.<\/p>\n<p>Coroan\u0103 canelat\u0103. Curea cu \u00eenchidere clasic\u0103 \u0219i sistem de schimbare rapid\u0103.<\/p>","protected":false},"excerpt":{"rendered":"<p>Acest ceas delicat, cu cadran din mam\u0103 de perl\u0103, va ad\u0103uga un farmec aparte look-ului t\u0103u feminin de zi cu zi. Ceas pentru femei cu carcas\u0103 rotund\u0103. Alimentat cu energie solar\u0103. Cadran din nuc\u0103 de perl\u0103 cu markeri de curs\u0103. Fereastr\u0103 pentru dat\u0103. Coroan\u0103 canelat\u0103. Curea cu \u00eenchidere clasic\u0103 \u0219i sistem de schimbare rapid\u0103.<\/p>","protected":false},"featured_media":44866,"comment_status":"closed","ping_status":"open","template":"","meta":{"_acf_changed":false},"product_brand":[],"product_cat":[25,396],"product_tag":[],"class_list":{"0":"post-44865","1":"product","2":"type-product","3":"status-publish","4":"has-post-thumbnail","6":"product_cat-ceasuri-dama","7":"product_cat-fossil","8":"pa_brand-fossil","9":"pa_braslet-piele","10":"pa_corpus-36-mm","11":"pa_forma-rotund","12":"pa_funcii-data","13":"pa_garatia-24-luni","14":"pa_korpus-roz-gold","15":"pa_material-otel-inoxidabil","16":"pa_mehanizm-baterie-solara","17":"pa_mehanizm-quartz","18":"pa_remeshok-gri","19":"pa_steklo-cristal-mineral","20":"pa_strana-sua","21":"pa_voda-3-atm","23":"first","24":"instock","25":"purchasable","26":"product-type-simple"},"acf":[],"_links":{"self":[{"href":"https:\/\/ceasuri.md\/ru\/wp-json\/wp\/v2\/product\/44865","targetHints":{"allow":["GET"]}}],"collection":[{"href":"https:\/\/ceasuri.md\/ru\/wp-json\/wp\/v2\/product"}],"about":[{"href":"https:\/\/ceasuri.md\/ru\/wp-json\/wp\/v2\/types\/product"}],"replies":[{"embeddable":true,"href":"https:\/\/ceasuri.md\/ru\/wp-json\/wp\/v2\/comments?post=44865"}],"wp:featuredmedia":[{"embeddable":true,"href":"https:\/\/ceasuri.md\/ru\/wp-json\/wp\/v2\/media\/44866"}],"wp:attachment":[{"href":"https:\/\/ceasuri.md\/ru\/wp-json\/wp\/v2\/media?parent=44865"}],"wp:term":[{"taxonomy":"product_brand","embeddable":true,"href":"https:\/\/ceasuri.md\/ru\/wp-json\/wp\/v2\/product_brand?post=44865"},{"taxonomy":"product_cat","embeddable":true,"href":"https:\/\/ceasuri.md\/ru\/wp-json\/wp\/v2\/product_cat?post=44865"},{"taxonomy":"product_tag","embeddable":true,"href":"https:\/\/ceasuri.md\/ru\/wp-json\/wp\/v2\/product_tag?post=44865"}],"curies":[{"name":"wp","href":"https:\/\/api.w.org\/{rel}","templated":true}]}}