{"id":44813,"date":"2022-09-15T22:49:00","date_gmt":"2022-09-15T19:49:00","guid":{"rendered":"http:\/\/new.ceasuri.md\/shop\/uncategorized\/casio-g-shock-gba-900-7aer\/"},"modified":"2026-05-06T15:32:25","modified_gmt":"2026-05-06T12:32:25","slug":"casio-g-shock-gba-900-7aer","status":"publish","type":"product","link":"https:\/\/ceasuri.md\/ru\/shop\/branduri\/casio\/casio-g-shock-gba-900-7aer\/","title":{"rendered":"\u0427\u0430\u0441\u044b CASIO  G-SHOCK GBA-900-7AER"},"content":{"rendered":"<p>O lansare proasp\u0103t\u0103 pentru 2021 este modelul G-Shock actualizat cu caracter sportiv din seria analogic\u0103-digital\u0103 GBA-900. Designul modelului prezint\u0103 o estetic\u0103 vizual\u0103 evaziv\u0103 a anilor &#8217;90, ceea ce spore\u0219te farmecul s\u0103u deosebit \u00een ochii celor care \u00ee\u0219i amintesc de primele casetofoane SONY \u0219i de casetofoanele duble SHARP.<\/p>\n<p>Pe l\u00e2ng\u0103 aspectul s\u0103u actualizat, aceast\u0103 carcas\u0103 alb\u0103 cu cadran negru dispune de o func\u021bie de pedometru pentru a v\u0103 urm\u0103ri activitatea zilnic\u0103, iar cu ajutorul tehnologiei Bluetooth\u00ae, ceasul se poate sincroniza cu smartphone-ul dumneavoastr\u0103 \u0219i, \u00een plus, poate afi\u0219a \u00een aplica\u021bia smartphone-ului to\u021bi parametrii activit\u0103\u021bii zilnice \u00een cel mai convenabil \u0219i vizual mod posibil.<\/p>\n<p>Ceasul este, de asemenea, capabil s\u0103 afi\u0219eze notific\u0103ri ale apelurilor \u0219i mesajelor primite.<\/p>\n<p>Un cronometru multifunc\u021bional care poate fi utilizat pentru antrenamentul pe intervale. Cronometrul \u0219i intervalele de semnale sonore pot fi acum setate \u00een mod convenabil prin intermediul aplica\u021biei G-Shock Move de pe smartphone \u0219i pot fi rulate pe ceas \u00een timpul antrenamentului.<\/p>\n<p>Pedometrul m\u0103soar\u0103, de asemenea, performan\u021ba de alergare: distan\u021ba, ritmul \u0219i caloriile arse. Un buton DISP separat, situat \u00een partea st\u00e2ng\u0103 a carcasei, v\u0103 permite s\u0103 comuta\u021bi rapid \u00eentre modurile de afi\u0219are a informa\u021biilor pe ecranele ceasului.<\/p>\n<p>Ceasul este potrivit at\u00e2t pentru purtarea de zi cu zi, fiind un accesoriu luminos \u0219i elegant, c\u00e2t \u0219i poate deveni un dispozitiv utilitar pentru antrenamentele zilnice de fitness sau jogging.<\/p>\n<p>Nu uita\u021bi de obi\u0219nuita rezisten\u021b\u0103 la \u0219ocuri G-Shock, de rezisten\u021ba la ap\u0103 de 200 de metri \u0219i de peste o duzin\u0103 de alte caracteristici.<\/p>","protected":false},"excerpt":{"rendered":"<p>O lansare proasp\u0103t\u0103 pentru 2021 este modelul G-Shock actualizat cu caracter sportiv din seria analogic\u0103-digital\u0103 GBA-900. Designul modelului prezint\u0103 o estetic\u0103 vizual\u0103 evaziv\u0103 a anilor &#8217;90, ceea ce spore\u0219te farmecul s\u0103u deosebit \u00een ochii celor care \u00ee\u0219i amintesc de primele casetofoane SONY \u0219i de casetofoanele duble SHARP. Pe l\u00e2ng\u0103 aspectul s\u0103u actualizat, aceast\u0103 carcas\u0103 alb\u0103 [&hellip;]<\/p>\n","protected":false},"featured_media":44814,"comment_status":"closed","ping_status":"open","template":"","meta":{"_acf_changed":false},"product_brand":[],"product_cat":[27,20,419],"product_tag":[],"class_list":{"0":"post-44813","1":"product","2":"type-product","3":"status-publish","4":"has-post-thumbnail","6":"product_cat-casio","7":"product_cat-ceasuri-barbati","8":"product_cat-g-shock","9":"pa_brand-casio","10":"pa_brand-g-shock","11":"pa_braslet-plastic","12":"pa_corpus-49-mm","13":"pa_forma-rotund","14":"pa_funcii-alarma","15":"pa_funcii-bluetooth-smart","16":"pa_funcii-calendar","17":"pa_funcii-cronometru","18":"pa_funcii-dual-time","19":"pa_funcii-iluminare","20":"pa_funcii-pedometru","21":"pa_garatia-24-luni","22":"pa_korpus-alb","23":"pa_kvarc-quartz","24":"pa_material-plastic","25":"pa_mehanizm-electronic","26":"pa_remeshok-alb","27":"pa_steklo-cristal-mineral","28":"pa_strana-japonia","29":"pa_voda-20-atm","31":"first","32":"instock","33":"purchasable","34":"product-type-simple"},"acf":[],"_links":{"self":[{"href":"https:\/\/ceasuri.md\/ru\/wp-json\/wp\/v2\/product\/44813","targetHints":{"allow":["GET"]}}],"collection":[{"href":"https:\/\/ceasuri.md\/ru\/wp-json\/wp\/v2\/product"}],"about":[{"href":"https:\/\/ceasuri.md\/ru\/wp-json\/wp\/v2\/types\/product"}],"replies":[{"embeddable":true,"href":"https:\/\/ceasuri.md\/ru\/wp-json\/wp\/v2\/comments?post=44813"}],"wp:featuredmedia":[{"embeddable":true,"href":"https:\/\/ceasuri.md\/ru\/wp-json\/wp\/v2\/media\/44814"}],"wp:attachment":[{"href":"https:\/\/ceasuri.md\/ru\/wp-json\/wp\/v2\/media?parent=44813"}],"wp:term":[{"taxonomy":"product_brand","embeddable":true,"href":"https:\/\/ceasuri.md\/ru\/wp-json\/wp\/v2\/product_brand?post=44813"},{"taxonomy":"product_cat","embeddable":true,"href":"https:\/\/ceasuri.md\/ru\/wp-json\/wp\/v2\/product_cat?post=44813"},{"taxonomy":"product_tag","embeddable":true,"href":"https:\/\/ceasuri.md\/ru\/wp-json\/wp\/v2\/product_tag?post=44813"}],"curies":[{"name":"wp","href":"https:\/\/api.w.org\/{rel}","templated":true}]}}