{"id":44800,"date":"2026-04-02T22:28:07","date_gmt":"2026-04-02T19:28:07","guid":{"rendered":"http:\/\/new.ceasuri.md\/shop\/uncategorized\/orient-sports-diver-ra-aa0001b39b\/"},"modified":"2026-04-20T00:34:45","modified_gmt":"2026-04-19T21:34:45","slug":"orient-sports-diver-ra-aa0001b39b","status":"publish","type":"product","link":"https:\/\/ceasuri.md\/ru\/shop\/branduri\/orient\/orient-sports-diver-ra-aa0001b39b\/","title":{"rendered":"Ceas ORIENT SPORTS DIVER RA-AA0001B39B"},"content":{"rendered":"<p>Cu o carcas\u0103 structural\u0103, dar elegant\u0103, din o\u021bel inoxidabil, care m\u0103soar\u0103 41,8 mm, modelul Diver Style de ast\u0103zi este potrivit at\u00e2t pentru mediile de afaceri, c\u00e2t \u0219i pentru aventurile \u00een aer liber.<\/p>\n<p>Acesta dispune de o coroan\u0103 \u00een\u0219urubat\u0103 pentru a maximiza rezisten\u021ba la ap\u0103, precum \u0219i de o lunet\u0103 rotativ\u0103 unidirec\u021bional\u0103, cifre arabe luminate pentru o urm\u0103rire simpl\u0103, m\u00e2ini argintate cu accente luminoase, un orificiu pentru dat\u0103 \u0219i markeri albi lumino\u0219i ai orelor pentru o vizibilitate izbitoare.<\/p>","protected":false},"excerpt":{"rendered":"<p>Cu o carcas\u0103 structural\u0103, dar elegant\u0103, din o\u021bel inoxidabil, care m\u0103soar\u0103 41,8 mm, modelul Diver Style de ast\u0103zi este potrivit at\u00e2t pentru mediile de afaceri, c\u00e2t \u0219i pentru aventurile \u00een aer liber. Acesta dispune de o coroan\u0103 \u00een\u0219urubat\u0103 pentru a maximiza rezisten\u021ba la ap\u0103, precum \u0219i de o lunet\u0103 rotativ\u0103 unidirec\u021bional\u0103, cifre arabe luminate pentru [&hellip;]<\/p>\n","protected":false},"featured_media":44801,"comment_status":"closed","ping_status":"open","template":"","meta":{"_acf_changed":false},"product_brand":[],"product_cat":[20,596],"product_tag":[],"class_list":{"0":"post-44800","1":"product","2":"type-product","3":"status-publish","4":"has-post-thumbnail","6":"product_cat-ceasuri-barbati","7":"product_cat-orient","8":"pa_brand-orient","9":"pa_braslet-otel-inoxidabil","10":"pa_corpus-42-mm","11":"pa_forma-rotund","12":"pa_funcii-data","13":"pa_funcii-ziua-saptamanii","14":"pa_garatia-24-luni","15":"pa_korpus-argintiu","16":"pa_korpus-negru","17":"pa_material-otel-inoxidabil","18":"pa_mehanizm-mecanic","19":"pa_mehanizm-mecanism-automatic","20":"pa_remeshok-argintiu","21":"pa_steklo-cristal-safir","22":"pa_strana-japonia","23":"pa_voda-20-atm","25":"first","26":"instock","27":"purchasable","28":"product-type-simple"},"acf":[],"_links":{"self":[{"href":"https:\/\/ceasuri.md\/ru\/wp-json\/wp\/v2\/product\/44800","targetHints":{"allow":["GET"]}}],"collection":[{"href":"https:\/\/ceasuri.md\/ru\/wp-json\/wp\/v2\/product"}],"about":[{"href":"https:\/\/ceasuri.md\/ru\/wp-json\/wp\/v2\/types\/product"}],"replies":[{"embeddable":true,"href":"https:\/\/ceasuri.md\/ru\/wp-json\/wp\/v2\/comments?post=44800"}],"wp:featuredmedia":[{"embeddable":true,"href":"https:\/\/ceasuri.md\/ru\/wp-json\/wp\/v2\/media\/44801"}],"wp:attachment":[{"href":"https:\/\/ceasuri.md\/ru\/wp-json\/wp\/v2\/media?parent=44800"}],"wp:term":[{"taxonomy":"product_brand","embeddable":true,"href":"https:\/\/ceasuri.md\/ru\/wp-json\/wp\/v2\/product_brand?post=44800"},{"taxonomy":"product_cat","embeddable":true,"href":"https:\/\/ceasuri.md\/ru\/wp-json\/wp\/v2\/product_cat?post=44800"},{"taxonomy":"product_tag","embeddable":true,"href":"https:\/\/ceasuri.md\/ru\/wp-json\/wp\/v2\/product_tag?post=44800"}],"curies":[{"name":"wp","href":"https:\/\/api.w.org\/{rel}","templated":true}]}}