{"id":44778,"date":"2026-04-02T22:28:07","date_gmt":"2026-04-02T19:28:07","guid":{"rendered":"http:\/\/new.ceasuri.md\/shop\/uncategorized\/orient-contemporary-rf-qa0008s10b\/"},"modified":"2026-04-20T00:36:24","modified_gmt":"2026-04-19T21:36:24","slug":"orient-contemporary-rf-qa0008s10b","status":"publish","type":"product","link":"https:\/\/ceasuri.md\/ru\/shop\/branduri\/orient\/orient-contemporary-rf-qa0008s10b\/","title":{"rendered":"Ceas ORIENT CONTEMPORARY RF-QA0008S10B"},"content":{"rendered":"<p>Carcasa cu lunet\u0103 medie \u0219i urechi clasice este realizat\u0103 din o\u021bel inoxidabil de culoare argintie, cu o form\u0103 rotund\u0103 \u0219i un design strict.<\/p>\n<p>Cadranul ceasului este alb. Romanul \u0219i m\u00e2inile aplicate pe acesta sunt de culoare neagr\u0103.<\/p>\n<p>\u00cen completarea designului s\u0103u minimalist se afl\u0103 un orificiu convenabil pentru dat\u0103. Sticla mineral\u0103 este foarte durabil\u0103 \u0219i are un grad de transparen\u021b\u0103.<\/p>\n<p>Cureaua din piele maronie \u00een relief. Catarama este argintie clasic\u0103.<\/p>\n<p>Mi\u0219carea cu cuar\u021b nu necesit\u0103 \u00eenf\u0103\u0219urare suplimentar\u0103.<\/p>\n<p>Rezisten\u021ba la ap\u0103 de 30 m.<\/p>","protected":false},"excerpt":{"rendered":"<p>Carcasa cu lunet\u0103 medie \u0219i urechi clasice este realizat\u0103 din o\u021bel inoxidabil de culoare argintie, cu o form\u0103 rotund\u0103 \u0219i un design strict. Cadranul ceasului este alb. Romanul \u0219i m\u00e2inile aplicate pe acesta sunt de culoare neagr\u0103. \u00cen completarea designului s\u0103u minimalist se afl\u0103 un orificiu convenabil pentru dat\u0103. Sticla mineral\u0103 este foarte durabil\u0103 \u0219i [&hellip;]<\/p>\n","protected":false},"featured_media":44779,"comment_status":"closed","ping_status":"open","template":"","meta":{"_acf_changed":false},"product_brand":[],"product_cat":[25,596],"product_tag":[],"class_list":{"0":"post-44778","1":"product","2":"type-product","3":"status-publish","4":"has-post-thumbnail","6":"product_cat-ceasuri-dama","7":"product_cat-orient","8":"pa_brand-orient","9":"pa_braslet-piele","10":"pa_corpus-30-mm","11":"pa_forma-rotund","12":"pa_funcii-data","13":"pa_garatia-24-luni","14":"pa_korpus-argintiu","15":"pa_kvarc-quartz","16":"pa_material-otel-inoxidabil","17":"pa_mehanizm-quartz","18":"pa_remeshok-maro","19":"pa_steklo-cristal-mineral","20":"pa_strana-japonia","21":"pa_voda-3-atm","23":"first","24":"instock","25":"purchasable","26":"product-type-simple"},"acf":[],"_links":{"self":[{"href":"https:\/\/ceasuri.md\/ru\/wp-json\/wp\/v2\/product\/44778","targetHints":{"allow":["GET"]}}],"collection":[{"href":"https:\/\/ceasuri.md\/ru\/wp-json\/wp\/v2\/product"}],"about":[{"href":"https:\/\/ceasuri.md\/ru\/wp-json\/wp\/v2\/types\/product"}],"replies":[{"embeddable":true,"href":"https:\/\/ceasuri.md\/ru\/wp-json\/wp\/v2\/comments?post=44778"}],"wp:featuredmedia":[{"embeddable":true,"href":"https:\/\/ceasuri.md\/ru\/wp-json\/wp\/v2\/media\/44779"}],"wp:attachment":[{"href":"https:\/\/ceasuri.md\/ru\/wp-json\/wp\/v2\/media?parent=44778"}],"wp:term":[{"taxonomy":"product_brand","embeddable":true,"href":"https:\/\/ceasuri.md\/ru\/wp-json\/wp\/v2\/product_brand?post=44778"},{"taxonomy":"product_cat","embeddable":true,"href":"https:\/\/ceasuri.md\/ru\/wp-json\/wp\/v2\/product_cat?post=44778"},{"taxonomy":"product_tag","embeddable":true,"href":"https:\/\/ceasuri.md\/ru\/wp-json\/wp\/v2\/product_tag?post=44778"}],"curies":[{"name":"wp","href":"https:\/\/api.w.org\/{rel}","templated":true}]}}