{"id":44774,"date":"2021-11-30T22:42:00","date_gmt":"2021-11-30T20:42:00","guid":{"rendered":"http:\/\/new.ceasuri.md\/shop\/uncategorized\/orient-contemporary-ra-ba0004s30b\/"},"modified":"2026-05-01T16:58:36","modified_gmt":"2026-05-01T13:58:36","slug":"orient-contemporary-ra-ba0004s30b","status":"publish","type":"product","link":"https:\/\/ceasuri.md\/ru\/shop\/branduri\/orient\/orient-contemporary-ra-ba0004s30b\/","title":{"rendered":"\u0427\u0430\u0441\u044b ORIENT CONTEMPORARY RA-BA0004S30B"},"content":{"rendered":"<p>Noile modele cu calendar multianuale prezint\u0103 un afi\u0219aj unic care \u00eencorporeaz\u0103 anul, luna, data \u0219i ziua.<\/p>\n<p>Acest model \u00eentruchipeaz\u0103 stilul creativ de ceasornic\u0103rie al ORIENT, combin\u00e2nd func\u021bionalitatea ceasurilor mecanice cu designuri originale care \u00eenc\u00e2nt\u0103 pasiona\u021bii care apreciaz\u0103 ceva distinctiv la un ceas.<\/p>\n<p>Dispune de aceast\u0103 func\u021bionalitate automat\u0103 cu \u00eenf\u0103\u0219urare manual\u0103 \u0219i m\u00e2n\u0103 a doua. Un nou introdus spate transparent al carcasei face posibil\u0103 admirarea din spate a mi\u0219c\u0103rii mecanice de precizie.<\/p>\n<p>\u0218i,reglajele calendarului au fost \u00eembun\u0103t\u0103\u021bite semnificativ mai degrab\u0103 dec\u00e2t modelele formaer. acest nou model mo\u0219tene\u0219te sistemul original de afi\u0219are care arat\u0103 calendarul de mai bine de 20 de ani prin coresponden\u021ba ultimelor 2 cifre ale anilor \u0219i lunilor la ora 12, \u0219i coresponden\u021ba zilei \u0219i datei la ora 6. Dar un lucru este diferit. Nu mai exist\u0103 un buton pentru a regla inelul de afi\u0219are, ceea ce \u00eenseamn\u0103 c\u0103 toate reglajele func\u021biei calendarului pot fi acum accesate de la coroan\u0103.<\/p>\n<p>\u00cen plus, designul acestui nou model a fost, de asemenea, rafinat. Cu o carcas\u0103 u\u0219or m\u0103rit\u0103 de 43,5 mm \u00een diametru \u0219i o lunet\u0103 \u00eengust\u0103, noul cadran mai lat face posibil\u0103 alocarea afi\u0219ajelor calendaristice cu caractere mai mari, oferind o mai bun\u0103 lizibilitate. Indicatoarele mari de ore tridimensionale \u0219i acele mari cu fa\u021bete \u00eembun\u0103t\u0103\u021besc, de asemenea, lizibilitatea.<\/p>","protected":false},"excerpt":{"rendered":"<p>Noile modele cu calendar multianuale prezint\u0103 un afi\u0219aj unic care \u00eencorporeaz\u0103 anul, luna, data \u0219i ziua. Acest model \u00eentruchipeaz\u0103 stilul creativ de ceasornic\u0103rie al ORIENT, combin\u00e2nd func\u021bionalitatea ceasurilor mecanice cu designuri originale care \u00eenc\u00e2nt\u0103 pasiona\u021bii care apreciaz\u0103 ceva distinctiv la un ceas. Dispune de aceast\u0103 func\u021bionalitate automat\u0103 cu \u00eenf\u0103\u0219urare manual\u0103 \u0219i m\u00e2n\u0103 a doua. Un [&hellip;]<\/p>\n","protected":false},"featured_media":44775,"comment_status":"closed","ping_status":"open","template":"","meta":{"_acf_changed":false},"product_brand":[],"product_cat":[20,596],"product_tag":[],"class_list":{"0":"post-44774","1":"product","2":"type-product","3":"status-publish","4":"has-post-thumbnail","6":"product_cat-ceasuri-barbati","7":"product_cat-orient","8":"pa_brand-orient","9":"pa_braslet-otel-inoxidabil","10":"pa_corpus-44-mm","11":"pa_forma-rotund","12":"pa_funcii-calendarul-etern","13":"pa_funcii-data","14":"pa_garatia-24-luni","15":"pa_korpus-argintiu","16":"pa_material-otel-inoxidabil","17":"pa_mehanizm-mecanic","18":"pa_mehanizm-mecanism-automatic","19":"pa_remeshok-argintiu","20":"pa_steklo-cristal-mineral","21":"pa_strana-japonia","22":"pa_voda-5-atm","24":"first","25":"instock","26":"purchasable","27":"product-type-simple"},"acf":[],"_links":{"self":[{"href":"https:\/\/ceasuri.md\/ru\/wp-json\/wp\/v2\/product\/44774","targetHints":{"allow":["GET"]}}],"collection":[{"href":"https:\/\/ceasuri.md\/ru\/wp-json\/wp\/v2\/product"}],"about":[{"href":"https:\/\/ceasuri.md\/ru\/wp-json\/wp\/v2\/types\/product"}],"replies":[{"embeddable":true,"href":"https:\/\/ceasuri.md\/ru\/wp-json\/wp\/v2\/comments?post=44774"}],"wp:featuredmedia":[{"embeddable":true,"href":"https:\/\/ceasuri.md\/ru\/wp-json\/wp\/v2\/media\/44775"}],"wp:attachment":[{"href":"https:\/\/ceasuri.md\/ru\/wp-json\/wp\/v2\/media?parent=44774"}],"wp:term":[{"taxonomy":"product_brand","embeddable":true,"href":"https:\/\/ceasuri.md\/ru\/wp-json\/wp\/v2\/product_brand?post=44774"},{"taxonomy":"product_cat","embeddable":true,"href":"https:\/\/ceasuri.md\/ru\/wp-json\/wp\/v2\/product_cat?post=44774"},{"taxonomy":"product_tag","embeddable":true,"href":"https:\/\/ceasuri.md\/ru\/wp-json\/wp\/v2\/product_tag?post=44774"}],"curies":[{"name":"wp","href":"https:\/\/api.w.org\/{rel}","templated":true}]}}