{"id":44765,"date":"2026-04-02T22:28:07","date_gmt":"2026-04-02T19:28:07","guid":{"rendered":"http:\/\/new.ceasuri.md\/shop\/uncategorized\/orient-revival-ra-aa0e03l19b\/"},"modified":"2026-04-20T00:35:02","modified_gmt":"2026-04-19T21:35:02","slug":"orient-revival-ra-aa0e03l19b","status":"publish","type":"product","link":"https:\/\/ceasuri.md\/ru\/shop\/branduri\/orient\/orient-revival-ra-aa0e03l19b\/","title":{"rendered":"Ceas ORIENT REVIVAL RA-AA0E03L19B"},"content":{"rendered":"<p>Noul model Revival, World Map, va include reproducerea fidel\u0103 a cadranului original al h\u0103r\u021bii lumii din 1969, cu un design retro unic \u0219i specifica\u021bii \u0219i caracteristici moderne.<\/p>\n<p>Cadranul cu grada\u021bie albastr\u0103 reflect\u0103 P\u0103m\u00e2ntul ca un corp ceresc \u00een univers. \u0219i a fost special prelucrat pentru a p\u0103rea sferic datorit\u0103 efectului de lentil\u0103. Acesta descrie un p\u0103m\u00e2nt radiant mistic, care aduce un omagiu ad\u00e2ncimii \u0219i frumuse\u021bii m\u0103rii.<\/p>\n<p>La fel ca modelul original din 1969, noul model afi\u0219eaz\u0103 ora, data \u0219i ziua s\u0103pt\u0103m\u00e2nii. De asemenea, are o lunet\u0103 interioar\u0103 care poate fi rotit\u0103 cu ajutorul coroanei din pozi\u021bia de la ora patru a carcasei, permi\u021b\u00e2nd o afi\u0219are simplificat\u0103 a orei pe 24 de ore.<\/p>\n<p>Carcasa a fost actualizat\u0103 pentru a ob\u021bine o rezisten\u021b\u0103 la ap\u0103 p\u00e2n\u0103 la 20 bar, iar br\u0103\u021bara este compus\u0103 din verigi metalice solide pentru suple\u021be \u0219i o potrivire confortabil\u0103.<\/p>","protected":false},"excerpt":{"rendered":"<p>Noul model Revival, World Map, va include reproducerea fidel\u0103 a cadranului original al h\u0103r\u021bii lumii din 1969, cu un design retro unic \u0219i specifica\u021bii \u0219i caracteristici moderne. Cadranul cu grada\u021bie albastr\u0103 reflect\u0103 P\u0103m\u00e2ntul ca un corp ceresc \u00een univers. \u0219i a fost special prelucrat pentru a p\u0103rea sferic datorit\u0103 efectului de lentil\u0103. Acesta descrie un [&hellip;]<\/p>\n","protected":false},"featured_media":44766,"comment_status":"closed","ping_status":"open","template":"","meta":{"_acf_changed":false},"product_brand":[],"product_cat":[20,596],"product_tag":[],"class_list":{"0":"post-44765","1":"product","2":"type-product","3":"status-publish","4":"has-post-thumbnail","6":"product_cat-ceasuri-barbati","7":"product_cat-orient","8":"pa_brand-orient","9":"pa_braslet-otel-inoxidabil","10":"pa_corpus-44-mm","11":"pa_forma-rotund","12":"pa_funcii-data","13":"pa_funcii-ziua-saptamanii","14":"pa_garatia-24-luni","15":"pa_korpus-argintiu","16":"pa_material-otel-inoxidabil","17":"pa_mehanizm-mecanic","18":"pa_mehanizm-mecanism-automatic","19":"pa_remeshok-argintiu","20":"pa_steklo-cristal-mineral","21":"pa_strana-japonia","22":"pa_voda-20-atm","24":"first","25":"instock","26":"purchasable","27":"product-type-simple"},"acf":[],"_links":{"self":[{"href":"https:\/\/ceasuri.md\/ru\/wp-json\/wp\/v2\/product\/44765","targetHints":{"allow":["GET"]}}],"collection":[{"href":"https:\/\/ceasuri.md\/ru\/wp-json\/wp\/v2\/product"}],"about":[{"href":"https:\/\/ceasuri.md\/ru\/wp-json\/wp\/v2\/types\/product"}],"replies":[{"embeddable":true,"href":"https:\/\/ceasuri.md\/ru\/wp-json\/wp\/v2\/comments?post=44765"}],"wp:featuredmedia":[{"embeddable":true,"href":"https:\/\/ceasuri.md\/ru\/wp-json\/wp\/v2\/media\/44766"}],"wp:attachment":[{"href":"https:\/\/ceasuri.md\/ru\/wp-json\/wp\/v2\/media?parent=44765"}],"wp:term":[{"taxonomy":"product_brand","embeddable":true,"href":"https:\/\/ceasuri.md\/ru\/wp-json\/wp\/v2\/product_brand?post=44765"},{"taxonomy":"product_cat","embeddable":true,"href":"https:\/\/ceasuri.md\/ru\/wp-json\/wp\/v2\/product_cat?post=44765"},{"taxonomy":"product_tag","embeddable":true,"href":"https:\/\/ceasuri.md\/ru\/wp-json\/wp\/v2\/product_tag?post=44765"}],"curies":[{"name":"wp","href":"https:\/\/api.w.org\/{rel}","templated":true}]}}