{"id":44761,"date":"2026-04-02T22:28:07","date_gmt":"2026-04-02T19:28:07","guid":{"rendered":"http:\/\/new.ceasuri.md\/shop\/uncategorized\/orient-revival-ra-aa0e02e19b\/"},"modified":"2026-04-17T13:30:02","modified_gmt":"2026-04-17T10:30:02","slug":"orient-revival-ra-aa0e02e19b","status":"publish","type":"product","link":"https:\/\/ceasuri.md\/ru\/shop\/branduri\/orient\/orient-revival-ra-aa0e02e19b\/","title":{"rendered":"Ceas ORIENT REVIVAL RA-AA0E02E19B"},"content":{"rendered":"<p>Noul model Revival World Map va include o replic\u0103 exact\u0103 a cadranului original al mapamondului din 1969, cu un design retro unic \u0219i caracteristici \u0219i func\u021bii moderne.<\/p>\n<p>Cadranul, cu grada\u021biile sale de verde, reflect\u0103 P\u0103m\u00e2ntul ca un corp ceresc \u00een univers. A fost tratat special pentru a face s\u0103 par\u0103 sferic datorit\u0103 efectului de lentil\u0103. Acesta descrie un P\u0103m\u00e2nt misterios \u0219i str\u0103lucitor care aduce un omagiu profunzimii \u0219i frumuse\u021bii p\u0103durii.<\/p>\n<p>La fel ca modelul original din 1969, noul model afi\u0219eaz\u0103 ora, data \u0219i ziua s\u0103pt\u0103m\u00e2nii. De asemenea, are o lunet\u0103 interioar\u0103 care poate fi rotit\u0103 cu coroana din pozi\u021bia de la ora patru a carcasei, ceea ce faciliteaz\u0103 afi\u0219area orei \u00een format de 24 de ore.<\/p>\n<p>Carcasa a fost actualizat\u0103 pentru a asigura rezisten\u021ba la ap\u0103 p\u00e2n\u0103 la 20 bar, iar br\u0103\u021bara este alc\u0103tuit\u0103 din verigi metalice solide pentru flexibilitate \u0219i o potrivire confortabil\u0103.<\/p>","protected":false},"excerpt":{"rendered":"<p>Noul model Revival World Map va include o replic\u0103 exact\u0103 a cadranului original al mapamondului din 1969, cu un design retro unic \u0219i caracteristici \u0219i func\u021bii moderne. Cadranul, cu grada\u021biile sale de verde, reflect\u0103 P\u0103m\u00e2ntul ca un corp ceresc \u00een univers. A fost tratat special pentru a face s\u0103 par\u0103 sferic datorit\u0103 efectului de lentil\u0103. [&hellip;]<\/p>\n","protected":false},"featured_media":44762,"comment_status":"closed","ping_status":"open","template":"","meta":{"_acf_changed":false},"product_brand":[],"product_cat":[20,596],"product_tag":[],"class_list":{"0":"post-44761","1":"product","2":"type-product","3":"status-publish","4":"has-post-thumbnail","6":"product_cat-ceasuri-barbati","7":"product_cat-orient","8":"pa_brand-orient","9":"pa_braslet-otel-inoxidabil","10":"pa_corpus-44-mm","11":"pa_forma-rotund","12":"pa_funcii-data","13":"pa_funcii-ziua-saptamanii","14":"pa_garatia-24-luni","15":"pa_korpus-argintiu","16":"pa_material-otel-inoxidabil","17":"pa_mehanizm-mecanic","18":"pa_mehanizm-mecanism-automatic","19":"pa_remeshok-argintiu","20":"pa_steklo-cristal-mineral","21":"pa_strana-japonia","22":"pa_voda-20-atm","24":"first","25":"instock","26":"purchasable","27":"product-type-simple"},"acf":[],"_links":{"self":[{"href":"https:\/\/ceasuri.md\/ru\/wp-json\/wp\/v2\/product\/44761","targetHints":{"allow":["GET"]}}],"collection":[{"href":"https:\/\/ceasuri.md\/ru\/wp-json\/wp\/v2\/product"}],"about":[{"href":"https:\/\/ceasuri.md\/ru\/wp-json\/wp\/v2\/types\/product"}],"replies":[{"embeddable":true,"href":"https:\/\/ceasuri.md\/ru\/wp-json\/wp\/v2\/comments?post=44761"}],"wp:featuredmedia":[{"embeddable":true,"href":"https:\/\/ceasuri.md\/ru\/wp-json\/wp\/v2\/media\/44762"}],"wp:attachment":[{"href":"https:\/\/ceasuri.md\/ru\/wp-json\/wp\/v2\/media?parent=44761"}],"wp:term":[{"taxonomy":"product_brand","embeddable":true,"href":"https:\/\/ceasuri.md\/ru\/wp-json\/wp\/v2\/product_brand?post=44761"},{"taxonomy":"product_cat","embeddable":true,"href":"https:\/\/ceasuri.md\/ru\/wp-json\/wp\/v2\/product_cat?post=44761"},{"taxonomy":"product_tag","embeddable":true,"href":"https:\/\/ceasuri.md\/ru\/wp-json\/wp\/v2\/product_tag?post=44761"}],"curies":[{"name":"wp","href":"https:\/\/api.w.org\/{rel}","templated":true}]}}