{"id":44751,"date":"2021-11-30T22:42:00","date_gmt":"2021-11-30T20:42:00","guid":{"rendered":"http:\/\/new.ceasuri.md\/shop\/uncategorized\/orient-sports-diver-ra-aa0916l19b\/"},"modified":"2026-05-01T16:58:29","modified_gmt":"2026-05-01T13:58:29","slug":"orient-sports-diver-ra-aa0916l19b","status":"publish","type":"product","link":"https:\/\/ceasuri.md\/ru\/shop\/branduri\/orient\/orient-sports-diver-ra-aa0916l19b\/","title":{"rendered":"\u0427\u0430\u0441\u044b ORIENT SPORTS DIVER RA-AA0916L19B"},"content":{"rendered":"<p>Unul dintre modelele sportive populare ORIENT, cu rezisten\u021b\u0103 ridicat\u0103 la ap\u0103, lunet\u0103 rotativ\u0103 \u0219i un cadran perfect lizibil datorit\u0103 m\u00e2inilor \u0219i markerilor luminoase.<\/p>\n<p>Construc\u021bia carcasei din o\u021bel este realizat\u0103 din o\u021bel inoxidabil cu un diametru de 44 mm \u0219i o grosime de 13 mm. Carcasa ad\u0103poste\u0219te o mi\u0219care cu 22 de bijuterii, cu \u00eenf\u0103\u0219urare manual\u0103, cu o rezerv\u0103 de putere de 40 de ore, 21.600 de vibra\u021bii pe or\u0103, cu dat\u0103 \u0219i ziua s\u0103pt\u0103m\u00e2nii.<\/p>\n<p>Cureaua din silicon are o l\u0103\u021bime de 22 mm, este de culoare neagr\u0103 \u0219i dispune de o \u00eenchiz\u0103toare conven\u021bional\u0103 pentru a-i regla lungimea.<\/p>\n<p>Acest ceas se va potrivi perfect \u00een orice mediu, de la plaj\u0103 p\u00e2n\u0103 la petrecerile zgomotoase din marele ora\u0219.<\/p>","protected":false},"excerpt":{"rendered":"<p>Unul dintre modelele sportive populare ORIENT, cu rezisten\u021b\u0103 ridicat\u0103 la ap\u0103, lunet\u0103 rotativ\u0103 \u0219i un cadran perfect lizibil datorit\u0103 m\u00e2inilor \u0219i markerilor luminoase. Construc\u021bia carcasei din o\u021bel este realizat\u0103 din o\u021bel inoxidabil cu un diametru de 44 mm \u0219i o grosime de 13 mm. Carcasa ad\u0103poste\u0219te o mi\u0219care cu 22 de bijuterii, cu \u00eenf\u0103\u0219urare manual\u0103, [&hellip;]<\/p>\n","protected":false},"featured_media":44752,"comment_status":"closed","ping_status":"open","template":"","meta":{"_acf_changed":false},"product_brand":[],"product_cat":[20,596],"product_tag":[],"class_list":{"0":"post-44751","1":"product","2":"type-product","3":"status-publish","4":"has-post-thumbnail","6":"product_cat-ceasuri-barbati","7":"product_cat-orient","8":"pa_brand-orient","9":"pa_braslet-silicon","10":"pa_corpus-44-mm","11":"pa_forma-rotund","12":"pa_funcii-data","13":"pa_funcii-ziua-saptamanii","14":"pa_garatia-24-luni","15":"pa_korpus-multicolor","16":"pa_material-otel-inoxidabil","17":"pa_mehanizm-mecanic","18":"pa_mehanizm-mecanism-automatic","19":"pa_remeshok-negru","20":"pa_steklo-cristal-mineral","21":"pa_strana-japonia","22":"pa_voda-20-atm","24":"first","25":"instock","26":"purchasable","27":"product-type-simple"},"acf":[],"_links":{"self":[{"href":"https:\/\/ceasuri.md\/ru\/wp-json\/wp\/v2\/product\/44751","targetHints":{"allow":["GET"]}}],"collection":[{"href":"https:\/\/ceasuri.md\/ru\/wp-json\/wp\/v2\/product"}],"about":[{"href":"https:\/\/ceasuri.md\/ru\/wp-json\/wp\/v2\/types\/product"}],"replies":[{"embeddable":true,"href":"https:\/\/ceasuri.md\/ru\/wp-json\/wp\/v2\/comments?post=44751"}],"wp:featuredmedia":[{"embeddable":true,"href":"https:\/\/ceasuri.md\/ru\/wp-json\/wp\/v2\/media\/44752"}],"wp:attachment":[{"href":"https:\/\/ceasuri.md\/ru\/wp-json\/wp\/v2\/media?parent=44751"}],"wp:term":[{"taxonomy":"product_brand","embeddable":true,"href":"https:\/\/ceasuri.md\/ru\/wp-json\/wp\/v2\/product_brand?post=44751"},{"taxonomy":"product_cat","embeddable":true,"href":"https:\/\/ceasuri.md\/ru\/wp-json\/wp\/v2\/product_cat?post=44751"},{"taxonomy":"product_tag","embeddable":true,"href":"https:\/\/ceasuri.md\/ru\/wp-json\/wp\/v2\/product_tag?post=44751"}],"curies":[{"name":"wp","href":"https:\/\/api.w.org\/{rel}","templated":true}]}}