{"id":44743,"date":"2021-11-30T22:42:00","date_gmt":"2021-11-30T20:42:00","guid":{"rendered":"http:\/\/new.ceasuri.md\/shop\/uncategorized\/orient-sports-diver-ra-aa0810n19b\/"},"modified":"2026-05-01T16:58:24","modified_gmt":"2026-05-01T13:58:24","slug":"orient-sports-diver-ra-aa0810n19b","status":"publish","type":"product","link":"https:\/\/ceasuri.md\/ru\/shop\/branduri\/orient\/orient-sports-diver-ra-aa0810n19b\/","title":{"rendered":"\u0427\u0430\u0441\u044b ORIENT SPORTS DIVER RA-AA0810N19B"},"content":{"rendered":"<p>Noile modele sunt ideale pentru sport \u0219i activit\u0103\u021bi \u00een aer liber, iar culorile lor proaspete \u0219i designul la mod\u0103 ofer\u0103 un accent izbitor atunci c\u00e2nd sunt purtate \u00een ora\u0219, ceea ce spore\u0219te atractivitatea lor.<\/p>\n<p>Modelul iese \u00een eviden\u021b\u0103 datorit\u0103 lunetei rotative bicolore distinctive \u0219i cadranelor cu grada\u021bii de culoare caracteristice ORIENT.<\/p>\n<p>Pe placa de aluminiu a lunetei, dou\u0103 culori diferite \u00ee\u0219i \u00eempart marginile separate la indicatoarele triunghiulare \u0219i la cele de 15 minute.<\/p>\n<p>Materialul luminescent cu efect vintage \u00een tonuri de sepia de pe m\u00e2ini \u0219i indicii punctiformi ofer\u0103 aspectul bine uzat al unui ceas care a fost folosit \u0219i iubit timp de mul\u021bi ani. Aceste detalii, \u00eempreun\u0103 cu cadranele cu grada\u021bii de culoare, creeaz\u0103 un aspect vintage atr\u0103g\u0103tor.<\/p>","protected":false},"excerpt":{"rendered":"<p>Noile modele sunt ideale pentru sport \u0219i activit\u0103\u021bi \u00een aer liber, iar culorile lor proaspete \u0219i designul la mod\u0103 ofer\u0103 un accent izbitor atunci c\u00e2nd sunt purtate \u00een ora\u0219, ceea ce spore\u0219te atractivitatea lor. Modelul iese \u00een eviden\u021b\u0103 datorit\u0103 lunetei rotative bicolore distinctive \u0219i cadranelor cu grada\u021bii de culoare caracteristice ORIENT. Pe placa de aluminiu [&hellip;]<\/p>\n","protected":false},"featured_media":44744,"comment_status":"closed","ping_status":"open","template":"","meta":{"_acf_changed":false},"product_brand":[],"product_cat":[20,596],"product_tag":[],"class_list":{"0":"post-44743","1":"product","2":"type-product","3":"status-publish","4":"has-post-thumbnail","6":"product_cat-ceasuri-barbati","7":"product_cat-orient","8":"pa_brand-orient","9":"pa_braslet-otel-inoxidabil","10":"pa_corpus-42-mm","11":"pa_forma-rotund","12":"pa_funcii-data","13":"pa_funcii-ziua-saptamanii","14":"pa_garatia-24-luni","15":"pa_korpus-argintiu","16":"pa_material-otel-inoxidabil","17":"pa_mehanizm-mecanic","18":"pa_mehanizm-mecanism-automatic","19":"pa_remeshok-argintiu","20":"pa_steklo-cristal-safir","21":"pa_strana-japonia","22":"pa_voda-20-atm","24":"first","25":"instock","26":"purchasable","27":"product-type-simple"},"acf":[],"_links":{"self":[{"href":"https:\/\/ceasuri.md\/ru\/wp-json\/wp\/v2\/product\/44743","targetHints":{"allow":["GET"]}}],"collection":[{"href":"https:\/\/ceasuri.md\/ru\/wp-json\/wp\/v2\/product"}],"about":[{"href":"https:\/\/ceasuri.md\/ru\/wp-json\/wp\/v2\/types\/product"}],"replies":[{"embeddable":true,"href":"https:\/\/ceasuri.md\/ru\/wp-json\/wp\/v2\/comments?post=44743"}],"wp:featuredmedia":[{"embeddable":true,"href":"https:\/\/ceasuri.md\/ru\/wp-json\/wp\/v2\/media\/44744"}],"wp:attachment":[{"href":"https:\/\/ceasuri.md\/ru\/wp-json\/wp\/v2\/media?parent=44743"}],"wp:term":[{"taxonomy":"product_brand","embeddable":true,"href":"https:\/\/ceasuri.md\/ru\/wp-json\/wp\/v2\/product_brand?post=44743"},{"taxonomy":"product_cat","embeddable":true,"href":"https:\/\/ceasuri.md\/ru\/wp-json\/wp\/v2\/product_cat?post=44743"},{"taxonomy":"product_tag","embeddable":true,"href":"https:\/\/ceasuri.md\/ru\/wp-json\/wp\/v2\/product_tag?post=44743"}],"curies":[{"name":"wp","href":"https:\/\/api.w.org\/{rel}","templated":true}]}}