{"id":44633,"date":"2026-04-02T22:26:05","date_gmt":"2026-04-02T19:26:05","guid":{"rendered":"http:\/\/new.ceasuri.md\/shop\/uncategorized\/lancaster-murano-lady-red-0643bk-rs\/"},"modified":"2026-04-15T19:52:37","modified_gmt":"2026-04-15T16:52:37","slug":"lancaster-murano-lady-red-0643bk-rs","status":"publish","type":"product","link":"https:\/\/ceasuri.md\/ru\/shop\/branduri\/lancaster\/lancaster-murano-lady-red-0643bk-rs\/","title":{"rendered":"Ceas LANCASTER MURANO LADY RED 0643BK\/RS"},"content":{"rendered":"<p>Istoria ceasurilor Lancaster este plin\u0103 de fascina\u021bie \u0219i aproape la fel de veche ca lumea&#8230; 300 de ani! Totul a \u00eenceput c\u00e2nd astronomul olandez Christian Huygens a inventat un sistem special pentru echilibrarea ceasurilor, dup\u0103 care s-a mutat \u00een Elve\u021bia din motive religioase la mijlocul secolului al XVII-lea.<\/p>\n<p>Astfel a ap\u0103rut cel mai faimos magazin de ceasuri din Geneva, unde Christian producea ceasuri de \u00eenalt\u0103 precizie.<\/p>\n<p>Numele Lancaster a fost dat dup\u0103 ora\u0219ul cu acela\u0219i nume, zon\u0103 din care provenea cel mai bun ucenic al s\u0103u, pe nume Edward Higgins. La acea vreme, Christian a vrut s\u0103 \u00eel \u00eenve\u021be \u0219i s\u0103 \u00eei \u00eemp\u0103rt\u0103\u0219easc\u0103 toate secretele orologeriei, cu pu\u021bin timp \u00eenainte s\u0103 moar\u0103. A fost o alegere inspirat\u0103, pentru c\u0103 Higgins s-a dovedit a fi un submarinist priceput \u0219i un str\u0103lucit om de afaceri.<\/p>\n<p>\u00cen acele zile, fiecare bancher \u0219i comerciant din Europa avea la \u00eendem\u00e2n\u0103 o marc\u0103 Lancaster.<\/p>\n<p>O marc\u0103 caracterizat\u0103 de o elegan\u021b\u0103 \u0219i o frumuse\u021be rar\u0103, mereu inovatoare, a fost \u00een 2000 c\u00e2nd marca a f\u0103cut o mare schimbare \u00een industrie. Odat\u0103 cu lansarea colec\u021biilor Iohio \u0219i Intrigo, au fost lansate curele colorate \u00een tot felul de materiale inovatoare, care au fost ulterior inspirate de alte m\u0103rci de ceasuri.<\/p>","protected":false},"excerpt":{"rendered":"<p>Istoria ceasurilor Lancaster este plin\u0103 de fascina\u021bie \u0219i aproape la fel de veche ca lumea&#8230; 300 de ani! Totul a \u00eenceput c\u00e2nd astronomul olandez Christian Huygens a inventat un sistem special pentru echilibrarea ceasurilor, dup\u0103 care s-a mutat \u00een Elve\u021bia din motive religioase la mijlocul secolului al XVII-lea. Astfel a ap\u0103rut cel mai faimos magazin [&hellip;]<\/p>\n","protected":false},"featured_media":44634,"comment_status":"closed","ping_status":"open","template":"","meta":{"_acf_changed":false},"product_brand":[],"product_cat":[25,118,26],"product_tag":[],"class_list":{"0":"post-44633","1":"product","2":"type-product","3":"status-publish","4":"has-post-thumbnail","6":"product_cat-ceasuri-dama","7":"product_cat-lancaster","8":"product_cat-sale-ceas-de-dama","9":"pa_brand-lancaster","10":"pa_braslet-cauciuc","11":"pa_corpus-38-mm","12":"pa_forma-rotund","13":"pa_funcii-data","14":"pa_garatia-6-luni","15":"pa_korpus-negru","16":"pa_kvarc-quartz","17":"pa_material-otel-inoxidabil","18":"pa_mehanizm-quartz","19":"pa_remeshok-rosu","20":"pa_steklo-cristal-mineral","21":"pa_strana-italia","22":"pa_voda-5-atm","24":"first","25":"instock","26":"sale","27":"purchasable","28":"product-type-simple"},"acf":[],"_links":{"self":[{"href":"https:\/\/ceasuri.md\/ru\/wp-json\/wp\/v2\/product\/44633","targetHints":{"allow":["GET"]}}],"collection":[{"href":"https:\/\/ceasuri.md\/ru\/wp-json\/wp\/v2\/product"}],"about":[{"href":"https:\/\/ceasuri.md\/ru\/wp-json\/wp\/v2\/types\/product"}],"replies":[{"embeddable":true,"href":"https:\/\/ceasuri.md\/ru\/wp-json\/wp\/v2\/comments?post=44633"}],"wp:featuredmedia":[{"embeddable":true,"href":"https:\/\/ceasuri.md\/ru\/wp-json\/wp\/v2\/media\/44634"}],"wp:attachment":[{"href":"https:\/\/ceasuri.md\/ru\/wp-json\/wp\/v2\/media?parent=44633"}],"wp:term":[{"taxonomy":"product_brand","embeddable":true,"href":"https:\/\/ceasuri.md\/ru\/wp-json\/wp\/v2\/product_brand?post=44633"},{"taxonomy":"product_cat","embeddable":true,"href":"https:\/\/ceasuri.md\/ru\/wp-json\/wp\/v2\/product_cat?post=44633"},{"taxonomy":"product_tag","embeddable":true,"href":"https:\/\/ceasuri.md\/ru\/wp-json\/wp\/v2\/product_tag?post=44633"}],"curies":[{"name":"wp","href":"https:\/\/api.w.org\/{rel}","templated":true}]}}