{"id":44619,"date":"2026-04-02T22:26:05","date_gmt":"2026-04-02T19:26:05","guid":{"rendered":"http:\/\/new.ceasuri.md\/shop\/uncategorized\/casio-g-shock-gm-2100-1aer\/"},"modified":"2026-04-17T13:20:00","modified_gmt":"2026-04-17T10:20:00","slug":"casio-g-shock-gm-2100-1aer","status":"publish","type":"product","link":"https:\/\/ceasuri.md\/ru\/shop\/branduri\/casio\/casio-g-shock-gm-2100-1aer\/","title":{"rendered":"Ceas CASIO G-SHOCK GM-2100-1AER"},"content":{"rendered":"<p>Un ceas rezistent la \u0219ocuri cu o umplutur\u0103 func\u021bional\u0103, perfect pentru cei care iubesc un stil de via\u021b\u0103 activ.<\/p>\n<p>Un ceas cu carcas\u0103 octogonal\u0103 din o\u021bel, cu tratare contrastant\u0103 a elementelor &#8211; de la lustruirea p\u0103r\u021bii principale la perierea aspr\u0103 a lunetei \u0219i a cadranului.<\/p>\n<p>Func\u021bia de hublou \u00eemperecheat lumineaz\u0103 nu numai cadranul analogic, ci \u0219i afi\u0219ajul digital. Culoarea luminii de fundal: alb. Acoperirea antireflectorizant\u0103 de acumulare a luminii asigur\u0103 o str\u0103lucire de lung\u0103 durat\u0103 \u00een \u00eentuneric, chiar \u0219i dup\u0103 o scurt\u0103 expunere la lumin\u0103.<\/p>\n<p>Format de timp de 12 \u0219i 24 de ore. Cronometru cu precizie de 1\/100 de secunde \u0219i timp de m\u0103surare de 24 de ore. Cronometru cu num\u0103r\u0103toare invers\u0103 de la 1\/1min la 24h cu repetare automat\u0103.<\/p>\n<p>Ora mondial\u0103 &#8211; 48 de ora\u0219e (31 de fusuri orare), timp universal coordonat (UTC). Func\u021bia de activare\/dezactivare a orei de var\u0103. Indicatorul retrograd pentru s\u0103pt\u0103m\u00e2n\u0103. Func\u021bii de mutare\/dezactivare \u0219i de mi\u0219care a m\u00e2inii pentru vizualizarea f\u0103r\u0103 obstacole a informa\u021biilor de pe afi\u0219ajele digitale.<\/p>\n<p>Fundul carcasei din o\u021bel fixat cu 4 \u0219uruburi. Curea confortabil\u0103 din polimer cu sistem de schimbare rapid\u0103 \u0219i cataram\u0103 clasic\u0103.<\/p>","protected":false},"excerpt":{"rendered":"<p>Un ceas rezistent la \u0219ocuri cu o umplutur\u0103 func\u021bional\u0103, perfect pentru cei care iubesc un stil de via\u021b\u0103 activ. Un ceas cu carcas\u0103 octogonal\u0103 din o\u021bel, cu tratare contrastant\u0103 a elementelor &#8211; de la lustruirea p\u0103r\u021bii principale la perierea aspr\u0103 a lunetei \u0219i a cadranului. Func\u021bia de hublou \u00eemperecheat lumineaz\u0103 nu numai cadranul analogic, ci [&hellip;]<\/p>\n","protected":false},"featured_media":44620,"comment_status":"closed","ping_status":"open","template":"","meta":{"_acf_changed":false},"product_brand":[],"product_cat":[27,20,419],"product_tag":[],"class_list":{"0":"post-44619","1":"product","2":"type-product","3":"status-publish","4":"has-post-thumbnail","6":"product_cat-casio","7":"product_cat-ceasuri-barbati","8":"product_cat-g-shock","9":"pa_brand-casio","10":"pa_brand-g-shock","11":"pa_braslet-plastic","12":"pa_corpus-44x49mm","13":"pa_forma-octogonala","14":"pa_funcii-alarma","15":"pa_funcii-cronometru","16":"pa_funcii-iluminare","17":"pa_funcii-timp-mondial","18":"pa_funcii-ziua-saptamanii","19":"pa_garatia-24-luni","20":"pa_korpus-argintiu","21":"pa_kvarc-quartz","22":"pa_material-otel-inoxidabil","23":"pa_material-plastic","24":"pa_mehanizm-electronic","25":"pa_mehanizm-quartz","26":"pa_remeshok-negru","27":"pa_steklo-cristal-mineral","28":"pa_strana-japonia","29":"pa_voda-20-atm","31":"first","32":"instock","33":"purchasable","34":"product-type-simple"},"acf":[],"_links":{"self":[{"href":"https:\/\/ceasuri.md\/ru\/wp-json\/wp\/v2\/product\/44619","targetHints":{"allow":["GET"]}}],"collection":[{"href":"https:\/\/ceasuri.md\/ru\/wp-json\/wp\/v2\/product"}],"about":[{"href":"https:\/\/ceasuri.md\/ru\/wp-json\/wp\/v2\/types\/product"}],"replies":[{"embeddable":true,"href":"https:\/\/ceasuri.md\/ru\/wp-json\/wp\/v2\/comments?post=44619"}],"wp:featuredmedia":[{"embeddable":true,"href":"https:\/\/ceasuri.md\/ru\/wp-json\/wp\/v2\/media\/44620"}],"wp:attachment":[{"href":"https:\/\/ceasuri.md\/ru\/wp-json\/wp\/v2\/media?parent=44619"}],"wp:term":[{"taxonomy":"product_brand","embeddable":true,"href":"https:\/\/ceasuri.md\/ru\/wp-json\/wp\/v2\/product_brand?post=44619"},{"taxonomy":"product_cat","embeddable":true,"href":"https:\/\/ceasuri.md\/ru\/wp-json\/wp\/v2\/product_cat?post=44619"},{"taxonomy":"product_tag","embeddable":true,"href":"https:\/\/ceasuri.md\/ru\/wp-json\/wp\/v2\/product_tag?post=44619"}],"curies":[{"name":"wp","href":"https:\/\/api.w.org\/{rel}","templated":true}]}}