{"id":44605,"date":"2026-04-02T22:26:05","date_gmt":"2026-04-02T19:26:05","guid":{"rendered":"http:\/\/new.ceasuri.md\/shop\/uncategorized\/casio-edifice-efv-620d-2a\/"},"modified":"2026-04-07T04:11:29","modified_gmt":"2026-04-07T01:11:29","slug":"casio-edifice-efv-620d-2a","status":"publish","type":"product","link":"https:\/\/ceasuri.md\/ru\/shop\/branduri\/casio\/casio-edifice-efv-620d-2a\/","title":{"rendered":"Ceas CASIO EDIFICE EFV-620D-2A"},"content":{"rendered":"<p>Acest nou produs practic \u00eei va \u00eenc\u00e2nta cu siguran\u021b\u0103 pe fanii ceasurilor Edifice.<\/p>\n<p>Acoperirea anti-reflexiv\u0103 care acumuleaz\u0103 lumin\u0103 asigur\u0103 o str\u0103lucire de lung\u0103 durat\u0103 \u00een \u00eentuneric, chiar \u0219i dup\u0103 o scurt\u0103 expunere la lumin\u0103.<\/p>\n<p>Ceas cronograf cu cronometru. Cronometru cu precizie de 1\/10s \u0219i timp de m\u0103surare de 1h.<\/p>\n<p>Cadranul cu liniu\u021be este realizat cu tehnologia Sunray. Fereastr\u0103 pentru dat\u0103 la ora 4.<\/p>\n<p>Coroana este protejat\u0103. Fundul carcasei cu \u00eenchidere cu \u0219urub. Rezistent la ap\u0103 \u00een conformitate cu ISO 22810.<\/p>\n<p>\u00cencuietoarea de siguran\u021b\u0103 de pe br\u0103\u021bar\u0103 \u00eempiedic\u0103 eliberarea accidental\u0103. \u00cencuietoare tripl\u0103 pliabil\u0103, eliberare cu o singur\u0103 atingere.<\/p>","protected":false},"excerpt":{"rendered":"<p>Acest nou produs practic \u00eei va \u00eenc\u00e2nta cu siguran\u021b\u0103 pe fanii ceasurilor Edifice. Acoperirea anti-reflexiv\u0103 care acumuleaz\u0103 lumin\u0103 asigur\u0103 o str\u0103lucire de lung\u0103 durat\u0103 \u00een \u00eentuneric, chiar \u0219i dup\u0103 o scurt\u0103 expunere la lumin\u0103. Ceas cronograf cu cronometru. Cronometru cu precizie de 1\/10s \u0219i timp de m\u0103surare de 1h. Cadranul cu liniu\u021be este realizat cu [&hellip;]<\/p>\n","protected":false},"featured_media":44606,"comment_status":"closed","ping_status":"open","template":"","meta":{"_acf_changed":false},"product_brand":[],"product_cat":[27,20,536],"product_tag":[],"class_list":{"0":"post-44605","1":"product","2":"type-product","3":"status-publish","4":"has-post-thumbnail","6":"product_cat-casio","7":"product_cat-ceasuri-barbati","8":"product_cat-edifice","9":"pa_brand-casio","10":"pa_brand-edifice","11":"pa_braslet-otel-inoxidabil","12":"pa_corpus-51-mm","13":"pa_forma-rotund","14":"pa_funcii-cronograf","15":"pa_funcii-data","16":"pa_garatia-24-luni","17":"pa_korpus-argintiu","18":"pa_material-otel-inoxidabil","19":"pa_mehanizm-quartz","20":"pa_remeshok-argintiu","21":"pa_steklo-cristal-mineral","22":"pa_strana-japonia","23":"pa_voda-10-atm","25":"first","26":"instock","27":"purchasable","28":"product-type-simple"},"acf":[],"_links":{"self":[{"href":"https:\/\/ceasuri.md\/ru\/wp-json\/wp\/v2\/product\/44605","targetHints":{"allow":["GET"]}}],"collection":[{"href":"https:\/\/ceasuri.md\/ru\/wp-json\/wp\/v2\/product"}],"about":[{"href":"https:\/\/ceasuri.md\/ru\/wp-json\/wp\/v2\/types\/product"}],"replies":[{"embeddable":true,"href":"https:\/\/ceasuri.md\/ru\/wp-json\/wp\/v2\/comments?post=44605"}],"wp:featuredmedia":[{"embeddable":true,"href":"https:\/\/ceasuri.md\/ru\/wp-json\/wp\/v2\/media\/44606"}],"wp:attachment":[{"href":"https:\/\/ceasuri.md\/ru\/wp-json\/wp\/v2\/media?parent=44605"}],"wp:term":[{"taxonomy":"product_brand","embeddable":true,"href":"https:\/\/ceasuri.md\/ru\/wp-json\/wp\/v2\/product_brand?post=44605"},{"taxonomy":"product_cat","embeddable":true,"href":"https:\/\/ceasuri.md\/ru\/wp-json\/wp\/v2\/product_cat?post=44605"},{"taxonomy":"product_tag","embeddable":true,"href":"https:\/\/ceasuri.md\/ru\/wp-json\/wp\/v2\/product_tag?post=44605"}],"curies":[{"name":"wp","href":"https:\/\/api.w.org\/{rel}","templated":true}]}}