{"id":44600,"date":"2026-04-02T22:26:05","date_gmt":"2026-04-02T19:26:05","guid":{"rendered":"http:\/\/new.ceasuri.md\/shop\/uncategorized\/storm-tiah-drop-necklace\/"},"modified":"2026-04-28T16:07:28","modified_gmt":"2026-04-28T13:07:28","slug":"storm-tiah-drop-necklace","status":"publish","type":"product","link":"https:\/\/ceasuri.md\/ru\/shop\/accesorii\/storm-tiah-drop-necklace\/","title":{"rendered":"STORM TIAH DROP NECKLACE"},"content":{"rendered":"<p>STORM este o marc\u0103 britanic\u0103 specializat\u0103 \u00een ceasuri de m\u00e2n\u0103, bijuterii \u0219i accesorii. A fost fondat\u0103 \u00een 1989 la Londra.<\/p>\n<p>Specialitatea m\u0103rcii este combina\u021bia dintre calitatea clasic\u0103, designul elegant \u0219i neobi\u0219nuit \u0219i pre\u021bul accesibil.<\/p>","protected":false},"excerpt":{"rendered":"<p>STORM este o marc\u0103 britanic\u0103 specializat\u0103 \u00een ceasuri de m\u00e2n\u0103, bijuterii \u0219i accesorii. A fost fondat\u0103 \u00een 1989 la Londra. Specialitatea m\u0103rcii este combina\u021bia dintre calitatea clasic\u0103, designul elegant \u0219i neobi\u0219nuit \u0219i pre\u021bul accesibil.<\/p>","protected":false},"featured_media":44601,"comment_status":"closed","ping_status":"open","template":"","meta":{"_acf_changed":false},"product_brand":[],"product_cat":[575,1881,18,1882,1883,22,592,1884,1885],"product_tag":[],"class_list":{"0":"post-44600","1":"product","2":"type-product","3":"status-publish","4":"has-post-thumbnail","6":"product_cat-accesorii","7":"product_cat-accesorii-dama-2","8":"product_cat-branduri","9":"product_cat-coliere-2","10":"product_cat-lanturi-2","11":"product_cat-sale","12":"product_cat-sale-bijuterii","13":"product_cat-sale-bijuterii-dama-2","14":"product_cat-storm-2","15":"pa_brand-storm","16":"pa_corpus-45-cm","17":"pa_decor-zirconiu","18":"pa_korpus-argintiu","19":"pa_material-otel-inoxidabil","20":"pa_strana-marea-britanie","22":"first","23":"instock","24":"sale","25":"purchasable","26":"product-type-simple"},"acf":[],"_links":{"self":[{"href":"https:\/\/ceasuri.md\/ru\/wp-json\/wp\/v2\/product\/44600","targetHints":{"allow":["GET"]}}],"collection":[{"href":"https:\/\/ceasuri.md\/ru\/wp-json\/wp\/v2\/product"}],"about":[{"href":"https:\/\/ceasuri.md\/ru\/wp-json\/wp\/v2\/types\/product"}],"replies":[{"embeddable":true,"href":"https:\/\/ceasuri.md\/ru\/wp-json\/wp\/v2\/comments?post=44600"}],"wp:featuredmedia":[{"embeddable":true,"href":"https:\/\/ceasuri.md\/ru\/wp-json\/wp\/v2\/media\/44601"}],"wp:attachment":[{"href":"https:\/\/ceasuri.md\/ru\/wp-json\/wp\/v2\/media?parent=44600"}],"wp:term":[{"taxonomy":"product_brand","embeddable":true,"href":"https:\/\/ceasuri.md\/ru\/wp-json\/wp\/v2\/product_brand?post=44600"},{"taxonomy":"product_cat","embeddable":true,"href":"https:\/\/ceasuri.md\/ru\/wp-json\/wp\/v2\/product_cat?post=44600"},{"taxonomy":"product_tag","embeddable":true,"href":"https:\/\/ceasuri.md\/ru\/wp-json\/wp\/v2\/product_tag?post=44600"}],"curies":[{"name":"wp","href":"https:\/\/api.w.org\/{rel}","templated":true}]}}