{"id":44577,"date":"2026-04-02T22:26:05","date_gmt":"2026-04-02T19:26:05","guid":{"rendered":"http:\/\/new.ceasuri.md\/shop\/uncategorized\/edox-north-sea-80118-357ng-n1\/"},"modified":"2026-04-20T01:05:48","modified_gmt":"2026-04-19T22:05:48","slug":"edox-north-sea-80118-357ng-n1","status":"publish","type":"product","link":"https:\/\/ceasuri.md\/ru\/shop\/branduri\/edox\/edox-north-sea-80118-357ng-n1\/","title":{"rendered":"\u0427\u0430\u0441\u044b EDOX NORTH SEA 80118-357NG-N1"},"content":{"rendered":"<p>Edox North Sea 1978 este un uimitor ceas fabricat \u00een Elve\u021bia. Ceasul comemoreaz\u0103 evenimentul din 1978, c\u00e2nd scafandrii din Marea Nordului au intrat \u00een Cartea Recordurilor prin scufundarea la o ad\u00e2ncime de 320 de metri \u00een apele \u00eenghe\u021bate ale fiordului Sk\u00e5nevik de pe coasta Norvegiei. Aceast\u0103 realizare a fost supranumit\u0103 &#8222;Reverse Moon Landing&#8221; \u0219i a fost cea mai ad\u00e2nc\u0103 scufundare f\u0103cut\u0103 vreodat\u0103 \u00een Marea Nordului.<\/p>\n<p>Carcasa acestor frumoase scafandri este fabricat\u0103 din o\u021bel inoxidabil cu un frumos strat metalic DLC. Ceasul are toate caracteristicile necesare: rezisten\u021b\u0103 la ap\u0103 de 320 de metri, cristal de safir, dou\u0103 curele (piele \u0219i p\u00e2nz\u0103) \u0219i ceasul elve\u021bian Edox Cal. 80, care se bazeaz\u0103 pe mi\u0219carea Sellita SW200. Ceasul are, de asemenea, un cadran negru \u0219i o fereastr\u0103 pentru dat\u0103 la ora 3.<\/p>\n<p>Edi\u021bia special\u0103 vine cu o curea suplimentar\u0103 \u0219i o cutie special\u0103.<\/p>","protected":false},"excerpt":{"rendered":"<p>Edox North Sea 1978 este un uimitor ceas fabricat \u00een Elve\u021bia. Ceasul comemoreaz\u0103 evenimentul din 1978, c\u00e2nd scafandrii din Marea Nordului au intrat \u00een Cartea Recordurilor prin scufundarea la o ad\u00e2ncime de 320 de metri \u00een apele \u00eenghe\u021bate ale fiordului Sk\u00e5nevik de pe coasta Norvegiei. Aceast\u0103 realizare a fost supranumit\u0103 &#8222;Reverse Moon Landing&#8221; \u0219i a [&hellip;]<\/p>\n","protected":false},"featured_media":44578,"comment_status":"closed","ping_status":"open","template":"","meta":{"_acf_changed":false},"product_brand":[],"product_cat":[20,106,107],"product_tag":[],"class_list":{"0":"post-44577","1":"product","2":"type-product","3":"status-publish","4":"has-post-thumbnail","6":"product_cat-ceasuri-barbati","7":"product_cat-ceasuri-premium","8":"product_cat-edox","9":"pa_brand-edox","10":"pa_braslet-piele","11":"pa_corpus-43-mm","12":"pa_forma-rotund","13":"pa_funcii-data","14":"pa_funcii-set-cadou","15":"pa_funcii-special-edition","16":"pa_garatia-24-luni","17":"pa_korpus-gri","18":"pa_material-ceramica","19":"pa_material-otel-inoxidabil","20":"pa_mehanizm-mecanic","21":"pa_mehanizm-mecanism-automatic","22":"pa_remeshok-negru","23":"pa_steklo-cristal-safir","24":"pa_strana-elvetia","25":"pa_voda-30-atm","27":"first","28":"instock","29":"purchasable","30":"product-type-simple"},"acf":[],"_links":{"self":[{"href":"https:\/\/ceasuri.md\/ru\/wp-json\/wp\/v2\/product\/44577","targetHints":{"allow":["GET"]}}],"collection":[{"href":"https:\/\/ceasuri.md\/ru\/wp-json\/wp\/v2\/product"}],"about":[{"href":"https:\/\/ceasuri.md\/ru\/wp-json\/wp\/v2\/types\/product"}],"replies":[{"embeddable":true,"href":"https:\/\/ceasuri.md\/ru\/wp-json\/wp\/v2\/comments?post=44577"}],"wp:featuredmedia":[{"embeddable":true,"href":"https:\/\/ceasuri.md\/ru\/wp-json\/wp\/v2\/media\/44578"}],"wp:attachment":[{"href":"https:\/\/ceasuri.md\/ru\/wp-json\/wp\/v2\/media?parent=44577"}],"wp:term":[{"taxonomy":"product_brand","embeddable":true,"href":"https:\/\/ceasuri.md\/ru\/wp-json\/wp\/v2\/product_brand?post=44577"},{"taxonomy":"product_cat","embeddable":true,"href":"https:\/\/ceasuri.md\/ru\/wp-json\/wp\/v2\/product_cat?post=44577"},{"taxonomy":"product_tag","embeddable":true,"href":"https:\/\/ceasuri.md\/ru\/wp-json\/wp\/v2\/product_tag?post=44577"}],"curies":[{"name":"wp","href":"https:\/\/api.w.org\/{rel}","templated":true}]}}