{"id":44570,"date":"2026-04-02T22:26:05","date_gmt":"2026-04-02T19:26:05","guid":{"rendered":"http:\/\/new.ceasuri.md\/shop\/uncategorized\/edox-delfin-53020-3m-bucnd\/"},"modified":"2026-04-20T00:19:14","modified_gmt":"2026-04-19T21:19:14","slug":"edox-delfin-53020-3m-bucnd","status":"publish","type":"product","link":"https:\/\/ceasuri.md\/ru\/shop\/branduri\/edox\/edox-delfin-53020-3m-bucnd\/","title":{"rendered":"\u0427\u0430\u0441\u044b EDOX DELFIN 53020-3M-BUCND"},"content":{"rendered":"<p><a href=\"https:\/\/ceasuri.md\/wp-content\/uploads\/2022\/05\/c84cb3d8-53020_gillespie_5.webp\"><img loading=\"lazy\" decoding=\"async\" src=\"https:\/\/ceasuri.md\/wp-content\/uploads\/2022\/05\/c84cb3d8-53020_gillespie_5-300x200.webp\" alt=\"\" width=\"300\" height=\"200\" class=\"alignnone size-medium wp-image-48505\" \/><\/a><\/p>\n<p>O serie special\u0103 de ceasuri pentru a marca noua colaborare dintre EDOX \u0219i campioana la freediving Marianne Gillespie. Atunci c\u00e2nd Marianne se scufund\u0103 ad\u00e2nc sub ap\u0103, ea \u0219tie c\u0103 fiecare secund\u0103 conteaz\u0103. &#8222;Nu exist\u0103 limite sub ap\u0103&#8221;, spune Marianne, multipl\u0103 campioan\u0103 mondial\u0103 la freediving. &#8222;Depinde doar de tine c\u00e2t de departe po\u021bi ajunge cu adev\u0103rat \u00eentr-o singur\u0103 respira\u021bie. \u0218i ai nevoie de un ceas complet fiabil pentru a explora ad\u00e2ncurile oceanului \u0219i a-\u021bi dep\u0103\u0219i limitele.&#8221;<\/p>\n<p>Acum, Marianne s-a asociat cu Edox pentru a dep\u0103\u0219i din nou limitele cu noul ceas. Este un ceas unic pentru femei care combin\u0103 construc\u021bia robust\u0103 cu un aspect atr\u0103g\u0103tor. Designul colorat aduce un omagiu mo\u0219tenirii bogate a Edox \u0219i a colec\u021biei Delfin.<\/p>\n<p>Introdus pentru prima dat\u0103 \u00een 1961, inovatorul ceas Edox Delfin, cu sistemul s\u0103u patentat de etan\u0219are dubl\u0103 \u0219i carcasa ranforsat\u0103, a stabilit un punct de referin\u021b\u0103 pentru ceasurile rezistente la ap\u0103.<\/p>\n<p>Sigiliul dublu patentat \u00eensemna c\u0103 ceasul Delfin r\u0103m\u00e2nea rezistent la ap\u0103 chiar \u0219i cu coroana deschis\u0103. Ceasul a fost un adev\u0103rat succes \u0219i Edox s-a impus ca &#8222;campion al apei&#8221; \u00een industria ceasurilor elve\u021biene.<\/p>\n<p>Noul Edox Delfin este rezistent la ap\u0103 p\u00e2n\u0103 la 200 de metri. Dar acest model are o not\u0103 mai feminin\u0103: cadranul albastru Caraibe str\u0103luce\u0219te cu 8 diamante str\u0103lucitoare \u0219i este protejat de un cristal de safir rezistent la zg\u00e2rieturi cu strat antireflex.<\/p>\n<p>Noul Edox Delfin de 38 mm nu este prea voluminos, iar ansele flexibile \u00eel fac u\u0219or de purtat at\u00e2t pe \u00eencheieturile mici, c\u00e2t \u0219i pe cele mari. Luneta spectaculoas\u0103 cu 12 fe\u021be aminte\u0219te de designul distinctiv introdus pentru prima dat\u0103 de Edox \u00een 1973. \u00cen condi\u021bii de lumin\u0103 slab\u0103 sau sub ap\u0103, ora poate fi citit\u0103 clar datorit\u0103 acelor acoperite cu Super-LumiNova.<\/p>\n<p>Sportiv \u0219i elegant, Edox Delfin Diver Date Lady Special Edition, fabricat manual, este un ceas creat de campioni pentru campioni.<\/p>","protected":false},"excerpt":{"rendered":"<p>O serie special\u0103 de ceasuri pentru a marca noua colaborare dintre EDOX \u0219i campioana la freediving Marianne Gillespie. Atunci c\u00e2nd Marianne se scufund\u0103 ad\u00e2nc sub ap\u0103, ea \u0219tie c\u0103 fiecare secund\u0103 conteaz\u0103. &#8222;Nu exist\u0103 limite sub ap\u0103&#8221;, spune Marianne, multipl\u0103 campioan\u0103 mondial\u0103 la freediving. &#8222;Depinde doar de tine c\u00e2t de departe po\u021bi ajunge cu adev\u0103rat [&hellip;]<\/p>\n","protected":false},"featured_media":44571,"comment_status":"closed","ping_status":"open","template":"","meta":{"_acf_changed":false},"product_brand":[],"product_cat":[25,107],"product_tag":[],"class_list":{"0":"post-44570","1":"product","2":"type-product","3":"status-publish","4":"has-post-thumbnail","6":"product_cat-ceasuri-dama","7":"product_cat-edox","8":"pa_brand-edox","9":"pa_braslet-otel-inoxidabil","10":"pa_corpus-38-mm","11":"pa_decor-diamante","12":"pa_forma-atipica","13":"pa_funcii-data","14":"pa_garatia-24-luni","15":"pa_korpus-argintiu","16":"pa_kvarc-quartz","17":"pa_material-otel-inoxidabil","18":"pa_mehanizm-quartz","19":"pa_remeshok-argintiu","20":"pa_steklo-cristal-safir","21":"pa_strana-elvetia","22":"pa_voda-20-atm","24":"first","25":"instock","26":"purchasable","27":"product-type-simple"},"acf":[],"_links":{"self":[{"href":"https:\/\/ceasuri.md\/ru\/wp-json\/wp\/v2\/product\/44570","targetHints":{"allow":["GET"]}}],"collection":[{"href":"https:\/\/ceasuri.md\/ru\/wp-json\/wp\/v2\/product"}],"about":[{"href":"https:\/\/ceasuri.md\/ru\/wp-json\/wp\/v2\/types\/product"}],"replies":[{"embeddable":true,"href":"https:\/\/ceasuri.md\/ru\/wp-json\/wp\/v2\/comments?post=44570"}],"wp:featuredmedia":[{"embeddable":true,"href":"https:\/\/ceasuri.md\/ru\/wp-json\/wp\/v2\/media\/44571"}],"wp:attachment":[{"href":"https:\/\/ceasuri.md\/ru\/wp-json\/wp\/v2\/media?parent=44570"}],"wp:term":[{"taxonomy":"product_brand","embeddable":true,"href":"https:\/\/ceasuri.md\/ru\/wp-json\/wp\/v2\/product_brand?post=44570"},{"taxonomy":"product_cat","embeddable":true,"href":"https:\/\/ceasuri.md\/ru\/wp-json\/wp\/v2\/product_cat?post=44570"},{"taxonomy":"product_tag","embeddable":true,"href":"https:\/\/ceasuri.md\/ru\/wp-json\/wp\/v2\/product_tag?post=44570"}],"curies":[{"name":"wp","href":"https:\/\/api.w.org\/{rel}","templated":true}]}}