{"id":44567,"date":"2026-04-02T22:25:02","date_gmt":"2026-04-02T19:25:02","guid":{"rendered":"http:\/\/new.ceasuri.md\/shop\/uncategorized\/edox-delfin-53020-3c-narn\/"},"modified":"2026-04-07T04:11:21","modified_gmt":"2026-04-07T01:11:21","slug":"edox-delfin-53020-3c-narn","status":"publish","type":"product","link":"https:\/\/ceasuri.md\/ru\/shop\/branduri\/edox\/edox-delfin-53020-3c-narn\/","title":{"rendered":"Ceas EDOX DELFIN 53020-3C-NARN"},"content":{"rendered":"<p>Introdus pentru prima dat\u0103 \u00een 1961, inovatorul ceas Edox Delfin, cu sistemul s\u0103u patentat de etan\u0219are dubl\u0103 \u0219i carcasa ranforsat\u0103, a stabilit un punct de referin\u021b\u0103 pentru ceasurile impermeabile.<\/p>\n<p>Sigiliul dublu patentat \u00eensemna c\u0103 ceasul Delfin r\u0103m\u00e2nea rezistent la ap\u0103 chiar \u0219i cu coroana deschis\u0103. Ceasul a fost un adev\u0103rat succes \u0219i Edox s-a impus ca &#8222;campion al apei&#8221; \u00een industria ceasurilor elve\u021biene.<\/p>\n<p>Noul Edox Delfin, ca \u0219i originalul, este rezistent la ap\u0103 p\u00e2n\u0103 la 200 de metri. Dar acest model are o not\u0103 mai feminin\u0103: cadranul din nuc\u0103 de perle este protejat de un cristal de safir rezistent la zg\u00e2rieturi cu strat antireflex.<\/p>\n<p>Noul Edox Delfin de 38 mm nu este prea voluminos, iar ansele flexibile \u00eel fac u\u0219or de purtat at\u00e2t pe \u00eencheieturile mici, c\u00e2t \u0219i pe cele mari. Luneta spectaculoas\u0103 cu 12 fe\u021be aminte\u0219te de designul distinctiv introdus pentru prima dat\u0103 de Edox \u00een 1973. \u00cen condi\u021bii de lumin\u0103 slab\u0103 sau sub ap\u0103, ora poate fi citit\u0103 clar datorit\u0103 acelor acoperite cu Super-LumiNova.<\/p>\n<p>Sportiv \u0219i elegant, Edox Delfin Diver Date Lady construit manual este un ceas creat de campioni pentru campioni.<\/p>","protected":false},"excerpt":{"rendered":"<p>Introdus pentru prima dat\u0103 \u00een 1961, inovatorul ceas Edox Delfin, cu sistemul s\u0103u patentat de etan\u0219are dubl\u0103 \u0219i carcasa ranforsat\u0103, a stabilit un punct de referin\u021b\u0103 pentru ceasurile impermeabile. Sigiliul dublu patentat \u00eensemna c\u0103 ceasul Delfin r\u0103m\u00e2nea rezistent la ap\u0103 chiar \u0219i cu coroana deschis\u0103. Ceasul a fost un adev\u0103rat succes \u0219i Edox s-a impus [&hellip;]<\/p>\n","protected":false},"featured_media":44568,"comment_status":"closed","ping_status":"open","template":"","meta":{"_acf_changed":false},"product_brand":[],"product_cat":[25,107],"product_tag":[],"class_list":{"0":"post-44567","1":"product","2":"type-product","3":"status-publish","4":"has-post-thumbnail","6":"product_cat-ceasuri-dama","7":"product_cat-edox","8":"pa_brand-edox","9":"pa_braslet-piele","10":"pa_corpus-38-mm","11":"pa_forma-atipica","12":"pa_funcii-data","13":"pa_garatia-24-luni","14":"pa_korpus-argintiu","15":"pa_material-otel-inoxidabil","16":"pa_mehanizm-quartz","17":"pa_remeshok-roz","18":"pa_steklo-cristal-safir","19":"pa_strana-elvetia","20":"pa_voda-20-atm","22":"first","23":"instock","24":"purchasable","25":"product-type-simple"},"acf":[],"_links":{"self":[{"href":"https:\/\/ceasuri.md\/ru\/wp-json\/wp\/v2\/product\/44567","targetHints":{"allow":["GET"]}}],"collection":[{"href":"https:\/\/ceasuri.md\/ru\/wp-json\/wp\/v2\/product"}],"about":[{"href":"https:\/\/ceasuri.md\/ru\/wp-json\/wp\/v2\/types\/product"}],"replies":[{"embeddable":true,"href":"https:\/\/ceasuri.md\/ru\/wp-json\/wp\/v2\/comments?post=44567"}],"wp:featuredmedia":[{"embeddable":true,"href":"https:\/\/ceasuri.md\/ru\/wp-json\/wp\/v2\/media\/44568"}],"wp:attachment":[{"href":"https:\/\/ceasuri.md\/ru\/wp-json\/wp\/v2\/media?parent=44567"}],"wp:term":[{"taxonomy":"product_brand","embeddable":true,"href":"https:\/\/ceasuri.md\/ru\/wp-json\/wp\/v2\/product_brand?post=44567"},{"taxonomy":"product_cat","embeddable":true,"href":"https:\/\/ceasuri.md\/ru\/wp-json\/wp\/v2\/product_cat?post=44567"},{"taxonomy":"product_tag","embeddable":true,"href":"https:\/\/ceasuri.md\/ru\/wp-json\/wp\/v2\/product_tag?post=44567"}],"curies":[{"name":"wp","href":"https:\/\/api.w.org\/{rel}","templated":true}]}}