{"id":44550,"date":"2022-09-30T22:33:00","date_gmt":"2022-09-30T19:33:00","guid":{"rendered":"http:\/\/new.ceasuri.md\/shop\/uncategorized\/edox-chronorally-38001-tinr-budn\/"},"modified":"2026-05-01T16:56:44","modified_gmt":"2026-05-01T13:56:44","slug":"edox-chronorally-38001-tinr-budn","status":"publish","type":"product","link":"https:\/\/ceasuri.md\/ru\/shop\/branduri\/edox\/edox-chronorally-38001-tinr-budn\/","title":{"rendered":"\u0427\u0430\u0441\u044b EDOX CHRONORALLY 38001-TINR-BUDN"},"content":{"rendered":"<p>Edox Chronorally este un cronograf cu cuar\u021b sportiv cu elemente de design interesante. Mi\u0219carea este de fabrica\u021bie elve\u021bian\u0103 Edox Cal. 38, bazat pe modelul Ronda 8040.N.<\/p>\n<p>Bine\u00een\u021beles, ceasul are un cristal de safir, rezisten\u021b\u0103 la ap\u0103 p\u00e2n\u0103 la 100 de metri \u0219i un nivel ridicat de finisare.<\/p>\n<p>Ceasul nu este deloc mic, m\u0103sur\u00e2nd 48 mm \u00een diametru, dar este confortabil, deoarece este fabricat din titan u\u0219or \u0219i este \u00eenso\u021bit de dou\u0103 curele de cauciuc sub\u021biri.<\/p>\n<p>Ceasul atrage toate privirile cu un buton mare de cronograf, o calitate rafinat\u0103 \u0219i un cadran uimitor.<\/p>\n<p>Acest ceas este o edi\u021bie limitat\u0103 de 2000 de unit\u0103\u021bi, numerotat\u0103 0768.<\/p>","protected":false},"excerpt":{"rendered":"<p>Edox Chronorally este un cronograf cu cuar\u021b sportiv cu elemente de design interesante. Mi\u0219carea este de fabrica\u021bie elve\u021bian\u0103 Edox Cal. 38, bazat pe modelul Ronda 8040.N. Bine\u00een\u021beles, ceasul are un cristal de safir, rezisten\u021b\u0103 la ap\u0103 p\u00e2n\u0103 la 100 de metri \u0219i un nivel ridicat de finisare. Ceasul nu este deloc mic, m\u0103sur\u00e2nd 48 mm [&hellip;]<\/p>\n","protected":false},"featured_media":44551,"comment_status":"closed","ping_status":"open","template":"","meta":{"_acf_changed":false},"product_brand":[],"product_cat":[20,106,107,205],"product_tag":[],"class_list":{"0":"post-44550","1":"product","2":"type-product","3":"status-publish","4":"has-post-thumbnail","6":"product_cat-ceasuri-barbati","7":"product_cat-ceasuri-premium","8":"product_cat-edox","9":"product_cat-limited-edition","10":"pa_brand-edox","11":"pa_braslet-cauciuc","12":"pa_corpus-48-mm","13":"pa_forma-rotund","14":"pa_funcii-cronograf","15":"pa_funcii-data","16":"pa_funcii-limited-edition","17":"pa_funcii-set-cadou","18":"pa_funcii-tahimetru","19":"pa_funcii-ziua-saptamanii","20":"pa_garatia-24-luni","21":"pa_korpus-gri","22":"pa_kvarc-quartz","23":"pa_material-titan","24":"pa_mehanizm-quartz","25":"pa_remeshok-alb","26":"pa_steklo-cristal-safir","27":"pa_strana-elvetia","28":"pa_voda-10-atm","30":"first","31":"instock","32":"purchasable","33":"product-type-simple"},"acf":[],"_links":{"self":[{"href":"https:\/\/ceasuri.md\/ru\/wp-json\/wp\/v2\/product\/44550","targetHints":{"allow":["GET"]}}],"collection":[{"href":"https:\/\/ceasuri.md\/ru\/wp-json\/wp\/v2\/product"}],"about":[{"href":"https:\/\/ceasuri.md\/ru\/wp-json\/wp\/v2\/types\/product"}],"replies":[{"embeddable":true,"href":"https:\/\/ceasuri.md\/ru\/wp-json\/wp\/v2\/comments?post=44550"}],"wp:featuredmedia":[{"embeddable":true,"href":"https:\/\/ceasuri.md\/ru\/wp-json\/wp\/v2\/media\/44551"}],"wp:attachment":[{"href":"https:\/\/ceasuri.md\/ru\/wp-json\/wp\/v2\/media?parent=44550"}],"wp:term":[{"taxonomy":"product_brand","embeddable":true,"href":"https:\/\/ceasuri.md\/ru\/wp-json\/wp\/v2\/product_brand?post=44550"},{"taxonomy":"product_cat","embeddable":true,"href":"https:\/\/ceasuri.md\/ru\/wp-json\/wp\/v2\/product_cat?post=44550"},{"taxonomy":"product_tag","embeddable":true,"href":"https:\/\/ceasuri.md\/ru\/wp-json\/wp\/v2\/product_tag?post=44550"}],"curies":[{"name":"wp","href":"https:\/\/api.w.org\/{rel}","templated":true}]}}