{"id":44543,"date":"2022-09-30T22:33:00","date_gmt":"2022-09-30T19:33:00","guid":{"rendered":"http:\/\/new.ceasuri.md\/shop\/uncategorized\/edox-chronorally-38001-tingnaeg-gnj\/"},"modified":"2026-05-01T16:56:44","modified_gmt":"2026-05-01T13:56:44","slug":"edox-chronorally-38001-tingnaeg-gnj","status":"publish","type":"product","link":"https:\/\/ceasuri.md\/ru\/shop\/branduri\/edox\/edox-chronorally-38001-tingnaeg-gnj\/","title":{"rendered":"\u0427\u0430\u0441\u044b EDOX CHRONORALLY 38001-TINGNAEG-GNJ"},"content":{"rendered":"<p>Edox Chronorally este un cronograf sportiv cu cuar\u021b cu elemente de design interesante.Mi\u0219carea este un elve\u021bian Edox Cal. 38, bazat\u0103 pe mi\u0219carea Ronda 8040.N.<\/p>\n<p>Bine\u00een\u021beles, ceasul are un cristal de safir, o rezisten\u021b\u0103 la ap\u0103 de 100 de metri \u0219i un nivel ridicat de finisare.<\/p>\n<p>O alt\u0103 caracteristic\u0103 special\u0103 a ceasului este c\u0103 este o edi\u021bie limitat\u0103 de numai 77 de piese, \u00een onoarea rutierului elve\u021bian Dominik Egerter, care concureaz\u0103 la num\u0103rul 77.<\/p>\n<p>Numere de ceasuri din colec\u021bia Limited Edition : 38, 39.<\/p>","protected":false},"excerpt":{"rendered":"<p>Edox Chronorally este un cronograf sportiv cu cuar\u021b cu elemente de design interesante.Mi\u0219carea este un elve\u021bian Edox Cal. 38, bazat\u0103 pe mi\u0219carea Ronda 8040.N. Bine\u00een\u021beles, ceasul are un cristal de safir, o rezisten\u021b\u0103 la ap\u0103 de 100 de metri \u0219i un nivel ridicat de finisare. O alt\u0103 caracteristic\u0103 special\u0103 a ceasului este c\u0103 este o [&hellip;]<\/p>\n","protected":false},"featured_media":44544,"comment_status":"closed","ping_status":"open","template":"","meta":{"_acf_changed":false},"product_brand":[],"product_cat":[20,107,205],"product_tag":[],"class_list":{"0":"post-44543","1":"product","2":"type-product","3":"status-publish","4":"has-post-thumbnail","6":"product_cat-ceasuri-barbati","7":"product_cat-edox","8":"product_cat-limited-edition","9":"pa_brand-edox","10":"pa_braslet-piele","11":"pa_corpus-48-mm","12":"pa_forma-rotund","13":"pa_funcii-cronograf","14":"pa_funcii-data","15":"pa_funcii-limited-edition","16":"pa_funcii-tahimetru","17":"pa_funcii-ziua-saptamanii","18":"pa_garatia-24-luni","19":"pa_korpus-gri","20":"pa_kvarc-quartz","21":"pa_material-titan","22":"pa_mehanizm-quartz","23":"pa_remeshok-negru","24":"pa_steklo-cristal-safir","25":"pa_strana-elvetia","26":"pa_voda-10-atm","28":"first","29":"instock","30":"purchasable","31":"product-type-simple"},"acf":[],"_links":{"self":[{"href":"https:\/\/ceasuri.md\/ru\/wp-json\/wp\/v2\/product\/44543","targetHints":{"allow":["GET"]}}],"collection":[{"href":"https:\/\/ceasuri.md\/ru\/wp-json\/wp\/v2\/product"}],"about":[{"href":"https:\/\/ceasuri.md\/ru\/wp-json\/wp\/v2\/types\/product"}],"replies":[{"embeddable":true,"href":"https:\/\/ceasuri.md\/ru\/wp-json\/wp\/v2\/comments?post=44543"}],"wp:featuredmedia":[{"embeddable":true,"href":"https:\/\/ceasuri.md\/ru\/wp-json\/wp\/v2\/media\/44544"}],"wp:attachment":[{"href":"https:\/\/ceasuri.md\/ru\/wp-json\/wp\/v2\/media?parent=44543"}],"wp:term":[{"taxonomy":"product_brand","embeddable":true,"href":"https:\/\/ceasuri.md\/ru\/wp-json\/wp\/v2\/product_brand?post=44543"},{"taxonomy":"product_cat","embeddable":true,"href":"https:\/\/ceasuri.md\/ru\/wp-json\/wp\/v2\/product_cat?post=44543"},{"taxonomy":"product_tag","embeddable":true,"href":"https:\/\/ceasuri.md\/ru\/wp-json\/wp\/v2\/product_tag?post=44543"}],"curies":[{"name":"wp","href":"https:\/\/api.w.org\/{rel}","templated":true}]}}