{"id":44537,"date":"2026-04-02T22:25:02","date_gmt":"2026-04-02T19:25:02","guid":{"rendered":"http:\/\/new.ceasuri.md\/shop\/uncategorized\/edox-co-1-10242-tin-vin\/"},"modified":"2026-04-07T04:11:17","modified_gmt":"2026-04-07T01:11:17","slug":"edox-co-1-10242-tin-vin","status":"publish","type":"product","link":"https:\/\/ceasuri.md\/ru\/shop\/branduri\/edox\/edox-co-1-10242-tin-vin\/","title":{"rendered":"Ceas EDOX CO-1 10242-TIN-VIN"},"content":{"rendered":"<p><a href=\"https:\/\/ceasuri.md\/wp-content\/uploads\/2022\/05\/137057.jpg\"><img loading=\"lazy\" decoding=\"async\" class=\"alignnone size-medium wp-image-48460\" src=\"https:\/\/ceasuri.md\/wp-content\/uploads\/2022\/05\/137057-300x200.jpg\" alt=\"\" width=\"300\" height=\"200\" \/><\/a><\/p>\n<p>Un cronograf sportiv dedicat curselor de b\u0103rci de vitez\u0103 clasa 1.<\/p>\n<p>Modelul prezint\u0103 aspecte tehnice precum un luneta ceramic\u0103 rotativ\u0103 cu 120 de clicuri, o supap\u0103 automat\u0103 de heliu \u0219i o carcas\u0103 ultrarezistent\u0103 din mai multe piese.<\/p>\n<p>Class-1 este un campionat uluitor \u00een care cei mai buni pilo\u021bi din lume declar\u0103 cu \u00eencredere: &#8222;La 240 km\/h, ceea ce vezi \u00een fa\u021ba ta este deja istorie&#8221;.<\/p>","protected":false},"excerpt":{"rendered":"<p>Un cronograf sportiv dedicat curselor de b\u0103rci de vitez\u0103 clasa 1. Modelul prezint\u0103 aspecte tehnice precum un luneta ceramic\u0103 rotativ\u0103 cu 120 de clicuri, o supap\u0103 automat\u0103 de heliu \u0219i o carcas\u0103 ultrarezistent\u0103 din mai multe piese. Class-1 este un campionat uluitor \u00een care cei mai buni pilo\u021bi din lume declar\u0103 cu \u00eencredere: &#8222;La 240 [&hellip;]<\/p>\n","protected":false},"featured_media":44538,"comment_status":"closed","ping_status":"open","template":"","meta":{"_acf_changed":false},"product_brand":[],"product_cat":[20,106,107],"product_tag":[],"class_list":{"0":"post-44537","1":"product","2":"type-product","3":"status-publish","4":"has-post-thumbnail","6":"product_cat-ceasuri-barbati","7":"product_cat-ceasuri-premium","8":"product_cat-edox","9":"pa_brand-edox","10":"pa_braslet-piele","11":"pa_corpus-45-mm","12":"pa_forma-rotund","13":"pa_funcii-cronograf","14":"pa_funcii-data","15":"pa_garatia-24-luni","16":"pa_korpus-argintiu","17":"pa_korpus-negru","18":"pa_material-ceramica","19":"pa_material-titan","20":"pa_mehanizm-quartz","21":"pa_remeshok-negru","22":"pa_steklo-cristal-safir","23":"pa_strana-elvetia","24":"pa_voda-100-atm","26":"first","27":"instock","28":"purchasable","29":"product-type-simple"},"acf":[],"yoast_head":"<!-- This site is optimized with the Yoast SEO plugin v27.3 - https:\/\/yoast.com\/product\/yoast-seo-wordpress\/ -->\n<title>EDOX CO-1 10242-TIN-VIN - Cronograf<\/title>\n<meta name=\"robots\" content=\"index, follow, max-snippet:-1, max-image-preview:large, max-video-preview:-1\" \/>\n<link rel=\"canonical\" href=\"https:\/\/ceasuri.md\/ru\/shop\/branduri\/edox\/edox-co-1-10242-tin-vin\/\" \/>\n<meta property=\"og:locale\" content=\"ru_RU\" \/>\n<meta property=\"og:type\" content=\"article\" \/>\n<meta property=\"og:title\" content=\"EDOX CO-1 10242-TIN-VIN - Cronograf\" \/>\n<meta property=\"og:description\" content=\"Un cronograf sportiv dedicat curselor de b\u0103rci de vitez\u0103 clasa 1. Modelul prezint\u0103 aspecte tehnice precum un luneta ceramic\u0103 rotativ\u0103 cu 120 de clicuri, o supap\u0103 automat\u0103 de heliu \u0219i o carcas\u0103 ultrarezistent\u0103 din mai multe piese. Class-1 este un campionat uluitor \u00een care cei mai buni pilo\u021bi din lume declar\u0103 cu \u00eencredere: &#8222;La 240 [&hellip;]\" \/>\n<meta property=\"og:url\" content=\"https:\/\/ceasuri.md\/ru\/shop\/branduri\/edox\/edox-co-1-10242-tin-vin\/\" \/>\n<meta property=\"og:site_name\" content=\"Cronograf\" \/>\n<meta property=\"article:modified_time\" content=\"2026-04-07T01:11:17+00:00\" \/>\n<meta property=\"og:image\" content=\"https:\/\/ceasuri.md\/wp-content\/uploads\/2-51-2.png\" \/>\n\t<meta property=\"og:image:width\" content=\"600\" \/>\n\t<meta property=\"og:image:height\" content=\"800\" \/>\n\t<meta property=\"og:image:type\" content=\"image\/png\" \/>\n<meta name=\"twitter:card\" content=\"summary_large_image\" \/>\n<script type=\"application\/ld+json\" class=\"yoast-schema-graph\">{\"@context\":\"https:\\\/\\\/schema.org\",\"@graph\":[{\"@type\":\"WebPage\",\"@id\":\"https:\\\/\\\/ceasuri.md\\\/shop\\\/branduri\\\/edox\\\/edox-co-1-10242-tin-vin\\\/\",\"url\":\"https:\\\/\\\/ceasuri.md\\\/shop\\\/branduri\\\/edox\\\/edox-co-1-10242-tin-vin\\\/\",\"name\":\"EDOX CO-1 10242-TIN-VIN - Cronograf\",\"isPartOf\":{\"@id\":\"https:\\\/\\\/ceasuri.md\\\/ru\\\/#website\"},\"primaryImageOfPage\":{\"@id\":\"https:\\\/\\\/ceasuri.md\\\/shop\\\/branduri\\\/edox\\\/edox-co-1-10242-tin-vin\\\/#primaryimage\"},\"image\":{\"@id\":\"https:\\\/\\\/ceasuri.md\\\/shop\\\/branduri\\\/edox\\\/edox-co-1-10242-tin-vin\\\/#primaryimage\"},\"thumbnailUrl\":\"https:\\\/\\\/ceasuri.md\\\/wp-content\\\/uploads\\\/2-51-2.png\",\"datePublished\":\"2026-04-02T19:25:02+00:00\",\"dateModified\":\"2026-04-07T01:11:17+00:00\",\"breadcrumb\":{\"@id\":\"https:\\\/\\\/ceasuri.md\\\/shop\\\/branduri\\\/edox\\\/edox-co-1-10242-tin-vin\\\/#breadcrumb\"},\"inLanguage\":\"ru-RU\",\"potentialAction\":[{\"@type\":\"ReadAction\",\"target\":[\"https:\\\/\\\/ceasuri.md\\\/shop\\\/branduri\\\/edox\\\/edox-co-1-10242-tin-vin\\\/\"]}]},{\"@type\":\"ImageObject\",\"inLanguage\":\"ru-RU\",\"@id\":\"https:\\\/\\\/ceasuri.md\\\/shop\\\/branduri\\\/edox\\\/edox-co-1-10242-tin-vin\\\/#primaryimage\",\"url\":\"https:\\\/\\\/ceasuri.md\\\/wp-content\\\/uploads\\\/2-51-2.png\",\"contentUrl\":\"https:\\\/\\\/ceasuri.md\\\/wp-content\\\/uploads\\\/2-51-2.png\",\"width\":600,\"height\":800},{\"@type\":\"BreadcrumbList\",\"@id\":\"https:\\\/\\\/ceasuri.md\\\/shop\\\/branduri\\\/edox\\\/edox-co-1-10242-tin-vin\\\/#breadcrumb\",\"itemListElement\":[{\"@type\":\"ListItem\",\"position\":1,\"name\":\"Home\",\"item\":\"https:\\\/\\\/ceasuri.md\\\/\"},{\"@type\":\"ListItem\",\"position\":2,\"name\":\"Magazin\",\"item\":\"https:\\\/\\\/ceasuri.md\\\/shop\\\/\"},{\"@type\":\"ListItem\",\"position\":3,\"name\":\"Ceas EDOX CO-1 10242-TIN-VIN\"}]},{\"@type\":\"WebSite\",\"@id\":\"https:\\\/\\\/ceasuri.md\\\/ru\\\/#website\",\"url\":\"https:\\\/\\\/ceasuri.md\\\/ru\\\/\",\"name\":\"Cronograf\",\"description\":\"\",\"publisher\":{\"@id\":\"https:\\\/\\\/ceasuri.md\\\/ru\\\/#organization\"},\"potentialAction\":[{\"@type\":\"SearchAction\",\"target\":{\"@type\":\"EntryPoint\",\"urlTemplate\":\"https:\\\/\\\/ceasuri.md\\\/ru\\\/?s={search_term_string}\"},\"query-input\":{\"@type\":\"PropertyValueSpecification\",\"valueRequired\":true,\"valueName\":\"search_term_string\"}}],\"inLanguage\":\"ru-RU\"},{\"@type\":\"Organization\",\"@id\":\"https:\\\/\\\/ceasuri.md\\\/ru\\\/#organization\",\"name\":\"Cronograf\",\"url\":\"https:\\\/\\\/ceasuri.md\\\/ru\\\/\",\"logo\":{\"@type\":\"ImageObject\",\"inLanguage\":\"ru-RU\",\"@id\":\"https:\\\/\\\/ceasuri.md\\\/ru\\\/#\\\/schema\\\/logo\\\/image\\\/\",\"url\":\"https:\\\/\\\/ceasuri.md\\\/wp-content\\\/uploads\\\/2025\\\/12\\\/Logo.svg\",\"contentUrl\":\"https:\\\/\\\/ceasuri.md\\\/wp-content\\\/uploads\\\/2025\\\/12\\\/Logo.svg\",\"width\":3338,\"height\":811,\"caption\":\"Cronograf\"},\"image\":{\"@id\":\"https:\\\/\\\/ceasuri.md\\\/ru\\\/#\\\/schema\\\/logo\\\/image\\\/\"}}]}<\/script>\n<!-- \/ Yoast SEO plugin. -->","yoast_head_json":{"title":"EDOX CO-1 10242-TIN-VIN - Cronograf","robots":{"index":"index","follow":"follow","max-snippet":"max-snippet:-1","max-image-preview":"max-image-preview:large","max-video-preview":"max-video-preview:-1"},"canonical":"https:\/\/ceasuri.md\/ru\/shop\/branduri\/edox\/edox-co-1-10242-tin-vin\/","og_locale":"ru_RU","og_type":"article","og_title":"EDOX CO-1 10242-TIN-VIN - Cronograf","og_description":"Un cronograf sportiv dedicat curselor de b\u0103rci de vitez\u0103 clasa 1. Modelul prezint\u0103 aspecte tehnice precum un luneta ceramic\u0103 rotativ\u0103 cu 120 de clicuri, o supap\u0103 automat\u0103 de heliu \u0219i o carcas\u0103 ultrarezistent\u0103 din mai multe piese. Class-1 este un campionat uluitor \u00een care cei mai buni pilo\u021bi din lume declar\u0103 cu \u00eencredere: &#8222;La 240 [&hellip;]","og_url":"https:\/\/ceasuri.md\/ru\/shop\/branduri\/edox\/edox-co-1-10242-tin-vin\/","og_site_name":"Cronograf","article_modified_time":"2026-04-07T01:11:17+00:00","og_image":[{"width":600,"height":800,"url":"https:\/\/ceasuri.md\/wp-content\/uploads\/2-51-2.png","type":"image\/png"}],"twitter_card":"summary_large_image","schema":{"@context":"https:\/\/schema.org","@graph":[{"@type":"WebPage","@id":"https:\/\/ceasuri.md\/shop\/branduri\/edox\/edox-co-1-10242-tin-vin\/","url":"https:\/\/ceasuri.md\/shop\/branduri\/edox\/edox-co-1-10242-tin-vin\/","name":"EDOX CO-1 10242-TIN-VIN - Cronograf","isPartOf":{"@id":"https:\/\/ceasuri.md\/ru\/#website"},"primaryImageOfPage":{"@id":"https:\/\/ceasuri.md\/shop\/branduri\/edox\/edox-co-1-10242-tin-vin\/#primaryimage"},"image":{"@id":"https:\/\/ceasuri.md\/shop\/branduri\/edox\/edox-co-1-10242-tin-vin\/#primaryimage"},"thumbnailUrl":"https:\/\/ceasuri.md\/wp-content\/uploads\/2-51-2.png","datePublished":"2026-04-02T19:25:02+00:00","dateModified":"2026-04-07T01:11:17+00:00","breadcrumb":{"@id":"https:\/\/ceasuri.md\/shop\/branduri\/edox\/edox-co-1-10242-tin-vin\/#breadcrumb"},"inLanguage":"ru-RU","potentialAction":[{"@type":"ReadAction","target":["https:\/\/ceasuri.md\/shop\/branduri\/edox\/edox-co-1-10242-tin-vin\/"]}]},{"@type":"ImageObject","inLanguage":"ru-RU","@id":"https:\/\/ceasuri.md\/shop\/branduri\/edox\/edox-co-1-10242-tin-vin\/#primaryimage","url":"https:\/\/ceasuri.md\/wp-content\/uploads\/2-51-2.png","contentUrl":"https:\/\/ceasuri.md\/wp-content\/uploads\/2-51-2.png","width":600,"height":800},{"@type":"BreadcrumbList","@id":"https:\/\/ceasuri.md\/shop\/branduri\/edox\/edox-co-1-10242-tin-vin\/#breadcrumb","itemListElement":[{"@type":"ListItem","position":1,"name":"Home","item":"https:\/\/ceasuri.md\/"},{"@type":"ListItem","position":2,"name":"Magazin","item":"https:\/\/ceasuri.md\/shop\/"},{"@type":"ListItem","position":3,"name":"Ceas EDOX CO-1 10242-TIN-VIN"}]},{"@type":"WebSite","@id":"https:\/\/ceasuri.md\/ru\/#website","url":"https:\/\/ceasuri.md\/ru\/","name":"Cronograf","description":"","publisher":{"@id":"https:\/\/ceasuri.md\/ru\/#organization"},"potentialAction":[{"@type":"SearchAction","target":{"@type":"EntryPoint","urlTemplate":"https:\/\/ceasuri.md\/ru\/?s={search_term_string}"},"query-input":{"@type":"PropertyValueSpecification","valueRequired":true,"valueName":"search_term_string"}}],"inLanguage":"ru-RU"},{"@type":"Organization","@id":"https:\/\/ceasuri.md\/ru\/#organization","name":"Cronograf","url":"https:\/\/ceasuri.md\/ru\/","logo":{"@type":"ImageObject","inLanguage":"ru-RU","@id":"https:\/\/ceasuri.md\/ru\/#\/schema\/logo\/image\/","url":"https:\/\/ceasuri.md\/wp-content\/uploads\/2025\/12\/Logo.svg","contentUrl":"https:\/\/ceasuri.md\/wp-content\/uploads\/2025\/12\/Logo.svg","width":3338,"height":811,"caption":"Cronograf"},"image":{"@id":"https:\/\/ceasuri.md\/ru\/#\/schema\/logo\/image\/"}}]}},"_links":{"self":[{"href":"https:\/\/ceasuri.md\/ru\/wp-json\/wp\/v2\/product\/44537","targetHints":{"allow":["GET"]}}],"collection":[{"href":"https:\/\/ceasuri.md\/ru\/wp-json\/wp\/v2\/product"}],"about":[{"href":"https:\/\/ceasuri.md\/ru\/wp-json\/wp\/v2\/types\/product"}],"replies":[{"embeddable":true,"href":"https:\/\/ceasuri.md\/ru\/wp-json\/wp\/v2\/comments?post=44537"}],"wp:featuredmedia":[{"embeddable":true,"href":"https:\/\/ceasuri.md\/ru\/wp-json\/wp\/v2\/media\/44538"}],"wp:attachment":[{"href":"https:\/\/ceasuri.md\/ru\/wp-json\/wp\/v2\/media?parent=44537"}],"wp:term":[{"taxonomy":"product_brand","embeddable":true,"href":"https:\/\/ceasuri.md\/ru\/wp-json\/wp\/v2\/product_brand?post=44537"},{"taxonomy":"product_cat","embeddable":true,"href":"https:\/\/ceasuri.md\/ru\/wp-json\/wp\/v2\/product_cat?post=44537"},{"taxonomy":"product_tag","embeddable":true,"href":"https:\/\/ceasuri.md\/ru\/wp-json\/wp\/v2\/product_tag?post=44537"}],"curies":[{"name":"wp","href":"https:\/\/api.w.org\/{rel}","templated":true}]}}