{"id":44519,"date":"2026-04-02T22:25:02","date_gmt":"2026-04-02T19:25:02","guid":{"rendered":"http:\/\/new.ceasuri.md\/shop\/uncategorized\/casio-edifice-efv-c100d-2a\/"},"modified":"2026-04-20T00:07:28","modified_gmt":"2026-04-19T21:07:28","slug":"casio-edifice-efv-c100d-2a","status":"publish","type":"product","link":"https:\/\/ceasuri.md\/ru\/shop\/branduri\/casio\/casio-edifice-efv-c100d-2a\/","title":{"rendered":"\u0427\u0430\u0441\u044b CASIO EDIFICE EFV-C100D-2A"},"content":{"rendered":"<p>Un ceas cu afi\u0219aj analogic-digital al orei, cu o baterie de 10 ani, va fi un partener de \u00eencredere \u00een via\u021ba dumneavoastr\u0103 de zi cu zi.<\/p>\n<p>Stratul de neobrit care absoarbe lumina continu\u0103 s\u0103 str\u0103luceasc\u0103 \u00een \u00eentuneric chiar \u0219i dup\u0103 o scurt\u0103 expunere la lumin\u0103.<\/p>\n<p>Notebook cu 30 de celule de memorie pentru \u00eenregistrarea numelor \u0219i a numerelor de telefon, fiecare intrare poate include un text de 8 litere \u0219i 16 cifre.<\/p>\n<p>Ora mondial\u0103 &#8211; 30 de ora\u0219e (29 de fusuri orare), posibilitatea de a activa\/dezactiva ora de var\u0103. Formatul orei de 12 \u0219i 24 de ore.<\/p>\n<p>Cronometru cu o precizie de 1\/100s \u0219i timp de m\u0103surare de 24h. Cronometru cu num\u0103r\u0103toare invers\u0103 de la 1min la 24h.<\/p>\n<p>Luneta din aluminiu.<\/p>","protected":false},"excerpt":{"rendered":"<p>Un ceas cu afi\u0219aj analogic-digital al orei, cu o baterie de 10 ani, va fi un partener de \u00eencredere \u00een via\u021ba dumneavoastr\u0103 de zi cu zi. Stratul de neobrit care absoarbe lumina continu\u0103 s\u0103 str\u0103luceasc\u0103 \u00een \u00eentuneric chiar \u0219i dup\u0103 o scurt\u0103 expunere la lumin\u0103. Notebook cu 30 de celule de memorie pentru \u00eenregistrarea numelor [&hellip;]<\/p>\n","protected":false},"featured_media":44520,"comment_status":"closed","ping_status":"open","template":"","meta":{"_acf_changed":false},"product_brand":[],"product_cat":[27,20,536],"product_tag":[],"class_list":{"0":"post-44519","1":"product","2":"type-product","3":"status-publish","4":"has-post-thumbnail","6":"product_cat-casio","7":"product_cat-ceasuri-barbati","8":"product_cat-edifice","9":"pa_brand-casio","10":"pa_brand-edifice","11":"pa_braslet-otel-inoxidabil","12":"pa_corpus-47-mm","13":"pa_forma-rotund","14":"pa_funcii-alarma","15":"pa_funcii-calendar","16":"pa_funcii-cronometru","17":"pa_funcii-timp-mondial","18":"pa_garatia-24-luni","19":"pa_korpus-argintiu","20":"pa_kvarc-quartz","21":"pa_material-aluminiu","22":"pa_material-otel-inoxidabil","23":"pa_mehanizm-electronic","24":"pa_mehanizm-quartz","25":"pa_remeshok-argintiu","26":"pa_steklo-cristal-mineral","27":"pa_strana-japonia","28":"pa_voda-10-atm","30":"first","31":"instock","32":"purchasable","33":"product-type-simple"},"acf":[],"_links":{"self":[{"href":"https:\/\/ceasuri.md\/ru\/wp-json\/wp\/v2\/product\/44519","targetHints":{"allow":["GET"]}}],"collection":[{"href":"https:\/\/ceasuri.md\/ru\/wp-json\/wp\/v2\/product"}],"about":[{"href":"https:\/\/ceasuri.md\/ru\/wp-json\/wp\/v2\/types\/product"}],"replies":[{"embeddable":true,"href":"https:\/\/ceasuri.md\/ru\/wp-json\/wp\/v2\/comments?post=44519"}],"wp:featuredmedia":[{"embeddable":true,"href":"https:\/\/ceasuri.md\/ru\/wp-json\/wp\/v2\/media\/44520"}],"wp:attachment":[{"href":"https:\/\/ceasuri.md\/ru\/wp-json\/wp\/v2\/media?parent=44519"}],"wp:term":[{"taxonomy":"product_brand","embeddable":true,"href":"https:\/\/ceasuri.md\/ru\/wp-json\/wp\/v2\/product_brand?post=44519"},{"taxonomy":"product_cat","embeddable":true,"href":"https:\/\/ceasuri.md\/ru\/wp-json\/wp\/v2\/product_cat?post=44519"},{"taxonomy":"product_tag","embeddable":true,"href":"https:\/\/ceasuri.md\/ru\/wp-json\/wp\/v2\/product_tag?post=44519"}],"curies":[{"name":"wp","href":"https:\/\/api.w.org\/{rel}","templated":true}]}}