{"id":44471,"date":"2026-04-02T22:23:58","date_gmt":"2026-04-02T19:23:58","guid":{"rendered":"http:\/\/new.ceasuri.md\/shop\/uncategorized\/anne-klein-considered-solar-ak-3910pkrg\/"},"modified":"2026-04-20T00:04:38","modified_gmt":"2026-04-19T21:04:38","slug":"anne-klein-considered-solar-ak-3910pkrg","status":"publish","type":"product","link":"https:\/\/ceasuri.md\/ru\/shop\/branduri\/anne-klein\/anne-klein-considered-solar-ak-3910pkrg\/","title":{"rendered":"\u0427\u0430\u0441\u044b ANNE KLEIN CONSIDERED SOLAR AK\/3910PKRG"},"content":{"rendered":"<p>Ave\u021bi un impact at\u00e2t asupra stilului, c\u00e2t \u0219i asupra mediului cu acest ceas alimentat cu energie solar\u0103.<\/p>\n<p>Func\u021bional p\u00e2n\u0103 la patru luni atunci c\u00e2nd este \u00eenc\u0103rcat complet de orice tip de lumin\u0103.<\/p>\n<p>Verigile br\u0103\u021b\u0103rii sunt realizate din plastic reciclat sustenabil scos din ocean.<\/p>","protected":false},"excerpt":{"rendered":"<p>Ave\u021bi un impact at\u00e2t asupra stilului, c\u00e2t \u0219i asupra mediului cu acest ceas alimentat cu energie solar\u0103. Func\u021bional p\u00e2n\u0103 la patru luni atunci c\u00e2nd este \u00eenc\u0103rcat complet de orice tip de lumin\u0103. Verigile br\u0103\u021b\u0103rii sunt realizate din plastic reciclat sustenabil scos din ocean.<\/p>","protected":false},"featured_media":44472,"comment_status":"closed","ping_status":"open","template":"","meta":{"_acf_changed":false},"product_brand":[],"product_cat":[573,25],"product_tag":[],"class_list":{"0":"post-44471","1":"product","2":"type-product","3":"status-publish","4":"has-post-thumbnail","6":"product_cat-anne-klein","7":"product_cat-ceasuri-dama","8":"pa_brand-anne-klein","9":"pa_braslet-otel-inoxidabil","10":"pa_braslet-plastic","11":"pa_corpus-38-mm","12":"pa_forma-rotund","13":"pa_garatia-24-luni","14":"pa_korpus-bicolor","15":"pa_kvarc-quartz","16":"pa_material-alama","17":"pa_mehanizm-baterie-solara","18":"pa_mehanizm-quartz","19":"pa_remeshok-bicolor","20":"pa_steklo-cristal-mineral","21":"pa_strana-sua","22":"pa_voda-3-atm","24":"first","25":"instock","26":"purchasable","27":"product-type-simple"},"acf":[],"_links":{"self":[{"href":"https:\/\/ceasuri.md\/ru\/wp-json\/wp\/v2\/product\/44471","targetHints":{"allow":["GET"]}}],"collection":[{"href":"https:\/\/ceasuri.md\/ru\/wp-json\/wp\/v2\/product"}],"about":[{"href":"https:\/\/ceasuri.md\/ru\/wp-json\/wp\/v2\/types\/product"}],"replies":[{"embeddable":true,"href":"https:\/\/ceasuri.md\/ru\/wp-json\/wp\/v2\/comments?post=44471"}],"wp:featuredmedia":[{"embeddable":true,"href":"https:\/\/ceasuri.md\/ru\/wp-json\/wp\/v2\/media\/44472"}],"wp:attachment":[{"href":"https:\/\/ceasuri.md\/ru\/wp-json\/wp\/v2\/media?parent=44471"}],"wp:term":[{"taxonomy":"product_brand","embeddable":true,"href":"https:\/\/ceasuri.md\/ru\/wp-json\/wp\/v2\/product_brand?post=44471"},{"taxonomy":"product_cat","embeddable":true,"href":"https:\/\/ceasuri.md\/ru\/wp-json\/wp\/v2\/product_cat?post=44471"},{"taxonomy":"product_tag","embeddable":true,"href":"https:\/\/ceasuri.md\/ru\/wp-json\/wp\/v2\/product_tag?post=44471"}],"curies":[{"name":"wp","href":"https:\/\/api.w.org\/{rel}","templated":true}]}}