{"id":44456,"date":"2026-04-02T22:23:58","date_gmt":"2026-04-02T19:23:58","guid":{"rendered":"http:\/\/new.ceasuri.md\/shop\/uncategorized\/anne-klein-considered-solar-ak-3890bkbk\/"},"modified":"2026-04-20T00:04:36","modified_gmt":"2026-04-19T21:04:36","slug":"anne-klein-considered-solar-ak-3890bkbk","status":"publish","type":"product","link":"https:\/\/ceasuri.md\/ru\/shop\/branduri\/anne-klein\/anne-klein-considered-solar-ak-3890bkbk\/","title":{"rendered":"\u0427\u0430\u0441\u044b ANNE KLEIN CONSIDERED SOLAR AK\/3890BKBK"},"content":{"rendered":"<p>Sportiv \u0219i elegant, acest ceas este perfect pentru fetele aflate \u00een mi\u0219care.<\/p>\n<p>Cureaua texturat\u0103 este fabricat\u0103 din cauciuc natural, iar datorit\u0103 bateriei alimentate cu energie solar\u0103, acest ceas rezist\u0103 p\u00e2n\u0103 la patru luni atunci c\u00e2nd este \u00eenc\u0103rcat complet de la orice surs\u0103 de lumin\u0103.Bateria este \u00eenc\u0103rcat\u0103 de un panou solar \u00eencorporat \u00een cadran.<\/p>","protected":false},"excerpt":{"rendered":"<p>Sportiv \u0219i elegant, acest ceas este perfect pentru fetele aflate \u00een mi\u0219care. Cureaua texturat\u0103 este fabricat\u0103 din cauciuc natural, iar datorit\u0103 bateriei alimentate cu energie solar\u0103, acest ceas rezist\u0103 p\u00e2n\u0103 la patru luni atunci c\u00e2nd este \u00eenc\u0103rcat complet de la orice surs\u0103 de lumin\u0103.Bateria este \u00eenc\u0103rcat\u0103 de un panou solar \u00eencorporat \u00een cadran.<\/p>","protected":false},"featured_media":44457,"comment_status":"closed","ping_status":"open","template":"","meta":{"_acf_changed":false},"product_brand":[],"product_cat":[573,25],"product_tag":[],"class_list":{"0":"post-44456","1":"product","2":"type-product","3":"status-publish","4":"has-post-thumbnail","6":"product_cat-anne-klein","7":"product_cat-ceasuri-dama","8":"pa_brand-anne-klein","9":"pa_braslet-cauciuc","10":"pa_corpus-38-mm","11":"pa_forma-rotund","12":"pa_garatia-24-luni","13":"pa_korpus-auriu","14":"pa_kvarc-quartz","15":"pa_material-alama","16":"pa_mehanizm-baterie-solara","17":"pa_mehanizm-quartz","18":"pa_remeshok-auriu","19":"pa_remeshok-negru","20":"pa_steklo-cristal-mineral","21":"pa_strana-sua","22":"pa_voda-3-atm","24":"first","25":"instock","26":"purchasable","27":"product-type-simple"},"acf":[],"_links":{"self":[{"href":"https:\/\/ceasuri.md\/ru\/wp-json\/wp\/v2\/product\/44456","targetHints":{"allow":["GET"]}}],"collection":[{"href":"https:\/\/ceasuri.md\/ru\/wp-json\/wp\/v2\/product"}],"about":[{"href":"https:\/\/ceasuri.md\/ru\/wp-json\/wp\/v2\/types\/product"}],"replies":[{"embeddable":true,"href":"https:\/\/ceasuri.md\/ru\/wp-json\/wp\/v2\/comments?post=44456"}],"wp:featuredmedia":[{"embeddable":true,"href":"https:\/\/ceasuri.md\/ru\/wp-json\/wp\/v2\/media\/44457"}],"wp:attachment":[{"href":"https:\/\/ceasuri.md\/ru\/wp-json\/wp\/v2\/media?parent=44456"}],"wp:term":[{"taxonomy":"product_brand","embeddable":true,"href":"https:\/\/ceasuri.md\/ru\/wp-json\/wp\/v2\/product_brand?post=44456"},{"taxonomy":"product_cat","embeddable":true,"href":"https:\/\/ceasuri.md\/ru\/wp-json\/wp\/v2\/product_cat?post=44456"},{"taxonomy":"product_tag","embeddable":true,"href":"https:\/\/ceasuri.md\/ru\/wp-json\/wp\/v2\/product_tag?post=44456"}],"curies":[{"name":"wp","href":"https:\/\/api.w.org\/{rel}","templated":true}]}}