{"id":44431,"date":"2026-04-02T22:23:58","date_gmt":"2026-04-02T19:23:58","guid":{"rendered":"http:\/\/new.ceasuri.md\/shop\/uncategorized\/anne-klein-crystal-metals-ak-3872chgb\/"},"modified":"2026-04-20T00:04:33","modified_gmt":"2026-04-19T21:04:33","slug":"anne-klein-crystal-metals-ak-3872chgb","status":"publish","type":"product","link":"https:\/\/ceasuri.md\/ru\/shop\/branduri\/anne-klein\/anne-klein-crystal-metals-ak-3872chgb\/","title":{"rendered":"\u0427\u0430\u0441\u044b ANNE KLEIN CRYSTAL METALS AK\/3872CHGB"},"content":{"rendered":"<p>Acest ceas fermec\u0103tor va deveni cea mai bun\u0103 decorare a imaginii unei femei. ceas de m\u00e2n\u0103 cu cuar\u021b pentru femei \u00eentr-o carcas\u0103 rotund\u0103 cu sticl\u0103 mineral\u0103.<\/p>\n<p>Cadranul cu m\u00e2ini mici este decorat cu cristale Swarovski \u00een partea central\u0103 \u0219i un model concentric decorativ \u00een relief \u00een zona marcajelor. Marcajele sunt sub form\u0103 de cifre romane.<\/p>\n<p>Coroan\u0103 canelat\u0103. Br\u0103\u021bar\u0103 cu \u00eenchidere bijuterie.<\/p>","protected":false},"excerpt":{"rendered":"<p>Acest ceas fermec\u0103tor va deveni cea mai bun\u0103 decorare a imaginii unei femei. ceas de m\u00e2n\u0103 cu cuar\u021b pentru femei \u00eentr-o carcas\u0103 rotund\u0103 cu sticl\u0103 mineral\u0103. Cadranul cu m\u00e2ini mici este decorat cu cristale Swarovski \u00een partea central\u0103 \u0219i un model concentric decorativ \u00een relief \u00een zona marcajelor. Marcajele sunt sub form\u0103 de cifre romane. [&hellip;]<\/p>\n","protected":false},"featured_media":44432,"comment_status":"closed","ping_status":"open","template":"","meta":{"_acf_changed":false},"product_brand":[],"product_cat":[573,25],"product_tag":[],"class_list":{"0":"post-44431","1":"product","2":"type-product","3":"status-publish","4":"has-post-thumbnail","6":"product_cat-anne-klein","7":"product_cat-ceasuri-dama","8":"pa_brand-anne-klein","9":"pa_braslet-otel-inoxidabil","10":"pa_corpus-30-mm","11":"pa_decor-cristale-swarowski","12":"pa_forma-rotund","13":"pa_garatia-24-luni","14":"pa_korpus-auriu","15":"pa_kvarc-quartz","16":"pa_material-alama","17":"pa_mehanizm-quartz","18":"pa_remeshok-auriu","19":"pa_steklo-cristal-mineral","20":"pa_strana-sua","21":"pa_voda-3-atm","23":"first","24":"instock","25":"purchasable","26":"product-type-simple"},"acf":[],"_links":{"self":[{"href":"https:\/\/ceasuri.md\/ru\/wp-json\/wp\/v2\/product\/44431","targetHints":{"allow":["GET"]}}],"collection":[{"href":"https:\/\/ceasuri.md\/ru\/wp-json\/wp\/v2\/product"}],"about":[{"href":"https:\/\/ceasuri.md\/ru\/wp-json\/wp\/v2\/types\/product"}],"replies":[{"embeddable":true,"href":"https:\/\/ceasuri.md\/ru\/wp-json\/wp\/v2\/comments?post=44431"}],"wp:featuredmedia":[{"embeddable":true,"href":"https:\/\/ceasuri.md\/ru\/wp-json\/wp\/v2\/media\/44432"}],"wp:attachment":[{"href":"https:\/\/ceasuri.md\/ru\/wp-json\/wp\/v2\/media?parent=44431"}],"wp:term":[{"taxonomy":"product_brand","embeddable":true,"href":"https:\/\/ceasuri.md\/ru\/wp-json\/wp\/v2\/product_brand?post=44431"},{"taxonomy":"product_cat","embeddable":true,"href":"https:\/\/ceasuri.md\/ru\/wp-json\/wp\/v2\/product_cat?post=44431"},{"taxonomy":"product_tag","embeddable":true,"href":"https:\/\/ceasuri.md\/ru\/wp-json\/wp\/v2\/product_tag?post=44431"}],"curies":[{"name":"wp","href":"https:\/\/api.w.org\/{rel}","templated":true}]}}