{"id":44423,"date":"2026-04-02T22:23:58","date_gmt":"2026-04-02T19:23:58","guid":{"rendered":"http:\/\/new.ceasuri.md\/shop\/uncategorized\/anne-klein-considered-solar-ak-3844bkgb\/"},"modified":"2026-04-20T00:04:31","modified_gmt":"2026-04-19T21:04:31","slug":"anne-klein-considered-solar-ak-3844bkgb","status":"publish","type":"product","link":"https:\/\/ceasuri.md\/ru\/shop\/branduri\/anne-klein\/anne-klein-considered-solar-ak-3844bkgb\/","title":{"rendered":"\u0427\u0430\u0441\u044b ANNE KLEIN CONSIDERED SOLAR AK\/3844BKGB"},"content":{"rendered":"<p>Ceasul Anne Klein este o combina\u021bie perfect\u0103 de feminitate \u0219i elegan\u021b\u0103. Astfel de ceasuri vor atrage orice fat\u0103.<\/p>\n<p>Multe modele sunt \u00eencrustate cu cristale Swarovski \u0219i diamante, str\u0103lucirea pietrelor uime\u0219te ochiul.<\/p>\n<p>Un sortiment larg va satisface avantajele oric\u0103rei fashioniste. Fie c\u0103 este o femeie de afaceri care apreciaz\u0103 stricte\u021bea, fie o fashionist\u0103 care iube\u0219te accesoriile glamorous.<\/p>\n<p>\u00cen colec\u021biile de ceasuri ale acestui brand fiecare va putea g\u0103si ceva pe placul s\u0103u.<\/p>\n<p>\u00cen produc\u021bia de ceasuri a acestui brand se g\u0103sesc adesea materiale diferite, mai ales ceramic\u0103 multicolor\u0103. Acesta poate fi folosit pentru carcas\u0103, br\u0103\u021bar\u0103 sau \u00eentregul ceas.<\/p>","protected":false},"excerpt":{"rendered":"<p>Ceasul Anne Klein este o combina\u021bie perfect\u0103 de feminitate \u0219i elegan\u021b\u0103. Astfel de ceasuri vor atrage orice fat\u0103. Multe modele sunt \u00eencrustate cu cristale Swarovski \u0219i diamante, str\u0103lucirea pietrelor uime\u0219te ochiul. Un sortiment larg va satisface avantajele oric\u0103rei fashioniste. Fie c\u0103 este o femeie de afaceri care apreciaz\u0103 stricte\u021bea, fie o fashionist\u0103 care iube\u0219te accesoriile [&hellip;]<\/p>\n","protected":false},"featured_media":44424,"comment_status":"closed","ping_status":"open","template":"","meta":{"_acf_changed":false},"product_brand":[],"product_cat":[573,25],"product_tag":[],"class_list":{"0":"post-44423","1":"product","2":"type-product","3":"status-publish","4":"has-post-thumbnail","6":"product_cat-anne-klein","7":"product_cat-ceasuri-dama","8":"pa_brand-anne-klein","9":"pa_braslet-ceramica","10":"pa_braslet-otel-inoxidabil","11":"pa_corpus-33-mm","12":"pa_decor-cristale-swarowski","13":"pa_forma-rotund","14":"pa_garatia-24-luni","15":"pa_korpus-auriu","16":"pa_kvarc-quartz","17":"pa_material-alama","18":"pa_mehanizm-baterie-solara","19":"pa_mehanizm-quartz","20":"pa_remeshok-bicolor","21":"pa_steklo-cristal-mineral","22":"pa_strana-sua","23":"pa_voda-3-atm","25":"first","26":"instock","27":"purchasable","28":"product-type-simple"},"acf":[],"_links":{"self":[{"href":"https:\/\/ceasuri.md\/ru\/wp-json\/wp\/v2\/product\/44423","targetHints":{"allow":["GET"]}}],"collection":[{"href":"https:\/\/ceasuri.md\/ru\/wp-json\/wp\/v2\/product"}],"about":[{"href":"https:\/\/ceasuri.md\/ru\/wp-json\/wp\/v2\/types\/product"}],"replies":[{"embeddable":true,"href":"https:\/\/ceasuri.md\/ru\/wp-json\/wp\/v2\/comments?post=44423"}],"wp:featuredmedia":[{"embeddable":true,"href":"https:\/\/ceasuri.md\/ru\/wp-json\/wp\/v2\/media\/44424"}],"wp:attachment":[{"href":"https:\/\/ceasuri.md\/ru\/wp-json\/wp\/v2\/media?parent=44423"}],"wp:term":[{"taxonomy":"product_brand","embeddable":true,"href":"https:\/\/ceasuri.md\/ru\/wp-json\/wp\/v2\/product_brand?post=44423"},{"taxonomy":"product_cat","embeddable":true,"href":"https:\/\/ceasuri.md\/ru\/wp-json\/wp\/v2\/product_cat?post=44423"},{"taxonomy":"product_tag","embeddable":true,"href":"https:\/\/ceasuri.md\/ru\/wp-json\/wp\/v2\/product_tag?post=44423"}],"curies":[{"name":"wp","href":"https:\/\/api.w.org\/{rel}","templated":true}]}}