{"id":44411,"date":"2026-04-02T22:23:58","date_gmt":"2026-04-02T19:23:58","guid":{"rendered":"http:\/\/new.ceasuri.md\/shop\/uncategorized\/claude-bernard-classic-gents-44-mm-53019-3m-buidn\/"},"modified":"2026-04-20T00:12:25","modified_gmt":"2026-04-19T21:12:25","slug":"claude-bernard-classic-gents-44-mm-53019-3m-buidn","status":"publish","type":"product","link":"https:\/\/ceasuri.md\/ru\/shop\/branduri\/claude-bernard\/claude-bernard-classic-gents-44-mm-53019-3m-buidn\/","title":{"rendered":"\u0427\u0430\u0441\u044b CLAUDE BERNARD CLASSIC GENTS 44 MM 53019-3M-BUIDN"},"content":{"rendered":"<p>\u00cenalta clas\u0103 elve\u021bian\u0103 a ceasurilor nu las\u0103 loc pentru gre\u0219eli \u0219i inexactit\u0103\u021bi, designul clasic v\u0103 va face s\u0103 v\u0103 sim\u021bi\u021bi \u00eencrez\u0103tor \u00een orice situa\u021bie, iar pre\u021bul dovede\u0219te c\u0103 lucrurile bune nu trebuie s\u0103 fie foarte scumpe.<\/p>\n<p>Ceasurile prezentate ating un echilibru bun \u00eentre calitatea elve\u021bian\u0103 \u0219i un pre\u021b pl\u0103cut.<\/p>\n<p>Carcasa \u0219i br\u0103\u021bara sunt realizate din o\u021bel inoxidabil durabil. Dimensiunile carcasei: diametru 44 mm, grosime 10,7 mm.<\/p>\n<p>Cadranul albastru \u00eenchis are: m\u00e2ini pentru ore, minute \u0219i secunde. Indica\u021bii &#8211; markeri. Exist\u0103 o fereastr\u0103 cu data.<\/p>\n<p>De asemenea, un plus al modelului este un cristal de safir.<\/p>\n<p>Rezisten\u021b\u0103 la ap\u0103 50 m.<\/p>","protected":false},"excerpt":{"rendered":"<p>\u00cenalta clas\u0103 elve\u021bian\u0103 a ceasurilor nu las\u0103 loc pentru gre\u0219eli \u0219i inexactit\u0103\u021bi, designul clasic v\u0103 va face s\u0103 v\u0103 sim\u021bi\u021bi \u00eencrez\u0103tor \u00een orice situa\u021bie, iar pre\u021bul dovede\u0219te c\u0103 lucrurile bune nu trebuie s\u0103 fie foarte scumpe. Ceasurile prezentate ating un echilibru bun \u00eentre calitatea elve\u021bian\u0103 \u0219i un pre\u021b pl\u0103cut. Carcasa \u0219i br\u0103\u021bara sunt realizate din [&hellip;]<\/p>\n","protected":false},"featured_media":44412,"comment_status":"closed","ping_status":"open","template":"","meta":{"_acf_changed":false},"product_brand":[],"product_cat":[20,19],"product_tag":[],"class_list":{"0":"post-44411","1":"product","2":"type-product","3":"status-publish","4":"has-post-thumbnail","6":"product_cat-ceasuri-barbati","7":"product_cat-claude-bernard","8":"pa_brand-claude-bernard","9":"pa_braslet-otel-inoxidabil","10":"pa_corpus-44-mm","11":"pa_forma-rotund","12":"pa_funcii-data","13":"pa_garatia-24-luni","14":"pa_korpus-argintiu","15":"pa_kvarc-quartz","16":"pa_material-otel-inoxidabil","17":"pa_mehanizm-quartz","18":"pa_remeshok-argintiu","19":"pa_steklo-cristal-safir","20":"pa_strana-elvetia","21":"pa_voda-5-atm","23":"first","24":"instock","25":"purchasable","26":"product-type-simple"},"acf":[],"_links":{"self":[{"href":"https:\/\/ceasuri.md\/ru\/wp-json\/wp\/v2\/product\/44411","targetHints":{"allow":["GET"]}}],"collection":[{"href":"https:\/\/ceasuri.md\/ru\/wp-json\/wp\/v2\/product"}],"about":[{"href":"https:\/\/ceasuri.md\/ru\/wp-json\/wp\/v2\/types\/product"}],"replies":[{"embeddable":true,"href":"https:\/\/ceasuri.md\/ru\/wp-json\/wp\/v2\/comments?post=44411"}],"wp:featuredmedia":[{"embeddable":true,"href":"https:\/\/ceasuri.md\/ru\/wp-json\/wp\/v2\/media\/44412"}],"wp:attachment":[{"href":"https:\/\/ceasuri.md\/ru\/wp-json\/wp\/v2\/media?parent=44411"}],"wp:term":[{"taxonomy":"product_brand","embeddable":true,"href":"https:\/\/ceasuri.md\/ru\/wp-json\/wp\/v2\/product_brand?post=44411"},{"taxonomy":"product_cat","embeddable":true,"href":"https:\/\/ceasuri.md\/ru\/wp-json\/wp\/v2\/product_cat?post=44411"},{"taxonomy":"product_tag","embeddable":true,"href":"https:\/\/ceasuri.md\/ru\/wp-json\/wp\/v2\/product_tag?post=44411"}],"curies":[{"name":"wp","href":"https:\/\/api.w.org\/{rel}","templated":true}]}}