{"id":44335,"date":"2026-04-02T22:22:51","date_gmt":"2026-04-02T19:22:51","guid":{"rendered":"http:\/\/new.ceasuri.md\/shop\/uncategorized\/anne-klein-ceramic-ak-2952bkgb\/"},"modified":"2026-04-29T03:13:24","modified_gmt":"2026-04-29T00:13:24","slug":"anne-klein-ceramic-ak-2952bkgb","status":"publish","type":"product","link":"https:\/\/ceasuri.md\/ru\/shop\/branduri\/anne-klein\/anne-klein-ceramic-ak-2952bkgb\/","title":{"rendered":"\u0427\u0430\u0441\u044b ANNE KLEIN CERAMIC AK\/2952BKGB"},"content":{"rendered":"<p>Ceas de dam\u0103 Ceramics Anne Klein, SUA.<\/p>\n<p>Carcasa din ceramic\u0103 Cu br\u0103\u021bar\u0103 din ceramic\u0103.<\/p>\n<p>Culoarea cadranului are nuan\u021be de negru, cu atingeri.<\/p>\n<p>Ceas cu cuar\u021b. Sticl\u0103 mineral\u0103.<\/p>\n<p>Designul face din acest ceas de m\u00e2n\u0103 un accesoriu elegant.<\/p>","protected":false},"excerpt":{"rendered":"<p>Ceas de dam\u0103 Ceramics Anne Klein, SUA. Carcasa din ceramic\u0103 Cu br\u0103\u021bar\u0103 din ceramic\u0103. Culoarea cadranului are nuan\u021be de negru, cu atingeri. Ceas cu cuar\u021b. Sticl\u0103 mineral\u0103. Designul face din acest ceas de m\u00e2n\u0103 un accesoriu elegant.<\/p>","protected":false},"featured_media":44336,"comment_status":"closed","ping_status":"open","template":"","meta":{"_acf_changed":false},"product_brand":[],"product_cat":[573,25],"product_tag":[],"class_list":{"0":"post-44335","1":"product","2":"type-product","3":"status-publish","4":"has-post-thumbnail","6":"product_cat-anne-klein","7":"product_cat-ceasuri-dama","8":"pa_brand-anne-klein","9":"pa_braslet-ceramica","10":"pa_corpus-28-mm","11":"pa_forma-dreptunghiular","12":"pa_garatia-24-luni","13":"pa_korpus-auriu","14":"pa_kvarc-quartz","15":"pa_material-alama","16":"pa_mehanizm-quartz","17":"pa_remeshok-negru","18":"pa_steklo-cristal-mineral","19":"pa_strana-sua","20":"pa_voda-3-atm","22":"first","23":"instock","24":"purchasable","25":"product-type-simple"},"acf":[],"_links":{"self":[{"href":"https:\/\/ceasuri.md\/ru\/wp-json\/wp\/v2\/product\/44335","targetHints":{"allow":["GET"]}}],"collection":[{"href":"https:\/\/ceasuri.md\/ru\/wp-json\/wp\/v2\/product"}],"about":[{"href":"https:\/\/ceasuri.md\/ru\/wp-json\/wp\/v2\/types\/product"}],"replies":[{"embeddable":true,"href":"https:\/\/ceasuri.md\/ru\/wp-json\/wp\/v2\/comments?post=44335"}],"wp:featuredmedia":[{"embeddable":true,"href":"https:\/\/ceasuri.md\/ru\/wp-json\/wp\/v2\/media\/44336"}],"wp:attachment":[{"href":"https:\/\/ceasuri.md\/ru\/wp-json\/wp\/v2\/media?parent=44335"}],"wp:term":[{"taxonomy":"product_brand","embeddable":true,"href":"https:\/\/ceasuri.md\/ru\/wp-json\/wp\/v2\/product_brand?post=44335"},{"taxonomy":"product_cat","embeddable":true,"href":"https:\/\/ceasuri.md\/ru\/wp-json\/wp\/v2\/product_cat?post=44335"},{"taxonomy":"product_tag","embeddable":true,"href":"https:\/\/ceasuri.md\/ru\/wp-json\/wp\/v2\/product_tag?post=44335"}],"curies":[{"name":"wp","href":"https:\/\/api.w.org\/{rel}","templated":true}]}}