{"id":44331,"date":"2021-11-30T22:31:00","date_gmt":"2021-11-30T20:31:00","guid":{"rendered":"http:\/\/new.ceasuri.md\/shop\/uncategorized\/anne-klein-metals-ak-2787svtt\/"},"modified":"2026-05-01T16:54:49","modified_gmt":"2026-05-01T13:54:49","slug":"anne-klein-metals-ak-2787svtt","status":"publish","type":"product","link":"https:\/\/ceasuri.md\/ru\/shop\/branduri\/anne-klein\/anne-klein-metals-ak-2787svtt\/","title":{"rendered":"\u0427\u0430\u0441\u044b ANNE KLEIN METALS AK\/2787SVTT"},"content":{"rendered":"<p>Ceasurile pentru femei Anne Klein sunt realizate \u00eentr-un stil clasic elegant \u0219i decorate cu cristale Swarovski.<\/p>\n<p>Ceasurile de m\u00e2n\u0103 ale acestui brand american sunt caracterizate de durabilitatea mi\u0219c\u0103rii cu cuar\u021b \u0219i de fiabilitatea materialelor utilizate pentru carcas\u0103 \u0219i br\u0103\u021bar\u0103.<\/p>\n<p>Cadranul este protejat de o sticl\u0103 mineral\u0103 robust\u0103, iar ceasul \u00een sine este rezistent la ap\u0103 p\u00e2n\u0103 la 30 de metri (ceasul nu poate fi sc\u0103ldat \u00een ap\u0103).<\/p>","protected":false},"excerpt":{"rendered":"<p>Ceasurile pentru femei Anne Klein sunt realizate \u00eentr-un stil clasic elegant \u0219i decorate cu cristale Swarovski. Ceasurile de m\u00e2n\u0103 ale acestui brand american sunt caracterizate de durabilitatea mi\u0219c\u0103rii cu cuar\u021b \u0219i de fiabilitatea materialelor utilizate pentru carcas\u0103 \u0219i br\u0103\u021bar\u0103. Cadranul este protejat de o sticl\u0103 mineral\u0103 robust\u0103, iar ceasul \u00een sine este rezistent la ap\u0103 [&hellip;]<\/p>\n","protected":false},"featured_media":44332,"comment_status":"closed","ping_status":"open","template":"","meta":{"_acf_changed":false},"product_brand":[],"product_cat":[573,25],"product_tag":[],"class_list":{"0":"post-44331","1":"product","2":"type-product","3":"status-publish","4":"has-post-thumbnail","6":"product_cat-anne-klein","7":"product_cat-ceasuri-dama","8":"pa_brand-anne-klein","9":"pa_braslet-otel-inoxidabil","10":"pa_corpus-34-mm","11":"pa_forma-rotund","12":"pa_garatia-24-luni","13":"pa_korpus-auriu","14":"pa_kvarc-quartz","15":"pa_material-alama","16":"pa_mehanizm-quartz","17":"pa_remeshok-bicolor","18":"pa_steklo-cristal-mineral","19":"pa_strana-sua","20":"pa_voda-3-atm","22":"first","23":"instock","24":"purchasable","25":"product-type-simple"},"acf":[],"_links":{"self":[{"href":"https:\/\/ceasuri.md\/ru\/wp-json\/wp\/v2\/product\/44331","targetHints":{"allow":["GET"]}}],"collection":[{"href":"https:\/\/ceasuri.md\/ru\/wp-json\/wp\/v2\/product"}],"about":[{"href":"https:\/\/ceasuri.md\/ru\/wp-json\/wp\/v2\/types\/product"}],"replies":[{"embeddable":true,"href":"https:\/\/ceasuri.md\/ru\/wp-json\/wp\/v2\/comments?post=44331"}],"wp:featuredmedia":[{"embeddable":true,"href":"https:\/\/ceasuri.md\/ru\/wp-json\/wp\/v2\/media\/44332"}],"wp:attachment":[{"href":"https:\/\/ceasuri.md\/ru\/wp-json\/wp\/v2\/media?parent=44331"}],"wp:term":[{"taxonomy":"product_brand","embeddable":true,"href":"https:\/\/ceasuri.md\/ru\/wp-json\/wp\/v2\/product_brand?post=44331"},{"taxonomy":"product_cat","embeddable":true,"href":"https:\/\/ceasuri.md\/ru\/wp-json\/wp\/v2\/product_cat?post=44331"},{"taxonomy":"product_tag","embeddable":true,"href":"https:\/\/ceasuri.md\/ru\/wp-json\/wp\/v2\/product_tag?post=44331"}],"curies":[{"name":"wp","href":"https:\/\/api.w.org\/{rel}","templated":true}]}}