{"id":44327,"date":"2026-04-02T22:22:51","date_gmt":"2026-04-02T19:22:51","guid":{"rendered":"http:\/\/new.ceasuri.md\/shop\/uncategorized\/anne-klein-leather-ak-2707bkbk\/"},"modified":"2026-04-20T00:03:47","modified_gmt":"2026-04-19T21:03:47","slug":"anne-klein-leather-ak-2707bkbk","status":"publish","type":"product","link":"https:\/\/ceasuri.md\/ru\/shop\/branduri\/anne-klein\/anne-klein-leather-ak-2707bkbk\/","title":{"rendered":"\u0427\u0430\u0441\u044b ANNE KLEIN LEATHER AK\/2707BKBK"},"content":{"rendered":"<p>Ceasul de m\u00e2n\u0103 Anne Klein este un accesoriu must-have pentru femeia modern\u0103, fiind o bijuterie elegant\u0103.<\/p>\n<p>Printre numeroasele colec\u021bii, exist\u0103 modele pentru toate gusturile: pentru purtarea de zi cu zi \u0219i pentru stiluri sportive, dar \u0219i pentru serate; cu suprafe\u021be din o\u021bel periat \u0219i ceramic\u0103 colorat\u0103, cu cadrane din perl\u0103 natural\u0103, cu pietre, de la cristale Swarovski la diamante. Iar \u00een interiorul carcaselor se afl\u0103 mecanisme de cuar\u021b Miyota sau Ronda de \u00eenalt\u0103 calitate.<\/p>","protected":false},"excerpt":{"rendered":"<p>Ceasul de m\u00e2n\u0103 Anne Klein este un accesoriu must-have pentru femeia modern\u0103, fiind o bijuterie elegant\u0103. Printre numeroasele colec\u021bii, exist\u0103 modele pentru toate gusturile: pentru purtarea de zi cu zi \u0219i pentru stiluri sportive, dar \u0219i pentru serate; cu suprafe\u021be din o\u021bel periat \u0219i ceramic\u0103 colorat\u0103, cu cadrane din perl\u0103 natural\u0103, cu pietre, de la [&hellip;]<\/p>\n","protected":false},"featured_media":44328,"comment_status":"closed","ping_status":"open","template":"","meta":{"_acf_changed":false},"product_brand":[],"product_cat":[573,25],"product_tag":[],"class_list":{"0":"post-44327","1":"product","2":"type-product","3":"status-publish","4":"has-post-thumbnail","6":"product_cat-anne-klein","7":"product_cat-ceasuri-dama","8":"pa_brand-anne-klein","9":"pa_braslet-piele","10":"pa_corpus-28-mm","11":"pa_forma-dreptunghiular","12":"pa_garatia-24-luni","13":"pa_korpus-argintiu","14":"pa_kvarc-quartz","15":"pa_material-alama","16":"pa_mehanizm-quartz","17":"pa_remeshok-negru","18":"pa_steklo-cristal-mineral","19":"pa_strana-sua","20":"pa_voda-3-atm","22":"first","23":"instock","24":"purchasable","25":"product-type-simple"},"acf":[],"_links":{"self":[{"href":"https:\/\/ceasuri.md\/ru\/wp-json\/wp\/v2\/product\/44327","targetHints":{"allow":["GET"]}}],"collection":[{"href":"https:\/\/ceasuri.md\/ru\/wp-json\/wp\/v2\/product"}],"about":[{"href":"https:\/\/ceasuri.md\/ru\/wp-json\/wp\/v2\/types\/product"}],"replies":[{"embeddable":true,"href":"https:\/\/ceasuri.md\/ru\/wp-json\/wp\/v2\/comments?post=44327"}],"wp:featuredmedia":[{"embeddable":true,"href":"https:\/\/ceasuri.md\/ru\/wp-json\/wp\/v2\/media\/44328"}],"wp:attachment":[{"href":"https:\/\/ceasuri.md\/ru\/wp-json\/wp\/v2\/media?parent=44327"}],"wp:term":[{"taxonomy":"product_brand","embeddable":true,"href":"https:\/\/ceasuri.md\/ru\/wp-json\/wp\/v2\/product_brand?post=44327"},{"taxonomy":"product_cat","embeddable":true,"href":"https:\/\/ceasuri.md\/ru\/wp-json\/wp\/v2\/product_cat?post=44327"},{"taxonomy":"product_tag","embeddable":true,"href":"https:\/\/ceasuri.md\/ru\/wp-json\/wp\/v2\/product_tag?post=44327"}],"curies":[{"name":"wp","href":"https:\/\/api.w.org\/{rel}","templated":true}]}}