{"id":44289,"date":"2021-11-30T22:31:00","date_gmt":"2021-11-30T20:31:00","guid":{"rendered":"http:\/\/new.ceasuri.md\/shop\/uncategorized\/anne-klein-diamond-ak-1980byrg\/"},"modified":"2026-05-01T16:54:33","modified_gmt":"2026-05-01T13:54:33","slug":"anne-klein-diamond-ak-1980byrg","status":"publish","type":"product","link":"https:\/\/ceasuri.md\/ru\/shop\/branduri\/anne-klein\/anne-klein-diamond-ak-1980byrg\/","title":{"rendered":"\u0427\u0430\u0441\u044b ANNE KLEIN DIAMOND AK\/1980BYRG"},"content":{"rendered":"<p>Un ceas de lux, cu un design minimalist, care va captiva prin coloritul s\u0103u elegant ce completeaz\u0103 perfect stilul dumneavoastr\u0103 contemporan.<\/p>\n<p>Ceas de dam\u0103 cu carcas\u0103 rotund\u0103. Cadran din nuc\u0103 de perle cu indicatoare de bord. Diamant la reperul de la ora 12.<\/p>\n<p>Br\u0103\u021bar\u0103 cu \u00eenchidere bijuterie.<\/p>","protected":false},"excerpt":{"rendered":"<p>Un ceas de lux, cu un design minimalist, care va captiva prin coloritul s\u0103u elegant ce completeaz\u0103 perfect stilul dumneavoastr\u0103 contemporan. Ceas de dam\u0103 cu carcas\u0103 rotund\u0103. Cadran din nuc\u0103 de perle cu indicatoare de bord. Diamant la reperul de la ora 12. Br\u0103\u021bar\u0103 cu \u00eenchidere bijuterie.<\/p>","protected":false},"featured_media":44290,"comment_status":"closed","ping_status":"open","template":"","meta":{"_acf_changed":false},"product_brand":[],"product_cat":[573,25],"product_tag":[],"class_list":{"0":"post-44289","1":"product","2":"type-product","3":"status-publish","4":"has-post-thumbnail","6":"product_cat-anne-klein","7":"product_cat-ceasuri-dama","8":"pa_brand-anne-klein","9":"pa_braslet-otel-inoxidabil","10":"pa_corpus-28-mm","11":"pa_decor-diamante","12":"pa_forma-rotund","13":"pa_garatia-24-luni","14":"pa_korpus-roz-gold","15":"pa_kvarc-quartz","16":"pa_material-alama","17":"pa_mehanizm-quartz","18":"pa_remeshok-bicolor","19":"pa_steklo-cristal-mineral","20":"pa_strana-sua","21":"pa_voda-3-atm","23":"first","24":"instock","25":"purchasable","26":"product-type-simple"},"acf":[],"_links":{"self":[{"href":"https:\/\/ceasuri.md\/ru\/wp-json\/wp\/v2\/product\/44289","targetHints":{"allow":["GET"]}}],"collection":[{"href":"https:\/\/ceasuri.md\/ru\/wp-json\/wp\/v2\/product"}],"about":[{"href":"https:\/\/ceasuri.md\/ru\/wp-json\/wp\/v2\/types\/product"}],"replies":[{"embeddable":true,"href":"https:\/\/ceasuri.md\/ru\/wp-json\/wp\/v2\/comments?post=44289"}],"wp:featuredmedia":[{"embeddable":true,"href":"https:\/\/ceasuri.md\/ru\/wp-json\/wp\/v2\/media\/44290"}],"wp:attachment":[{"href":"https:\/\/ceasuri.md\/ru\/wp-json\/wp\/v2\/media?parent=44289"}],"wp:term":[{"taxonomy":"product_brand","embeddable":true,"href":"https:\/\/ceasuri.md\/ru\/wp-json\/wp\/v2\/product_brand?post=44289"},{"taxonomy":"product_cat","embeddable":true,"href":"https:\/\/ceasuri.md\/ru\/wp-json\/wp\/v2\/product_cat?post=44289"},{"taxonomy":"product_tag","embeddable":true,"href":"https:\/\/ceasuri.md\/ru\/wp-json\/wp\/v2\/product_tag?post=44289"}],"curies":[{"name":"wp","href":"https:\/\/api.w.org\/{rel}","templated":true}]}}