{"id":44274,"date":"2021-11-30T22:31:00","date_gmt":"2021-11-30T20:31:00","guid":{"rendered":"http:\/\/new.ceasuri.md\/shop\/uncategorized\/anne-klein-diamond-ak-1363nvtt\/"},"modified":"2026-05-01T16:54:28","modified_gmt":"2026-05-01T13:54:28","slug":"anne-klein-diamond-ak-1363nvtt","status":"publish","type":"product","link":"https:\/\/ceasuri.md\/ru\/shop\/branduri\/anne-klein\/anne-klein-diamond-ak-1363nvtt\/","title":{"rendered":"\u0427\u0430\u0441\u044b ANNE KLEIN DIAMOND AK\/1363NVTT"},"content":{"rendered":"<p>Acest ceas de dam\u0103 este o alegere excelent\u0103 pentru fetele c\u0103rora le plac solu\u021biile neconven\u021bionale.<\/p>\n<p>Br\u0103\u021bara, realizat\u0103 \u00eentr-o combina\u021bie de metal alb \u0219i galben, completeaz\u0103 cu succes culoarea albastr\u0103 a cadranului. Un adaos spectaculos &#8211; un diamant pe cadran.<\/p>\n<p>\u00cenchiderea convenabil\u0103 a br\u0103\u021b\u0103rii v\u0103 permite s\u0103 ajusta\u021bi volumul acesteia la dimensiunea \u00eencheieturii m\u00e2inii dvs. Mi\u0219care japonez\u0103 cu cuar\u021b.<\/p>","protected":false},"excerpt":{"rendered":"<p>Acest ceas de dam\u0103 este o alegere excelent\u0103 pentru fetele c\u0103rora le plac solu\u021biile neconven\u021bionale. Br\u0103\u021bara, realizat\u0103 \u00eentr-o combina\u021bie de metal alb \u0219i galben, completeaz\u0103 cu succes culoarea albastr\u0103 a cadranului. Un adaos spectaculos &#8211; un diamant pe cadran. \u00cenchiderea convenabil\u0103 a br\u0103\u021b\u0103rii v\u0103 permite s\u0103 ajusta\u021bi volumul acesteia la dimensiunea \u00eencheieturii m\u00e2inii dvs. Mi\u0219care [&hellip;]<\/p>\n","protected":false},"featured_media":44275,"comment_status":"closed","ping_status":"open","template":"","meta":{"_acf_changed":false},"product_brand":[],"product_cat":[573,25],"product_tag":[],"class_list":{"0":"post-44274","1":"product","2":"type-product","3":"status-publish","4":"has-post-thumbnail","6":"product_cat-anne-klein","7":"product_cat-ceasuri-dama","8":"pa_brand-anne-klein","9":"pa_braslet-otel-inoxidabil","10":"pa_corpus-32-mm","11":"pa_decor-diamante","12":"pa_forma-rotund","13":"pa_garatia-24-luni","14":"pa_korpus-argintiu","15":"pa_kvarc-quartz","16":"pa_material-alama","17":"pa_mehanizm-quartz","18":"pa_remeshok-bicolor","19":"pa_steklo-cristal-mineral","20":"pa_strana-sua","21":"pa_voda-3-atm","23":"first","24":"instock","25":"purchasable","26":"product-type-simple"},"acf":[],"_links":{"self":[{"href":"https:\/\/ceasuri.md\/ru\/wp-json\/wp\/v2\/product\/44274","targetHints":{"allow":["GET"]}}],"collection":[{"href":"https:\/\/ceasuri.md\/ru\/wp-json\/wp\/v2\/product"}],"about":[{"href":"https:\/\/ceasuri.md\/ru\/wp-json\/wp\/v2\/types\/product"}],"replies":[{"embeddable":true,"href":"https:\/\/ceasuri.md\/ru\/wp-json\/wp\/v2\/comments?post=44274"}],"wp:featuredmedia":[{"embeddable":true,"href":"https:\/\/ceasuri.md\/ru\/wp-json\/wp\/v2\/media\/44275"}],"wp:attachment":[{"href":"https:\/\/ceasuri.md\/ru\/wp-json\/wp\/v2\/media?parent=44274"}],"wp:term":[{"taxonomy":"product_brand","embeddable":true,"href":"https:\/\/ceasuri.md\/ru\/wp-json\/wp\/v2\/product_brand?post=44274"},{"taxonomy":"product_cat","embeddable":true,"href":"https:\/\/ceasuri.md\/ru\/wp-json\/wp\/v2\/product_cat?post=44274"},{"taxonomy":"product_tag","embeddable":true,"href":"https:\/\/ceasuri.md\/ru\/wp-json\/wp\/v2\/product_tag?post=44274"}],"curies":[{"name":"wp","href":"https:\/\/api.w.org\/{rel}","templated":true}]}}