{"id":44270,"date":"2026-04-02T22:21:48","date_gmt":"2026-04-02T19:21:48","guid":{"rendered":"http:\/\/new.ceasuri.md\/shop\/uncategorized\/anne-klein-diamond-ak-1363gntt\/"},"modified":"2026-04-20T00:03:13","modified_gmt":"2026-04-19T21:03:13","slug":"anne-klein-diamond-ak-1363gntt","status":"publish","type":"product","link":"https:\/\/ceasuri.md\/ru\/shop\/branduri\/anne-klein\/anne-klein-diamond-ak-1363gntt\/","title":{"rendered":"\u0427\u0430\u0441\u044b ANNE KLEIN  DIAMOND AK\/1363GNTT"},"content":{"rendered":"<p>Un ceas magnific pentru doamnele frumoase care prefer\u0103 un design discret \u0219i linii \u00eengrijite.<\/p>\n<p>Cadran verde cu un diamant. Carcas\u0103 rotund\u0103. Cadranul este realizat prin tehnologia Sunray.<\/p>\n<p>Br\u0103\u021bar\u0103 metalic\u0103.<\/p>","protected":false},"excerpt":{"rendered":"<p>Un ceas magnific pentru doamnele frumoase care prefer\u0103 un design discret \u0219i linii \u00eengrijite. Cadran verde cu un diamant. Carcas\u0103 rotund\u0103. Cadranul este realizat prin tehnologia Sunray. Br\u0103\u021bar\u0103 metalic\u0103.<\/p>","protected":false},"featured_media":44271,"comment_status":"closed","ping_status":"open","template":"","meta":{"_acf_changed":false},"product_brand":[],"product_cat":[573,25],"product_tag":[],"class_list":{"0":"post-44270","1":"product","2":"type-product","3":"status-publish","4":"has-post-thumbnail","6":"product_cat-anne-klein","7":"product_cat-ceasuri-dama","8":"pa_brand-anne-klein","9":"pa_braslet-otel-inoxidabil","10":"pa_corpus-32-mm","11":"pa_decor-diamante","12":"pa_forma-rotund","13":"pa_garatia-24-luni","14":"pa_korpus-argintiu","15":"pa_kvarc-quartz","16":"pa_material-alama","17":"pa_mehanizm-quartz","18":"pa_remeshok-bicolor","19":"pa_steklo-cristal-mineral","20":"pa_strana-sua","21":"pa_voda-3-atm","23":"first","24":"instock","25":"purchasable","26":"product-type-simple"},"acf":[],"_links":{"self":[{"href":"https:\/\/ceasuri.md\/ru\/wp-json\/wp\/v2\/product\/44270","targetHints":{"allow":["GET"]}}],"collection":[{"href":"https:\/\/ceasuri.md\/ru\/wp-json\/wp\/v2\/product"}],"about":[{"href":"https:\/\/ceasuri.md\/ru\/wp-json\/wp\/v2\/types\/product"}],"replies":[{"embeddable":true,"href":"https:\/\/ceasuri.md\/ru\/wp-json\/wp\/v2\/comments?post=44270"}],"wp:featuredmedia":[{"embeddable":true,"href":"https:\/\/ceasuri.md\/ru\/wp-json\/wp\/v2\/media\/44271"}],"wp:attachment":[{"href":"https:\/\/ceasuri.md\/ru\/wp-json\/wp\/v2\/media?parent=44270"}],"wp:term":[{"taxonomy":"product_brand","embeddable":true,"href":"https:\/\/ceasuri.md\/ru\/wp-json\/wp\/v2\/product_brand?post=44270"},{"taxonomy":"product_cat","embeddable":true,"href":"https:\/\/ceasuri.md\/ru\/wp-json\/wp\/v2\/product_cat?post=44270"},{"taxonomy":"product_tag","embeddable":true,"href":"https:\/\/ceasuri.md\/ru\/wp-json\/wp\/v2\/product_tag?post=44270"}],"curies":[{"name":"wp","href":"https:\/\/api.w.org\/{rel}","templated":true}]}}